{"id":246,"date":"2018-12-25T02:41:21","date_gmt":"2018-12-25T02:41:21","guid":{"rendered":"https:\/\/demo.casethemes.net\/lawsight\/?page_id=246"},"modified":"2022-05-15T11:17:10","modified_gmt":"2022-05-15T11:17:10","slug":"hakkimizda","status":"publish","type":"page","link":"https:\/\/yorumezsagir.com\/de\/wir-uber-uns\/","title":{"rendered":"Wir \u00fcber uns"},"content":{"rendered":"<div data-vc-full-width=\"true\" data-vc-full-width-init=\"false\" data-vc-stretch-content=\"true\" class=\"vc_row wpb_row vc_row-fluid vc_custom_1640343218136 vc_row-no-padding vc_row-o-content-middle vc_row-flex bg-image-ps-inherit\"><div class=\"wpb_column vc_column_container vc_col-sm-12 vc_col-lg-6 vc_col-md-6 rm-padding-lg col-offset-left\"><div class=\"vc_column-inner vc_custom_1551625642296\"><div class=\"wpb_wrapper\"><div id=\"ct-heading\" class=\"ct-heading  style1 align-left align-left-md align-left-sm align-left-xs\">\n    \n            <style type=\"text\/css\">\n            @media (min-width: 768px) and (max-width: 991px) {\n                #ct-heading .ct-heading-tag {\n                                            font-size: 24px !important;\n                                                        }\n            }\n        <\/style>\n    \n            <style type=\"text\/css\">\n            @media screen and (max-width: 767px) {\n                #ct-heading .ct-heading-tag {\n                                            font-size: 24px !important;\n                                                        }\n            }\n        <\/style>\n                <div class=\"ct-heading-sub\" >\n            <span ><\/span>\n            Anwaltskanzlei Y&amp;S        <\/div>\n            <h3 class=\"ct-heading-tag\" style=\"margin-bottom:0px; \">\n                                    Durch spezialisiertes Fachwissen und kreatives Rechtsverst\u00e4ndnis manifestieren wir die Qualit\u00e4tsstandards <cite>stets auf h\u00f6chstem<\/cite> Niveau.                        <\/h3>\n            <div class=\"h-gap\">\n            <span>\n                <i ><\/i>\n                <i ><\/i>\n                <i ><\/i>\n                <i ><\/i>\n            <\/span>\n        <\/div>\n        <\/div>\n\t<div class=\"wpb_text_column wpb_content_element  vc_custom_1640341500866 text-block1\" >\n\t\t<div class=\"wpb_wrapper\">\n\t\t\t<p>Die Y&amp;S Anwaltskanzlei, gegr\u00fcndet von RA. Ege Y\u00f6r\u00fcmez und RA. Mehmet Adnan Sagir, ist derzeit mit unserem erfahrenem Team in Izmir und Istanbul sowie auch in der ganzen T\u00fcrkei und auf der Internationalen Ebene vertreten.<\/p>\n<p>Wir bieten Ihnen, insbesondere durch unserem kompetenten und innovativen Team,  spezialisiertes Fachwissen, kreatives Rechtsverst\u00e4ndnis, den Willen um die Qualit\u00e4tsstandards stets auf h\u00f6chstem Niveau zu manifestieren und hochqualitative Rechtsberatung in unseren Schwerpunktsbereichen. \n\nAuf der Basis eines pers\u00f6nlichen Vertrauensverh\u00e4ltnisses bieten wir lokalen und internationalen Unternehmen sowie Privatmandanten Rechtsberatung auf Deutsch, Englisch und T\u00fcrkisch.<\/p>\n\n\t\t<\/div>\n\t<\/div>\n<\/div><\/div><\/div><div class=\"wpb_animate_when_almost_visible wpb_fadeInRight fadeInRight wpb_column vc_column_container vc_col-sm-12 vc_col-lg-6 vc_col-md-6 rm-padding-lg\"><div class=\"vc_column-inner vc_custom_1551949279230\"><div class=\"wpb_wrapper\"><div id=\"ct-box-bg-69f1820b9be27\" class=\"ct-box-bg bg-image\" style=\"background-image: url(https:\/\/yorumezsagir.com\/wp-content\/uploads\/2021\/12\/negotiations-about-contract-terms-concept-hand-pointing-document-closeup-scaled.jpg);\">\n    <style type=\"text\/css\">\n                    @media screen and (min-width: 768px) {\n                #ct-box-bg-69f1820b9be27 {\n                    height: 580px;\n                }\n            }\n        \n                    @media screen and (max-width: 767px) {\n                #ct-box-bg-69f1820b9be27 {\n                    height: 350px;\n                }\n            }\n            <\/style>\n    <\/div><\/div><\/div><\/div><\/div><div class=\"vc_row-full-width vc_clearfix\"><\/div><div class=\"vc_row wpb_row vc_row-fluid bg-image-ps-inherit\"><div class=\"wpb_column vc_column_container vc_col-sm-12\"><div class=\"vc_column-inner vc_custom_1640341313067\"><div class=\"wpb_wrapper\">    <div id=\"ct-process\" class=\"ct-process-layout1   wpb_animate_when_almost_visible wpb_bounceInDown bounceInDown\">\n                    <div class=\"ct-process-item process-1\">\n                                    <div class=\"ct-process-year sub-title\" style=\"\">\n                        1                    <\/div>\n                                                    <h3 class=\"ct-process-title\" style=\"\">\n                        Feststellung                    <\/h3>\n                                                    <div class=\"ct-process-desc\" style=\"\">\n                        Ermittlung der aktuellen oder potenziellen Probleme unserer Kunden entsprechend ihrer Unternehmensorganisation oder der Branche, in der sie t\u00e4tig sind.                    <\/div>\n                            <\/div>\n                    <div class=\"ct-process-item process-2\">\n                                    <div class=\"ct-process-year sub-title\" style=\"\">\n                        2                    <\/div>\n                                                    <h3 class=\"ct-process-title\" style=\"\">\n                        Planung                    <\/h3>\n                                                    <div class=\"ct-process-desc\" style=\"\">\n                        Planung und Pr\u00e4sentation mandantspezifischer L\u00f6sungen unter Ber\u00fccksichtigung unterschiedlicher Bed\u00fcrfnisse.                    <\/div>\n                            <\/div>\n                    <div class=\"ct-process-item process-3\">\n                                    <div class=\"ct-process-year sub-title\" style=\"\">\n                        3                    <\/div>\n                                                    <h3 class=\"ct-process-title\" style=\"\">\n                        L\u00f6sung                    <\/h3>\n                                                    <div class=\"ct-process-desc\" style=\"\">\n                        Schnelle und effektive Umsetzung des vereinbarten Plans durch Ber\u00fccksichtigung alternativer L\u00f6sungen und der Interessen des Auftraggebers.                    <\/div>\n                            <\/div>\n            <\/div>\n<\/div><\/div><\/div><\/div><div data-vc-full-width=\"true\" data-vc-full-width-init=\"false\" class=\"vc_row wpb_row vc_row-fluid vc_custom_1551751369013 vc_row-has-fill row-visible bg-image-ps-inherit\"><div class=\"wpb_column vc_column_container vc_col-sm-12\"><div class=\"vc_column-inner\"><div class=\"wpb_wrapper\"><div class=\"vc_row wpb_row vc_inner vc_row-fluid\"><div class=\"wpb_column vc_column_container vc_col-sm-3\"><div class=\"vc_column-inner vc_custom_1551751394707\"><div class=\"wpb_wrapper\"><\/div><\/div><\/div><div class=\"wpb_column vc_column_container vc_col-sm-6\"><div class=\"vc_column-inner vc_custom_1640342763779\"><div class=\"wpb_wrapper\"><div id=\"ct-heading-2\" class=\"ct-heading  style1 align-center align-center-md align-center-sm align-center-xs\">\n    \n            <style type=\"text\/css\">\n            @media (min-width: 768px) and (max-width: 991px) {\n                #ct-heading-2 .ct-heading-tag {\n                                            font-size: 24px !important;\n                                                        }\n            }\n        <\/style>\n    \n            <style type=\"text\/css\">\n            @media screen and (max-width: 767px) {\n                #ct-heading-2 .ct-heading-tag {\n                                            font-size: 24px !important;\n                                                        }\n            }\n        <\/style>\n                <div class=\"ct-heading-sub\" >\n            <span ><\/span>\n            Anwaltskanzlei Y&amp;S        <\/div>\n            <h3 class=\"ct-heading-tag\" style=\"margin-bottom:0px;color:#ffffff; \">\n                                    Gr\u00fcndungspartner                        <\/h3>\n            <div class=\"h-gap\">\n            <span>\n                <i ><\/i>\n                <i ><\/i>\n                <i ><\/i>\n                <i ><\/i>\n            <\/span>\n        <\/div>\n        <\/div><\/div><\/div><\/div><div class=\"wpb_column vc_column_container vc_col-sm-3\"><div class=\"vc_column-inner\"><div class=\"wpb_wrapper\"><\/div><\/div><\/div><\/div><div class=\"vc_row wpb_row vc_inner vc_row-fluid\"><div class=\"wpb_column vc_column_container vc_col-sm-3\"><div class=\"vc_column-inner vc_custom_1551754216729\"><div class=\"wpb_wrapper\"><\/div><\/div><\/div><div class=\"wpb_column vc_column_container vc_col-sm-6\"><div class=\"vc_column-inner\"><div class=\"wpb_wrapper\"><div class=\"ct-team-carousel-wrap\">\n    <div id=\"ct-team-carousel\" class=\"ct-team-carousel-layout1 owl-carousel nav-middle\" data-item-xs=\"2\" data-item-sm=\"2\" data-item-md=\"2\" data-item-lg=\"2\" data-item-xl=\"2\" data-margin=\"30\" data-loop=\"false\" data-autoplay=\"false\" data-autoplaytimeout=\"5000\" data-smartspeed=\"250\" data-center=\"false\" data-arrows=\"false\" data-bullets=\"false\" data-stagepadding=\"0\" data-stagepadding-xl=\"0\" data-stagepadding-lg=\"0\" data-rtl=\"false\" >\n                    <div class=\"ct-team-item\">\n                <div class=\"ct-team-item-inner\">\n                                            <div class=\"team-featured\">\n                            <a href=\"\" target=\"\"><img loading=\"lazy\" decoding=\"async\" class=\"\" src=\"https:\/\/yorumezsagir.com\/wp-content\/uploads\/2021\/10\/15521.jpg\" width=\"229\" height=\"345\" alt=\"15521\" title=\"15521\" \/><\/a>\n                        <\/div>\n                                        <div class=\"team-holder\">\n                        <div class=\"ct-team-holder-inner\">\n                            <h3 class=\"team-title\">\n                                <a href=\"\" target=\"\">Av. Ege Y\u00f6r\u00fcmez<\/a>\n                            <\/h3>\n                            <span class=\"team-position\">\n                                Mitbegr\u00fcnder                            <\/span>\n                            <div class=\"team-info\">\n                                <div class=\"team-info-inner\">\n                                    <div class=\"team-heading\">\n                                        Kontakt                                    <\/div>\n                                    <div class=\"team-social\">\n                                                                                    <a href=\"mailto:ege.yorumez@yorumezsagir.com\" target=\"_blank\"><i class=\"far fa-envelope\"><\/i><\/a>\n                                                                                    <a href=\"\" target=\"_blank\"><i class=\"fab fa-linkedin-in\"><\/i><\/a>\n                                                                                    <a href=\"https:\/\/www.izmirbarosu.org.tr\/AvukatDetay.aspx?sicil=15521\" target=\"_blank\"><i class=\"fas fa-balance-scale\"><\/i><\/a>\n                                                                            <\/div>\n                                <\/div>\n                            <\/div>\n                        <\/div>\n                    <\/div>\n                <\/div>\n            <\/div>\n                    <div class=\"ct-team-item\">\n                <div class=\"ct-team-item-inner\">\n                                            <div class=\"team-featured\">\n                            <a href=\"\" target=\"\"><img loading=\"lazy\" decoding=\"async\" class=\"\" src=\"https:\/\/yorumezsagir.com\/wp-content\/uploads\/2021\/10\/16016.jpg\" width=\"210\" height=\"319\" alt=\"16016\" title=\"16016\" \/><\/a>\n                        <\/div>\n                                        <div class=\"team-holder\">\n                        <div class=\"ct-team-holder-inner\">\n                            <h3 class=\"team-title\">\n                                <a href=\"\" target=\"\">Av. Mehmet Adnan Sa\u011f\u0131r<\/a>\n                            <\/h3>\n                            <span class=\"team-position\">\n                                Mitbegr\u00fcnder                            <\/span>\n                            <div class=\"team-info\">\n                                <div class=\"team-info-inner\">\n                                    <div class=\"team-heading\">\n                                        Kontakt                                    <\/div>\n                                    <div class=\"team-social\">\n                                                                                    <a href=\"mailto:adnan.sagir@yorumezsagir.com\" target=\"_blank\"><i class=\"far fa-envelope\"><\/i><\/a>\n                                                                                    <a href=\"#\" target=\"_blank\"><i class=\"fab fa-linkedin-in\"><\/i><\/a>\n                                                                                    <a href=\"https:\/\/www.izmirbarosu.org.tr\/AvukatDetay.aspx?sicil=16016\" target=\"_blank\"><i class=\"fas fa-balance-scale\"><\/i><\/a>\n                                                                            <\/div>\n                                <\/div>\n                            <\/div>\n                        <\/div>\n                    <\/div>\n                <\/div>\n            <\/div>\n            <\/div>\n<\/div>\n<\/div><\/div><\/div><div class=\"wpb_column vc_column_container vc_col-sm-3\"><div class=\"vc_column-inner\"><div class=\"wpb_wrapper\"><\/div><\/div><\/div><\/div><\/div><\/div><\/div><\/div><div class=\"vc_row-full-width vc_clearfix\"><\/div><div class=\"vc_row wpb_row vc_row-fluid bg-image-ps-inherit\"><div class=\"wpb_column vc_column_container vc_col-sm-12\"><div class=\"vc_column-inner vc_custom_1640342823708\"><div class=\"wpb_wrapper\"><div class=\"vc_row wpb_row vc_inner vc_row-fluid\"><div class=\"wpb_column vc_column_container vc_col-sm-6 vc_col-lg-3 vc_col-md-3 wpb_animate_when_almost_visible wpb_fadeInUp fadeInUp\"><div class=\"vc_column-inner vc_custom_1551755378373\"><div class=\"wpb_wrapper\"><div id=\"ct-counter\" class=\"ct-counter ct-counter-default col-same-height style1\">\n\n    <div class=\"ct-counter-inner\">\n        <div class=\"ct-counter-holder\">\n                                                <div class=\"ct-counter-icon\">\n                        <i class=\"fas fa-globe-africa colored\" style=\"color:#ffffff;\"><\/i>\n                    <\/div>\n                                        <span id=\"ct-counter-digit\" class=\"ct-counter-digit\" data-grouping=\"0\" data-separator=\"\" data-digit=\"4\" data-prefix=\"\" data-suffix=\"\" style=\"\"><\/span>\n                            <h3 class=\"ct-counter-title\" style=\"\">\n                    verschiedene Sprachen                <\/h3>\n                    <\/div>\n    <\/div>\n<\/div><\/div><\/div><\/div><div class=\"wpb_column vc_column_container vc_col-sm-6 vc_col-lg-3 vc_col-md-3 wpb_animate_when_almost_visible wpb_fadeInUp fadeInUp\"><div class=\"vc_column-inner vc_custom_1551755386933\"><div class=\"wpb_wrapper\"><div id=\"ct-counter-2\" class=\"ct-counter ct-counter-default col-same-height style2\">\n\n    <div class=\"ct-counter-inner\">\n        <div class=\"ct-counter-holder\">\n                                                <div class=\"ct-counter-icon\">\n                        <i class=\"fas fa-flag colored\" style=\"color:#ffffff;\"><\/i>\n                    <\/div>\n                                        <span id=\"ct-counter-2-digit\" class=\"ct-counter-digit\" data-grouping=\"0\" data-separator=\"\" data-digit=\"11\" data-prefix=\"\" data-suffix=\"\" style=\"\"><\/span>\n                            <h3 class=\"ct-counter-title\" style=\"\">\n                    verschiedene L\u00e4nder                <\/h3>\n                    <\/div>\n    <\/div>\n<\/div><\/div><\/div><\/div><div class=\"wpb_column vc_column_container vc_col-sm-6 vc_col-lg-3 vc_col-md-3 wpb_animate_when_almost_visible wpb_fadeInUp fadeInUp\"><div class=\"vc_column-inner vc_custom_1551755404431\"><div class=\"wpb_wrapper\"><div id=\"ct-counter-3\" class=\"ct-counter ct-counter-default col-same-height style1\">\n\n    <div class=\"ct-counter-inner\">\n        <div class=\"ct-counter-holder\">\n                                                <div class=\"ct-counter-icon\">\n                        <i class=\"fas fa-plane colored\" style=\"color:#ffffff;\"><\/i>\n                    <\/div>\n                                        <span id=\"ct-counter-3-digit\" class=\"ct-counter-digit\" data-grouping=\"0\" data-separator=\"\" data-digit=\"3\" data-prefix=\"\" data-suffix=\"\" style=\"\"><\/span>\n                            <h3 class=\"ct-counter-title\" style=\"\">\n                    Internationale Kooperationen                <\/h3>\n                    <\/div>\n    <\/div>\n<\/div><\/div><\/div><\/div><div class=\"wpb_column vc_column_container vc_col-sm-6 vc_col-lg-3 vc_col-md-3 wpb_animate_when_almost_visible wpb_fadeInUp fadeInUp\"><div class=\"vc_column-inner vc_custom_1551755396229\"><div class=\"wpb_wrapper\"><div id=\"ct-counter-4\" class=\"ct-counter ct-counter-default col-same-height style2\">\n\n    <div class=\"ct-counter-inner\">\n        <div class=\"ct-counter-holder\">\n                                                <div class=\"ct-counter-icon\">\n                        <i class=\"fas fa-gavel colored\" style=\"color:#ffffff;\"><\/i>\n                    <\/div>\n                                        <span id=\"ct-counter-4-digit\" class=\"ct-counter-digit\" data-grouping=\"0\" data-separator=\"\" data-digit=\"14\" data-prefix=\"\" data-suffix=\"\" style=\"\"><\/span>\n                            <h3 class=\"ct-counter-title\" style=\"\">\n                    Rechtsbereiche                <\/h3>\n                    <\/div>\n    <\/div>\n<\/div><\/div><\/div><\/div><\/div><\/div><\/div><\/div><\/div>","protected":false},"excerpt":{"rendered":"Y&amp;S Hukuk ve Dan\u0131\u015fmanl\u0131k B\u00fcrosu Yarat\u0131c\u0131 hukuk anlay\u0131\u015f\u0131 ve mesle\u011fini sanatsal seviyeye ta\u015f\u0131ma yakla\u015f\u0131m\u0131 ile kalite standartlar\u0131n\u0131 en \u00fcst d\u00fczeye ta\u015f\u0131yoruz. Avukat Ege Y\u00d6R\u00dcMEZ ve Avukat Mehmet Adnan SA\u011eIR taraf\u0131ndan kurulmu\u015f olan Y&amp;S Hukuk ve Dan\u0131\u015fmanl\u0131k B\u00fcrosu, ba\u015fta\u00a0 \u0130zmir ve \u0130stanbul olmak \u00fczere t\u00fcm T\u00fcrkiye'de ve Uluslararas\u0131 alanda, dinamik ekibi ile faaliyet g\u00f6stermektedir. Yarat\u0131c\u0131 hukuk [...]","protected":false},"author":1,"featured_media":0,"parent":0,"menu_order":0,"comment_status":"closed","ping_status":"closed","template":"","meta":{"footnotes":""},"class_list":["post-246","page","type-page","status-publish","hentry"],"_links":{"self":[{"href":"https:\/\/yorumezsagir.com\/de\/wp-json\/wp\/v2\/pages\/246","targetHints":{"allow":["GET"]}}],"collection":[{"href":"https:\/\/yorumezsagir.com\/de\/wp-json\/wp\/v2\/pages"}],"about":[{"href":"https:\/\/yorumezsagir.com\/de\/wp-json\/wp\/v2\/types\/page"}],"author":[{"embeddable":true,"href":"https:\/\/yorumezsagir.com\/de\/wp-json\/wp\/v2\/users\/1"}],"replies":[{"embeddable":true,"href":"https:\/\/yorumezsagir.com\/de\/wp-json\/wp\/v2\/comments?post=246"}],"version-history":[{"count":0,"href":"https:\/\/yorumezsagir.com\/de\/wp-json\/wp\/v2\/pages\/246\/revisions"}],"wp:attachment":[{"href":"https:\/\/yorumezsagir.com\/de\/wp-json\/wp\/v2\/media?parent=246"}],"curies":[{"name":"wp","href":"https:\/\/api.w.org\/{rel}","templated":true}]}}