{"id":2543,"date":"2023-08-22T09:52:34","date_gmt":"2023-08-22T09:52:34","guid":{"rendered":"https:\/\/yorumezsagir.com\/?page_id=2543"},"modified":"2023-08-22T15:40:01","modified_gmt":"2023-08-22T15:40:01","slug":"fikri-ve-sinai-mulkiyet-hukuku","status":"publish","type":"page","link":"https:\/\/yorumezsagir.com\/de\/rechtsgebiete\/geistiges\/","title":{"rendered":"Geistiges und gewerbliches Eigentumsrecht"},"content":{"rendered":"<div class=\"vc_row wpb_row vc_row-fluid bg-image-ps-inherit\"><div class=\"wpb_column vc_column_container vc_col-sm-8\"><div class=\"vc_column-inner\"><div class=\"wpb_wrapper\"><div id=\"ct-heading\" class=\"ct-heading  style1 align-left align-left-md align-left-sm align-left-xs\">\n    \n    \n                <h3 class=\"ct-heading-tag\" >\n        Geistiges und gewerbliches Eigentumsrecht    <\/h3>\n        <\/div><div class=\"vc_message_box vc_message_box-outline vc_message_box-rounded vc_color-info\" ><div class=\"vc_message_box-icon\"><i class=\"fas fa-info-circle\"><\/i><\/div><p>Gem\u00e4\u00df dem Gesetz \u00fcber geistiges und gewerbliches Eigentum ist geistiges Eigentum ein geistiges Produkt, das einer Person oder Organisation geh\u00f6rt. Die betreffende Person oder Organisation kann sich anschlie\u00dfend entscheiden, sie frei zu teilen oder ihre Verwendung auf bestimmte Weise zu kontrollieren.<\/p>\n<p>F\u00fcr die gewerblichen Rechte wie Marken, Patente, Design ist im Geltungsbereich des Gesetzes ist ein besonderes Schutzregime vorgesehen.<\/p>\n<p>Als Y&amp;S Anwaltskanzlei bieten wir unseren Mandanten Vertretung und Beratung in den folgenden Schwerpunktsbereichen an: Informationen zu Marken-, Patent-, Gebrauchsmuster-, Design-, Lizenz- und Urheberrechtsfragen, einschlie\u00dflich der Auswahl, Verwendung und Schutz von Marken, Recherchen vor der Registrierung zu diesen Rechten, Durchf\u00fchrung und Nachverfolgung des Registrierungsantragsverfahrens, Nutzungs\u00fcbertragung, Beschr\u00e4nkung, Mediation, Schiedsverfahren, Vollstreckung und Gerichtsverfahren zur Verl\u00e4ngerung und Verhinderung von Rechtsverlusten.<\/p>\n<\/div><\/div><\/div><\/div><div class=\"wpb_column vc_column_container vc_col-sm-4\"><div class=\"vc_column-inner\"><div class=\"wpb_wrapper\"><div class=\"ct-button-wrapper align-left align-left-md align-left-sm align-left-xs\">\n\n    <a  href=\"https:\/\/yorumezsagir.com\/de\/rechtsgebiete\/it-recht\/\" target=\"_self\" class=\"btn  btn-gray size-default\">\n        <span>IT-Recht &amp; Telekommunikationsrecht<\/span>\n            <\/a>\n\n<\/div><div class=\"vc_empty_space\"   style=\"height: 10px\"><span class=\"vc_empty_space_inner\"><\/span><\/div><div class=\"ct-button-wrapper align-left align-left-md align-left-sm align-left-xs\">\n\n    <a  href=\"https:\/\/yorumezsagir.com\/de\/rechtsgebiete\/strafrecht\/\" target=\"_self\" class=\"btn  btn-gray size-lg\">\n        <span>Strafrecht<\/span>\n            <\/a>\n\n<\/div><div class=\"vc_empty_space\"   style=\"height: 10px\"><span class=\"vc_empty_space_inner\"><\/span><\/div><div class=\"ct-button-wrapper align-left align-left-md align-left-sm align-left-xs\">\n\n    <a  href=\"https:\/\/yorumezsagir.com\/de\/rechtsgebiete\/geistiges\/\" target=\"_self\" class=\"btn  btn-default size-lg\">\n        <span>Geistiges und gewerbliches Eigentumsrecht<\/span>\n            <\/a>\n\n<\/div><div class=\"vc_empty_space\"   style=\"height: 10px\"><span class=\"vc_empty_space_inner\"><\/span><\/div><div class=\"ct-button-wrapper align-left align-left-md align-left-sm align-left-xs\">\n\n    <a  href=\"https:\/\/yorumezsagir.com\/de\/rechtsgebiete\/immobilienrecht\/\" target=\"_self\" class=\"btn  btn-gray size-lg\">\n        <span>Immobilienrecht<\/span>\n            <\/a>\n\n<\/div><div class=\"vc_empty_space\"   style=\"height: 10px\"><span class=\"vc_empty_space_inner\"><\/span><\/div><div class=\"ct-button-wrapper align-left align-left-md align-left-sm align-left-xs\">\n\n    <a  href=\"https:\/\/yorumezsagir.com\/de\/rechtsgebiete\/verwaltungsrecht\/\" target=\"_self\" class=\"btn  btn-gray size-lg\">\n        <span>Verwaltungsrecht<\/span>\n            <\/a>\n\n<\/div><div class=\"vc_empty_space\"   style=\"height: 10px\"><span class=\"vc_empty_space_inner\"><\/span><\/div><div class=\"ct-button-wrapper align-left align-left-md align-left-sm align-left-xs\">\n\n    <a  href=\"https:\/\/yorumezsagir.com\/de\/rechtsgebiete\/vollstreckungs\/\" target=\"_self\" class=\"btn  btn-gray size-lg\">\n        <span>Vollstreckungs und Insolvenzrecht<\/span>\n            <\/a>\n\n<\/div><div class=\"vc_empty_space\"   style=\"height: 10px\"><span class=\"vc_empty_space_inner\"><\/span><\/div><div class=\"ct-button-wrapper align-left align-left-md align-left-sm align-left-xs\">\n\n    <a  href=\"https:\/\/yorumezsagir.com\/de\/rechtsgebiete\/arbeits\/\" target=\"_self\" class=\"btn  btn-gray size-lg\">\n        <span>Arbeits und Sozialversicherungsrecht<\/span>\n            <\/a>\n\n<\/div><div class=\"vc_empty_space\"   style=\"height: 10px\"><span class=\"vc_empty_space_inner\"><\/span><\/div><div class=\"ct-button-wrapper align-left align-left-md align-left-sm align-left-xs\">\n\n    <a  href=\"https:\/\/yorumezsagir.com\/de\/rechtsgebiete\/gesetz-uber-personenbezogene-daten\/\" target=\"_self\" class=\"btn  btn-gray size-lg\">\n        <span>Gesetz \u00fcber personenbezogene Daten<\/span>\n            <\/a>\n\n<\/div><div class=\"vc_empty_space\"   style=\"height: 10px\"><span class=\"vc_empty_space_inner\"><\/span><\/div><div class=\"ct-button-wrapper align-left align-left-md align-left-sm align-left-xs\">\n\n    <a  href=\"https:\/\/yorumezsagir.com\/de\/rechtsgebiete\/erbrecht\/\" target=\"_self\" class=\"btn  btn-gray size-lg\">\n        <span>Erbrecht<\/span>\n            <\/a>\n\n<\/div><div class=\"vc_empty_space\"   style=\"height: 10px\"><span class=\"vc_empty_space_inner\"><\/span><\/div><div class=\"ct-button-wrapper align-left align-left-md align-left-sm align-left-xs\">\n\n    <a  href=\"https:\/\/yorumezsagir.com\/de\/rechtsgebiete\/sportrecht\/\" target=\"_self\" class=\"btn  btn-gray size-lg\">\n        <span>Sportrecht<\/span>\n            <\/a>\n\n<\/div><div class=\"vc_empty_space\"   style=\"height: 10px\"><span class=\"vc_empty_space_inner\"><\/span><\/div><div class=\"ct-button-wrapper align-left align-left-md align-left-sm align-left-xs\">\n\n    <a  href=\"https:\/\/yorumezsagir.com\/de\/rechtsgebiete\/gesellschaftsrecht\/\" target=\"_self\" class=\"btn  btn-gray size-lg\">\n        <span>Gesellschaftsrecht<\/span>\n            <\/a>\n\n<\/div><div class=\"vc_empty_space\"   style=\"height: 10px\"><span class=\"vc_empty_space_inner\"><\/span><\/div><div class=\"ct-button-wrapper align-left align-left-md align-left-sm align-left-xs\">\n\n    <a  href=\"https:\/\/yorumezsagir.com\/de\/rechtsgebiete\/internationales-wirtschaftsrecht\/\" target=\"_self\" class=\"btn  btn-gray size-lg\">\n        <span>Internationales Wirtschaftsrecht<\/span>\n            <\/a>\n\n<\/div><div class=\"vc_empty_space\"   style=\"height: 10px\"><span class=\"vc_empty_space_inner\"><\/span><\/div><div class=\"ct-button-wrapper align-left align-left-md align-left-sm align-left-xs\">\n\n    <a  href=\"https:\/\/yorumezsagir.com\/de\/rechtsgebiete\/steuerrecht\/\" target=\"_self\" class=\"btn  btn-gray size-lg\">\n        <span>Steuerrecht<\/span>\n            <\/a>\n\n<\/div><div class=\"vc_empty_space\"   style=\"height: 10px\"><span class=\"vc_empty_space_inner\"><\/span><\/div><div class=\"ct-button-wrapper align-left align-left-md align-left-sm align-left-xs\">\n\n    <a  href=\"https:\/\/yorumezsagir.com\/de\/rechtsgebiete\/auslanderrecht\/\" target=\"_self\" class=\"btn  btn-gray size-lg\">\n        <span>Ausl\u00e4nderrecht<\/span>\n            <\/a>\n\n<\/div><div class=\"vc_empty_space\"   style=\"height: 10px\"><span class=\"vc_empty_space_inner\"><\/span><\/div><\/div><\/div><\/div><\/div>","protected":false},"excerpt":{"rendered":"Fikri ve S\u0131nai M\u00fclkiyet Hukuku Fikri ve S\u0131nai Haklar Hukuku gere\u011fi, fikri hak bir ki\u015fiye veya kurulu\u015fa ait olan bir fikir \u00fcr\u00fcn\u00fcd\u00fcr. S\u00f6z konusu ki\u015fi ya da kurulu\u015f sonradan bunu serbest\u00e7e payla\u015fmay\u0131 veya kullan\u0131m\u0131n\u0131 belirli bi\u00e7imlerde kontrol etmeyi tercih edebilir. Fikri m\u00fclkiyet; edebiyat, sanat, m\u00fczik, mimari vb. gibi telif eserleri de denen alan\u0131 kapsar. S\u0131nai [...]","protected":false},"author":1,"featured_media":0,"parent":232,"menu_order":0,"comment_status":"closed","ping_status":"closed","template":"","meta":{"footnotes":""},"class_list":["post-2543","page","type-page","status-publish","hentry"],"_links":{"self":[{"href":"https:\/\/yorumezsagir.com\/de\/wp-json\/wp\/v2\/pages\/2543","targetHints":{"allow":["GET"]}}],"collection":[{"href":"https:\/\/yorumezsagir.com\/de\/wp-json\/wp\/v2\/pages"}],"about":[{"href":"https:\/\/yorumezsagir.com\/de\/wp-json\/wp\/v2\/types\/page"}],"author":[{"embeddable":true,"href":"https:\/\/yorumezsagir.com\/de\/wp-json\/wp\/v2\/users\/1"}],"replies":[{"embeddable":true,"href":"https:\/\/yorumezsagir.com\/de\/wp-json\/wp\/v2\/comments?post=2543"}],"version-history":[{"count":2,"href":"https:\/\/yorumezsagir.com\/de\/wp-json\/wp\/v2\/pages\/2543\/revisions"}],"predecessor-version":[{"id":2587,"href":"https:\/\/yorumezsagir.com\/de\/wp-json\/wp\/v2\/pages\/2543\/revisions\/2587"}],"up":[{"embeddable":true,"href":"https:\/\/yorumezsagir.com\/de\/wp-json\/wp\/v2\/pages\/232"}],"wp:attachment":[{"href":"https:\/\/yorumezsagir.com\/de\/wp-json\/wp\/v2\/media?parent=2543"}],"curies":[{"name":"wp","href":"https:\/\/api.w.org\/{rel}","templated":true}]}}