{"id":2547,"date":"2023-08-22T09:55:47","date_gmt":"2023-08-22T09:55:47","guid":{"rendered":"https:\/\/yorumezsagir.com\/?page_id=2547"},"modified":"2023-08-22T15:42:33","modified_gmt":"2023-08-22T15:42:33","slug":"idare-hukuku","status":"publish","type":"page","link":"https:\/\/yorumezsagir.com\/de\/rechtsgebiete\/verwaltungsrecht\/","title":{"rendered":"Verwaltungsrecht"},"content":{"rendered":"<div class=\"vc_row wpb_row vc_row-fluid bg-image-ps-inherit\"><div class=\"wpb_column vc_column_container vc_col-sm-8\"><div class=\"vc_column-inner\"><div class=\"wpb_wrapper\"><div id=\"ct-heading\" class=\"ct-heading  style1 align-left align-left-md align-left-sm align-left-xs\">\n    \n    \n                <h3 class=\"ct-heading-tag\" >\n        Verwaltungsrecht    <\/h3>\n        <\/div><div class=\"vc_message_box vc_message_box-outline vc_message_box-rounded vc_color-info\" ><div class=\"vc_message_box-icon\"><i class=\"fas fa-info-circle\"><\/i><\/div><p>Das Verwaltungsrecht ist der Rechtszweig, der die Grenzen der Gesch\u00e4fte und Handlungen der Verwaltung festlegt und die Verantwortlichkeiten und Sanktionen gegen\u00fcber Einzelpersonen regelt, wenn die Verwaltung die gesetzlichen Grenzen \u00fcberschreitet oder in einer Weise handelt, die nicht gesetzlich vorgeschrieben ist.<\/p>\n<p>Unsere T\u00e4tigkeiten als Y&amp;S Anwaltskanzlei umfassen u.a. : Einwendungen gegen einseitige Ma\u00dfnahmen der Verwaltung und beh\u00f6rdliche Sanktionsentscheidungen, Einwendungen gegen das Fl\u00e4chennutzungs- und Siedlungsverfahren der Gemeinden und die Nachverfolgung des Rechtsverfahrens, Aussch\u00f6pfung der verwaltungsbeh\u00f6rdlichen Rechtsbehelfe und Vertretung bei Schlichtungsverfahren, F\u00e4lle im Zusammenhang mit der Verantwortung der Verwaltung, alle Angelegenheiten im Rahmen des Verwaltungsrechts, einschlie\u00dflich Angelegenheiten wie Verwaltungsentsch\u00e4digungsf\u00e4lle.<\/p>\n<\/div><\/div><\/div><\/div><div class=\"wpb_column vc_column_container vc_col-sm-4\"><div class=\"vc_column-inner\"><div class=\"wpb_wrapper\"><div class=\"ct-button-wrapper align-left align-left-md align-left-sm align-left-xs\">\n\n    <a  href=\"https:\/\/yorumezsagir.com\/de\/rechtsgebiete\/it-recht\/\" target=\"_self\" class=\"btn  btn-gray size-default\">\n        <span>IT-Recht &amp; Telekommunikationsrecht<\/span>\n            <\/a>\n\n<\/div><div class=\"vc_empty_space\"   style=\"height: 10px\"><span class=\"vc_empty_space_inner\"><\/span><\/div><div class=\"ct-button-wrapper align-left align-left-md align-left-sm align-left-xs\">\n\n    <a  href=\"https:\/\/yorumezsagir.com\/de\/rechtsgebiete\/strafrecht\/\" target=\"_self\" class=\"btn  btn-gray size-lg\">\n        <span>Strafrecht<\/span>\n            <\/a>\n\n<\/div><div class=\"vc_empty_space\"   style=\"height: 10px\"><span class=\"vc_empty_space_inner\"><\/span><\/div><div class=\"ct-button-wrapper align-left align-left-md align-left-sm align-left-xs\">\n\n    <a  href=\"https:\/\/yorumezsagir.com\/de\/rechtsgebiete\/geistiges\/\" target=\"_self\" class=\"btn  btn-gray size-lg\">\n        <span>Geistiges und gewerbliches Eigentumsrecht<\/span>\n            <\/a>\n\n<\/div><div class=\"vc_empty_space\"   style=\"height: 10px\"><span class=\"vc_empty_space_inner\"><\/span><\/div><div class=\"ct-button-wrapper align-left align-left-md align-left-sm align-left-xs\">\n\n    <a  href=\"https:\/\/yorumezsagir.com\/de\/rechtsgebiete\/immobilienrecht\/\" target=\"_self\" class=\"btn  btn-gray size-lg\">\n        <span>Immobilienrecht<\/span>\n            <\/a>\n\n<\/div><div class=\"vc_empty_space\"   style=\"height: 10px\"><span class=\"vc_empty_space_inner\"><\/span><\/div><div class=\"ct-button-wrapper align-left align-left-md align-left-sm align-left-xs\">\n\n    <a  href=\"https:\/\/yorumezsagir.com\/de\/rechtsgebiete\/verwaltungsrecht\/\" target=\"_self\" class=\"btn  btn-default size-lg\">\n        <span>Verwaltungsrecht<\/span>\n            <\/a>\n\n<\/div><div class=\"vc_empty_space\"   style=\"height: 10px\"><span class=\"vc_empty_space_inner\"><\/span><\/div><div class=\"ct-button-wrapper align-left align-left-md align-left-sm align-left-xs\">\n\n    <a  href=\"https:\/\/yorumezsagir.com\/de\/rechtsgebiete\/vollstreckungs\/\" target=\"_self\" class=\"btn  btn-gray size-lg\">\n        <span>Vollstreckungs und Insolvenzrecht<\/span>\n            <\/a>\n\n<\/div><div class=\"vc_empty_space\"   style=\"height: 10px\"><span class=\"vc_empty_space_inner\"><\/span><\/div><div class=\"ct-button-wrapper align-left align-left-md align-left-sm align-left-xs\">\n\n    <a  href=\"https:\/\/yorumezsagir.com\/de\/rechtsgebiete\/arbeits\/\" target=\"_self\" class=\"btn  btn-gray size-lg\">\n        <span>Arbeits und Sozialversicherungsrecht<\/span>\n            <\/a>\n\n<\/div><div class=\"vc_empty_space\"   style=\"height: 10px\"><span class=\"vc_empty_space_inner\"><\/span><\/div><div class=\"ct-button-wrapper align-left align-left-md align-left-sm align-left-xs\">\n\n    <a  href=\"https:\/\/yorumezsagir.com\/de\/rechtsgebiete\/gesetz-uber-personenbezogene-daten\/\" target=\"_self\" class=\"btn  btn-gray size-lg\">\n        <span>Gesetz \u00fcber personenbezogene Daten<\/span>\n            <\/a>\n\n<\/div><div class=\"vc_empty_space\"   style=\"height: 10px\"><span class=\"vc_empty_space_inner\"><\/span><\/div><div class=\"ct-button-wrapper align-left align-left-md align-left-sm align-left-xs\">\n\n    <a  href=\"https:\/\/yorumezsagir.com\/de\/rechtsgebiete\/erbrecht\/\" target=\"_self\" class=\"btn  btn-gray size-lg\">\n        <span>Erbrecht<\/span>\n            <\/a>\n\n<\/div><div class=\"vc_empty_space\"   style=\"height: 10px\"><span class=\"vc_empty_space_inner\"><\/span><\/div><div class=\"ct-button-wrapper align-left align-left-md align-left-sm align-left-xs\">\n\n    <a  href=\"https:\/\/yorumezsagir.com\/de\/rechtsgebiete\/sportrecht\/\" target=\"_self\" class=\"btn  btn-gray size-lg\">\n        <span>Sportrecht<\/span>\n            <\/a>\n\n<\/div><div class=\"vc_empty_space\"   style=\"height: 10px\"><span class=\"vc_empty_space_inner\"><\/span><\/div><div class=\"ct-button-wrapper align-left align-left-md align-left-sm align-left-xs\">\n\n    <a  href=\"https:\/\/yorumezsagir.com\/de\/rechtsgebiete\/gesellschaftsrecht\/\" target=\"_self\" class=\"btn  btn-gray size-lg\">\n        <span>Gesellschaftsrecht<\/span>\n            <\/a>\n\n<\/div><div class=\"vc_empty_space\"   style=\"height: 10px\"><span class=\"vc_empty_space_inner\"><\/span><\/div><div class=\"ct-button-wrapper align-left align-left-md align-left-sm align-left-xs\">\n\n    <a  href=\"https:\/\/yorumezsagir.com\/de\/rechtsgebiete\/internationales-wirtschaftsrecht\/\" target=\"_self\" class=\"btn  btn-gray size-lg\">\n        <span>Internationales Wirtschaftsrecht<\/span>\n            <\/a>\n\n<\/div><div class=\"vc_empty_space\"   style=\"height: 10px\"><span class=\"vc_empty_space_inner\"><\/span><\/div><div class=\"ct-button-wrapper align-left align-left-md align-left-sm align-left-xs\">\n\n    <a  href=\"https:\/\/yorumezsagir.com\/de\/rechtsgebiete\/steuerrecht\/\" target=\"_self\" class=\"btn  btn-gray size-lg\">\n        <span>Steuerrecht<\/span>\n            <\/a>\n\n<\/div><div class=\"vc_empty_space\"   style=\"height: 10px\"><span class=\"vc_empty_space_inner\"><\/span><\/div><div class=\"ct-button-wrapper align-left align-left-md align-left-sm align-left-xs\">\n\n    <a  href=\"https:\/\/yorumezsagir.com\/de\/rechtsgebiete\/auslanderrecht\/\" target=\"_self\" class=\"btn  btn-gray size-lg\">\n        <span>Ausl\u00e4nderrecht<\/span>\n            <\/a>\n\n<\/div><div class=\"vc_empty_space\"   style=\"height: 10px\"><span class=\"vc_empty_space_inner\"><\/span><\/div><\/div><\/div><\/div><\/div>","protected":false},"excerpt":{"rendered":"\u0130dare Hukuku \u0130dare hukuku, idarenin i\u015flem ve eylemlerinin s\u0131n\u0131rlar\u0131n\u0131 belirleyen, idarenin bu s\u0131n\u0131rlar\u0131n d\u0131\u015f\u0131na \u00e7\u0131kmas\u0131 ya da yasalar\u0131n \u00f6ng\u00f6rmedi\u011fi bir \u015fekilde davranmas\u0131 halinde ki\u015filere kar\u015f\u0131 olan sorumluluk ve yapt\u0131r\u0131mlar\u0131 d\u00fczenleyen hukuk dal\u0131d\u0131r. Y&amp;S Hukuk ve Dan\u0131\u015fmanl\u0131k B\u00fcrosu olarak, ba\u015fta idarenin tek tarafl\u0131 i\u015flemlerine ve idari yapt\u0131r\u0131m kararlar\u0131na kar\u015f\u0131 itiraz edilmesi, belediyelerin imar ve iskan i\u015flemlerine [...]","protected":false},"author":1,"featured_media":0,"parent":232,"menu_order":0,"comment_status":"closed","ping_status":"closed","template":"","meta":{"footnotes":""},"class_list":["post-2547","page","type-page","status-publish","hentry"],"_links":{"self":[{"href":"https:\/\/yorumezsagir.com\/de\/wp-json\/wp\/v2\/pages\/2547","targetHints":{"allow":["GET"]}}],"collection":[{"href":"https:\/\/yorumezsagir.com\/de\/wp-json\/wp\/v2\/pages"}],"about":[{"href":"https:\/\/yorumezsagir.com\/de\/wp-json\/wp\/v2\/types\/page"}],"author":[{"embeddable":true,"href":"https:\/\/yorumezsagir.com\/de\/wp-json\/wp\/v2\/users\/1"}],"replies":[{"embeddable":true,"href":"https:\/\/yorumezsagir.com\/de\/wp-json\/wp\/v2\/comments?post=2547"}],"version-history":[{"count":2,"href":"https:\/\/yorumezsagir.com\/de\/wp-json\/wp\/v2\/pages\/2547\/revisions"}],"predecessor-version":[{"id":2589,"href":"https:\/\/yorumezsagir.com\/de\/wp-json\/wp\/v2\/pages\/2547\/revisions\/2589"}],"up":[{"embeddable":true,"href":"https:\/\/yorumezsagir.com\/de\/wp-json\/wp\/v2\/pages\/232"}],"wp:attachment":[{"href":"https:\/\/yorumezsagir.com\/de\/wp-json\/wp\/v2\/media?parent=2547"}],"curies":[{"name":"wp","href":"https:\/\/api.w.org\/{rel}","templated":true}]}}