{"id":2553,"date":"2023-08-22T09:58:57","date_gmt":"2023-08-22T09:58:57","guid":{"rendered":"https:\/\/yorumezsagir.com\/?page_id=2553"},"modified":"2023-08-22T15:48:08","modified_gmt":"2023-08-22T15:48:08","slug":"kisisel-veri-hukuku","status":"publish","type":"page","link":"https:\/\/yorumezsagir.com\/de\/rechtsgebiete\/gesetz-uber-personenbezogene-daten\/","title":{"rendered":"Gesetz \u00fcber personenbezogene Daten"},"content":{"rendered":"<div class=\"vc_row wpb_row vc_row-fluid bg-image-ps-inherit\"><div class=\"wpb_column vc_column_container vc_col-sm-8\"><div class=\"vc_column-inner\"><div class=\"wpb_wrapper\"><div id=\"ct-heading\" class=\"ct-heading  style1 align-left align-left-md align-left-sm align-left-xs\">\n    \n    \n                <h3 class=\"ct-heading-tag\" >\n        Gesetz \u00fcber personenbezogene Daten    <\/h3>\n        <\/div><div class=\"vc_message_box vc_message_box-outline vc_message_box-rounded vc_color-info\" ><div class=\"vc_message_box-icon\"><i class=\"fas fa-info-circle\"><\/i><\/div><p>Alle Arten von Transaktionen wie das Erlangen, Aufzeichnen, Speichern, Aufbewahren, \u00c4ndern, Umorganisieren, Offenlegen, \u00dcbertragen, \u00dcbernehmen oder Klassifizieren personenbezogener Daten gelten als Verarbeitung personenbezogener Daten und m\u00fcssen den im Gesetz festgelegten Regelungen entsprechen.<\/p>\n<p>Unsere T\u00e4tigkeiten als Y&amp;S Anwaltskanzlei in diesem Rechtsbereich umfassen u.a. Bestimmung der Rechte und Pflichten der Mandanten im Rahmen des Datenschutzgesetzes und aller relevanten Gesetze, Pr\u00fcfung der Rechtm\u00e4\u00dfigkeit der Speicherung, Verarbeitung und Weitergabe personenbezogener Daten, Erstellung von Vertr\u00e4gen im Rahmen des Datenschutzrechts, Erstellung der Dateninventur, Risikoanalyse.<\/p>\n<\/div><\/div><\/div><\/div><div class=\"wpb_column vc_column_container vc_col-sm-4\"><div class=\"vc_column-inner\"><div class=\"wpb_wrapper\"><div class=\"ct-button-wrapper align-left align-left-md align-left-sm align-left-xs\">\n\n    <a  href=\"https:\/\/yorumezsagir.com\/de\/rechtsgebiete\/it-recht\/\" target=\"_self\" class=\"btn  btn-gray size-default\">\n        <span>IT-Recht &amp; Telekommunikationsrecht<\/span>\n            <\/a>\n\n<\/div><div class=\"vc_empty_space\"   style=\"height: 10px\"><span class=\"vc_empty_space_inner\"><\/span><\/div><div class=\"ct-button-wrapper align-left align-left-md align-left-sm align-left-xs\">\n\n    <a  href=\"https:\/\/yorumezsagir.com\/de\/rechtsgebiete\/strafrecht\/\" target=\"_self\" class=\"btn  btn-gray size-lg\">\n        <span>Strafrecht<\/span>\n            <\/a>\n\n<\/div><div class=\"vc_empty_space\"   style=\"height: 10px\"><span class=\"vc_empty_space_inner\"><\/span><\/div><div class=\"ct-button-wrapper align-left align-left-md align-left-sm align-left-xs\">\n\n    <a  href=\"https:\/\/yorumezsagir.com\/de\/rechtsgebiete\/geistiges\/\" target=\"_self\" class=\"btn  btn-gray size-lg\">\n        <span>Geistiges und gewerbliches Eigentumsrecht<\/span>\n            <\/a>\n\n<\/div><div class=\"vc_empty_space\"   style=\"height: 10px\"><span class=\"vc_empty_space_inner\"><\/span><\/div><div class=\"ct-button-wrapper align-left align-left-md align-left-sm align-left-xs\">\n\n    <a  href=\"https:\/\/yorumezsagir.com\/de\/rechtsgebiete\/immobilienrecht\/\" target=\"_self\" class=\"btn  btn-gray size-lg\">\n        <span>Immobilienrecht<\/span>\n            <\/a>\n\n<\/div><div class=\"vc_empty_space\"   style=\"height: 10px\"><span class=\"vc_empty_space_inner\"><\/span><\/div><div class=\"ct-button-wrapper align-left align-left-md align-left-sm align-left-xs\">\n\n    <a  href=\"https:\/\/yorumezsagir.com\/de\/rechtsgebiete\/verwaltungsrecht\/\" target=\"_self\" class=\"btn  btn-gray size-lg\">\n        <span>Verwaltungsrecht<\/span>\n            <\/a>\n\n<\/div><div class=\"vc_empty_space\"   style=\"height: 10px\"><span class=\"vc_empty_space_inner\"><\/span><\/div><div class=\"ct-button-wrapper align-left align-left-md align-left-sm align-left-xs\">\n\n    <a  href=\"https:\/\/yorumezsagir.com\/de\/rechtsgebiete\/vollstreckungs\/\" target=\"_self\" class=\"btn  btn-gray size-lg\">\n        <span>Vollstreckungs und Insolvenzrecht<\/span>\n            <\/a>\n\n<\/div><div class=\"vc_empty_space\"   style=\"height: 10px\"><span class=\"vc_empty_space_inner\"><\/span><\/div><div class=\"ct-button-wrapper align-left align-left-md align-left-sm align-left-xs\">\n\n    <a  href=\"https:\/\/yorumezsagir.com\/de\/rechtsgebiete\/arbeits\/\" target=\"_self\" class=\"btn  btn-gray size-lg\">\n        <span>Arbeits und Sozialversicherungsrecht<\/span>\n            <\/a>\n\n<\/div><div class=\"vc_empty_space\"   style=\"height: 10px\"><span class=\"vc_empty_space_inner\"><\/span><\/div><div class=\"ct-button-wrapper align-left align-left-md align-left-sm align-left-xs\">\n\n    <a  href=\"https:\/\/yorumezsagir.com\/de\/rechtsgebiete\/gesetz-uber-personenbezogene-daten\/\" target=\"_self\" class=\"btn  btn-default size-lg\">\n        <span>Gesetz \u00fcber personenbezogene Daten<\/span>\n            <\/a>\n\n<\/div><div class=\"vc_empty_space\"   style=\"height: 10px\"><span class=\"vc_empty_space_inner\"><\/span><\/div><div class=\"ct-button-wrapper align-left align-left-md align-left-sm align-left-xs\">\n\n    <a  href=\"https:\/\/yorumezsagir.com\/de\/rechtsgebiete\/erbrecht\/\" target=\"_self\" class=\"btn  btn-gray size-lg\">\n        <span>Erbrecht<\/span>\n            <\/a>\n\n<\/div><div class=\"vc_empty_space\"   style=\"height: 10px\"><span class=\"vc_empty_space_inner\"><\/span><\/div><div class=\"ct-button-wrapper align-left align-left-md align-left-sm align-left-xs\">\n\n    <a  href=\"https:\/\/yorumezsagir.com\/de\/rechtsgebiete\/sportrecht\/\" target=\"_self\" class=\"btn  btn-gray size-lg\">\n        <span>Sportrecht<\/span>\n            <\/a>\n\n<\/div><div class=\"vc_empty_space\"   style=\"height: 10px\"><span class=\"vc_empty_space_inner\"><\/span><\/div><div class=\"ct-button-wrapper align-left align-left-md align-left-sm align-left-xs\">\n\n    <a  href=\"https:\/\/yorumezsagir.com\/de\/rechtsgebiete\/gesellschaftsrecht\/\" target=\"_self\" class=\"btn  btn-gray size-lg\">\n        <span>Gesellschaftsrecht<\/span>\n            <\/a>\n\n<\/div><div class=\"vc_empty_space\"   style=\"height: 10px\"><span class=\"vc_empty_space_inner\"><\/span><\/div><div class=\"ct-button-wrapper align-left align-left-md align-left-sm align-left-xs\">\n\n    <a  href=\"https:\/\/yorumezsagir.com\/de\/rechtsgebiete\/internationales-wirtschaftsrecht\/\" target=\"_self\" class=\"btn  btn-gray size-lg\">\n        <span>Internationales Wirtschaftsrecht<\/span>\n            <\/a>\n\n<\/div><div class=\"vc_empty_space\"   style=\"height: 10px\"><span class=\"vc_empty_space_inner\"><\/span><\/div><div class=\"ct-button-wrapper align-left align-left-md align-left-sm align-left-xs\">\n\n    <a  href=\"https:\/\/yorumezsagir.com\/de\/rechtsgebiete\/steuerrecht\/\" target=\"_self\" class=\"btn  btn-gray size-lg\">\n        <span>Steuerrecht<\/span>\n            <\/a>\n\n<\/div><div class=\"vc_empty_space\"   style=\"height: 10px\"><span class=\"vc_empty_space_inner\"><\/span><\/div><div class=\"ct-button-wrapper align-left align-left-md align-left-sm align-left-xs\">\n\n    <a  href=\"https:\/\/yorumezsagir.com\/de\/rechtsgebiete\/auslanderrecht\/\" target=\"_self\" class=\"btn  btn-gray size-lg\">\n        <span>Ausl\u00e4nderrecht<\/span>\n            <\/a>\n\n<\/div><div class=\"vc_empty_space\"   style=\"height: 10px\"><span class=\"vc_empty_space_inner\"><\/span><\/div><\/div><\/div><\/div><\/div>","protected":false},"excerpt":{"rendered":"Ki\u015fisel Veri Hukuku Ki\u015fisel verilerin; elde edilmesi, kaydedilmesi, depolanmas\u0131, muhafaza edilmesi, de\u011fi\u015ftirilmesi, yeniden d\u00fczenlenmesi, a\u00e7\u0131klanmas\u0131, aktar\u0131lmas\u0131, devral\u0131nmas\u0131 veya s\u0131n\u0131fland\u0131r\u0131lmas\u0131 gibi her t\u00fcrl\u00fc i\u015flem ki\u015fisel veri i\u015fleme olarak kabul edilmektedir ve Kanun\u2019da d\u00fczenlenen kurallara uygun olmal\u0131d\u0131r. Y&amp;S Hukuk ve Dan\u0131\u015fmanl\u0131k B\u00fcrosu olarak, ki\u015fisel verilerin korunmas\u0131 kanunu ve ilgili t\u00fcm mevzuat \u00e7er\u00e7evesinde m\u00fcvekkillerin hak ve y\u00fck\u00fcml\u00fcl\u00fcklerinin tespiti, [...]","protected":false},"author":1,"featured_media":0,"parent":232,"menu_order":0,"comment_status":"closed","ping_status":"closed","template":"","meta":{"footnotes":""},"class_list":["post-2553","page","type-page","status-publish","hentry"],"_links":{"self":[{"href":"https:\/\/yorumezsagir.com\/de\/wp-json\/wp\/v2\/pages\/2553","targetHints":{"allow":["GET"]}}],"collection":[{"href":"https:\/\/yorumezsagir.com\/de\/wp-json\/wp\/v2\/pages"}],"about":[{"href":"https:\/\/yorumezsagir.com\/de\/wp-json\/wp\/v2\/types\/page"}],"author":[{"embeddable":true,"href":"https:\/\/yorumezsagir.com\/de\/wp-json\/wp\/v2\/users\/1"}],"replies":[{"embeddable":true,"href":"https:\/\/yorumezsagir.com\/de\/wp-json\/wp\/v2\/comments?post=2553"}],"version-history":[{"count":2,"href":"https:\/\/yorumezsagir.com\/de\/wp-json\/wp\/v2\/pages\/2553\/revisions"}],"predecessor-version":[{"id":2592,"href":"https:\/\/yorumezsagir.com\/de\/wp-json\/wp\/v2\/pages\/2553\/revisions\/2592"}],"up":[{"embeddable":true,"href":"https:\/\/yorumezsagir.com\/de\/wp-json\/wp\/v2\/pages\/232"}],"wp:attachment":[{"href":"https:\/\/yorumezsagir.com\/de\/wp-json\/wp\/v2\/media?parent=2553"}],"curies":[{"name":"wp","href":"https:\/\/api.w.org\/{rel}","templated":true}]}}