{"id":2560,"date":"2023-08-22T10:04:44","date_gmt":"2023-08-22T10:04:44","guid":{"rendered":"https:\/\/yorumezsagir.com\/?page_id=2560"},"modified":"2023-08-22T15:52:03","modified_gmt":"2023-08-22T15:52:03","slug":"uluslararasi-ticaret-hukuku","status":"publish","type":"page","link":"https:\/\/yorumezsagir.com\/de\/rechtsgebiete\/internationales-wirtschaftsrecht\/","title":{"rendered":"Internationales Wirtschaftsrecht"},"content":{"rendered":"<div class=\"vc_row wpb_row vc_row-fluid bg-image-ps-inherit\"><div class=\"wpb_column vc_column_container vc_col-sm-8\"><div class=\"vc_column-inner\"><div class=\"wpb_wrapper\"><div id=\"ct-heading\" class=\"ct-heading  style1 align-left align-left-md align-left-sm align-left-xs\">\n    \n    \n                <h3 class=\"ct-heading-tag\" >\n        Internationales Wirtschaftsrecht    <\/h3>\n        <\/div><div class=\"vc_message_box vc_message_box-outline vc_message_box-rounded vc_color-info\" ><div class=\"vc_message_box-icon\"><i class=\"fas fa-info-circle\"><\/i><\/div><p>Internationales Wirtschaftsrecht bezieht sich auf alle Rechtsnormen in Bezug auf die Begr\u00fcndung, Aufrechterhaltung, Beendigung von Handelsgesch\u00e4ften oder Beziehungen zwischen Handelsunternehmen in verschiedenen L\u00e4ndern und die Beilegung von Streitigkeiten, die auftreten k\u00f6nnen.<\/p>\n<p>Unsere T\u00e4tigkeiten als Y&amp;S Anwaltskanzlei in diesem Rechtsbereich umfassen u.a. Beratung bei Auslandsinvestitionen, Gr\u00fcndung von Unternehmen, Durchf\u00fchrung von Fusionen und \u00dcbernahmen, Beratung bei Konflikten mit Unternehmen im Rahmen des t\u00fcrkischen Rechts und internationaler Vorschriften, Beratung der Unternehmen \u00fcber die Rechtsnormen der Europ\u00e4ischen Gemeinschaft.<\/p>\n<\/div><\/div><\/div><\/div><div class=\"wpb_column vc_column_container vc_col-sm-4\"><div class=\"vc_column-inner\"><div class=\"wpb_wrapper\"><div class=\"ct-button-wrapper align-left align-left-md align-left-sm align-left-xs\">\n\n    <a  href=\"https:\/\/yorumezsagir.com\/de\/rechtsgebiete\/it-recht\/\" target=\"_self\" class=\"btn  btn-gray size-default\">\n        <span>IT-Recht &amp; Telekommunikationsrecht<\/span>\n            <\/a>\n\n<\/div><div class=\"vc_empty_space\"   style=\"height: 10px\"><span class=\"vc_empty_space_inner\"><\/span><\/div><div class=\"ct-button-wrapper align-left align-left-md align-left-sm align-left-xs\">\n\n    <a  href=\"https:\/\/yorumezsagir.com\/de\/rechtsgebiete\/strafrecht\/\" target=\"_self\" class=\"btn  btn-gray size-lg\">\n        <span>Strafrecht<\/span>\n            <\/a>\n\n<\/div><div class=\"vc_empty_space\"   style=\"height: 10px\"><span class=\"vc_empty_space_inner\"><\/span><\/div><div class=\"ct-button-wrapper align-left align-left-md align-left-sm align-left-xs\">\n\n    <a  href=\"https:\/\/yorumezsagir.com\/de\/rechtsgebiete\/geistiges\/\" target=\"_self\" class=\"btn  btn-gray size-lg\">\n        <span>Geistiges und gewerbliches Eigentumsrecht<\/span>\n            <\/a>\n\n<\/div><div class=\"vc_empty_space\"   style=\"height: 10px\"><span class=\"vc_empty_space_inner\"><\/span><\/div><div class=\"ct-button-wrapper align-left align-left-md align-left-sm align-left-xs\">\n\n    <a  href=\"https:\/\/yorumezsagir.com\/de\/rechtsgebiete\/immobilienrecht\/\" target=\"_self\" class=\"btn  btn-gray size-lg\">\n        <span>Immobilienrecht<\/span>\n            <\/a>\n\n<\/div><div class=\"vc_empty_space\"   style=\"height: 10px\"><span class=\"vc_empty_space_inner\"><\/span><\/div><div class=\"ct-button-wrapper align-left align-left-md align-left-sm align-left-xs\">\n\n    <a  href=\"https:\/\/yorumezsagir.com\/de\/rechtsgebiete\/verwaltungsrecht\/\" target=\"_self\" class=\"btn  btn-gray size-lg\">\n        <span>Verwaltungsrecht<\/span>\n            <\/a>\n\n<\/div><div class=\"vc_empty_space\"   style=\"height: 10px\"><span class=\"vc_empty_space_inner\"><\/span><\/div><div class=\"ct-button-wrapper align-left align-left-md align-left-sm align-left-xs\">\n\n    <a  href=\"https:\/\/yorumezsagir.com\/de\/rechtsgebiete\/vollstreckungs\/\" target=\"_self\" class=\"btn  btn-gray size-lg\">\n        <span>Vollstreckungs und Insolvenzrecht<\/span>\n            <\/a>\n\n<\/div><div class=\"vc_empty_space\"   style=\"height: 10px\"><span class=\"vc_empty_space_inner\"><\/span><\/div><div class=\"ct-button-wrapper align-left align-left-md align-left-sm align-left-xs\">\n\n    <a  href=\"https:\/\/yorumezsagir.com\/de\/rechtsgebiete\/arbeits\/\" target=\"_self\" class=\"btn  btn-gray size-lg\">\n        <span>Arbeits und Sozialversicherungsrecht<\/span>\n            <\/a>\n\n<\/div><div class=\"vc_empty_space\"   style=\"height: 10px\"><span class=\"vc_empty_space_inner\"><\/span><\/div><div class=\"ct-button-wrapper align-left align-left-md align-left-sm align-left-xs\">\n\n    <a  href=\"https:\/\/yorumezsagir.com\/de\/rechtsgebiete\/gesetz-uber-personenbezogene-daten\/\" target=\"_self\" class=\"btn  btn-gray size-lg\">\n        <span>Gesetz \u00fcber personenbezogene Daten<\/span>\n            <\/a>\n\n<\/div><div class=\"vc_empty_space\"   style=\"height: 10px\"><span class=\"vc_empty_space_inner\"><\/span><\/div><div class=\"ct-button-wrapper align-left align-left-md align-left-sm align-left-xs\">\n\n    <a  href=\"https:\/\/yorumezsagir.com\/de\/rechtsgebiete\/erbrecht\/\" target=\"_self\" class=\"btn  btn-gray size-lg\">\n        <span>Erbrecht<\/span>\n            <\/a>\n\n<\/div><div class=\"vc_empty_space\"   style=\"height: 10px\"><span class=\"vc_empty_space_inner\"><\/span><\/div><div class=\"ct-button-wrapper align-left align-left-md align-left-sm align-left-xs\">\n\n    <a  href=\"https:\/\/yorumezsagir.com\/de\/rechtsgebiete\/sportrecht\/\" target=\"_self\" class=\"btn  btn-gray size-lg\">\n        <span>Sportrecht<\/span>\n            <\/a>\n\n<\/div><div class=\"vc_empty_space\"   style=\"height: 10px\"><span class=\"vc_empty_space_inner\"><\/span><\/div><div class=\"ct-button-wrapper align-left align-left-md align-left-sm align-left-xs\">\n\n    <a  href=\"https:\/\/yorumezsagir.com\/de\/rechtsgebiete\/gesellschaftsrecht\/\" target=\"_self\" class=\"btn  btn-gray size-lg\">\n        <span>Gesellschaftsrecht<\/span>\n            <\/a>\n\n<\/div><div class=\"vc_empty_space\"   style=\"height: 10px\"><span class=\"vc_empty_space_inner\"><\/span><\/div><div class=\"ct-button-wrapper align-left align-left-md align-left-sm align-left-xs\">\n\n    <a  href=\"https:\/\/yorumezsagir.com\/de\/rechtsgebiete\/internationales-wirtschaftsrecht\/\" target=\"_self\" class=\"btn  btn-default size-lg\">\n        <span>Internationales Wirtschaftsrecht<\/span>\n            <\/a>\n\n<\/div><div class=\"vc_empty_space\"   style=\"height: 10px\"><span class=\"vc_empty_space_inner\"><\/span><\/div><div class=\"ct-button-wrapper align-left align-left-md align-left-sm align-left-xs\">\n\n    <a  href=\"https:\/\/yorumezsagir.com\/de\/rechtsgebiete\/steuerrecht\/\" target=\"_self\" class=\"btn  btn-gray size-lg\">\n        <span>Steuerrecht<\/span>\n            <\/a>\n\n<\/div><div class=\"vc_empty_space\"   style=\"height: 10px\"><span class=\"vc_empty_space_inner\"><\/span><\/div><div class=\"ct-button-wrapper align-left align-left-md align-left-sm align-left-xs\">\n\n    <a  href=\"https:\/\/yorumezsagir.com\/de\/rechtsgebiete\/auslanderrecht\/\" target=\"_self\" class=\"btn  btn-gray size-lg\">\n        <span>Ausl\u00e4nderrecht<\/span>\n            <\/a>\n\n<\/div><div class=\"vc_empty_space\"   style=\"height: 10px\"><span class=\"vc_empty_space_inner\"><\/span><\/div><\/div><\/div><\/div><\/div>","protected":false},"excerpt":{"rendered":"Uluslararas\u0131 Ticaret Hukuku Uluslararas\u0131 Ticaret Hukuku, farkl\u0131 \u00fclkelerde bulunan ticaret \u015firketleri aras\u0131ndaki ticari i\u015f veya ili\u015fkilerin kurulmas\u0131, s\u00fcrd\u00fcr\u00fclmesi, sona erdirilmesi ve do\u011fabilecek uyu\u015fmazl\u0131klar\u0131n \u00e7\u00f6z\u00fcm\u00fcne ili\u015fkin hukuk kurallar\u0131n\u0131n tamam\u0131n\u0131 ifade eder. Y&amp;S Hukuk ve Dan\u0131\u015fmanl\u0131k B\u00fcrosu, yurtd\u0131\u015f\u0131nda yap\u0131lacak yat\u0131r\u0131mlarda yat\u0131r\u0131m yap\u0131lacak \u00fclkenin ticaret, yabanc\u0131 sermaye, vergi, i\u015f ve sair mevzuat\u0131 hakk\u0131nda hukuki g\u00f6r\u00fc\u015f verme, \u015firket kurma, [...]","protected":false},"author":1,"featured_media":0,"parent":232,"menu_order":0,"comment_status":"closed","ping_status":"closed","template":"","meta":{"footnotes":""},"class_list":["post-2560","page","type-page","status-publish","hentry"],"_links":{"self":[{"href":"https:\/\/yorumezsagir.com\/de\/wp-json\/wp\/v2\/pages\/2560","targetHints":{"allow":["GET"]}}],"collection":[{"href":"https:\/\/yorumezsagir.com\/de\/wp-json\/wp\/v2\/pages"}],"about":[{"href":"https:\/\/yorumezsagir.com\/de\/wp-json\/wp\/v2\/types\/page"}],"author":[{"embeddable":true,"href":"https:\/\/yorumezsagir.com\/de\/wp-json\/wp\/v2\/users\/1"}],"replies":[{"embeddable":true,"href":"https:\/\/yorumezsagir.com\/de\/wp-json\/wp\/v2\/comments?post=2560"}],"version-history":[{"count":2,"href":"https:\/\/yorumezsagir.com\/de\/wp-json\/wp\/v2\/pages\/2560\/revisions"}],"predecessor-version":[{"id":2596,"href":"https:\/\/yorumezsagir.com\/de\/wp-json\/wp\/v2\/pages\/2560\/revisions\/2596"}],"up":[{"embeddable":true,"href":"https:\/\/yorumezsagir.com\/de\/wp-json\/wp\/v2\/pages\/232"}],"wp:attachment":[{"href":"https:\/\/yorumezsagir.com\/de\/wp-json\/wp\/v2\/media?parent=2560"}],"curies":[{"name":"wp","href":"https:\/\/api.w.org\/{rel}","templated":true}]}}