{"id":2566,"date":"2023-08-22T10:10:22","date_gmt":"2023-08-22T10:10:22","guid":{"rendered":"https:\/\/yorumezsagir.com\/?page_id=2566"},"modified":"2023-08-22T15:49:07","modified_gmt":"2023-08-22T15:49:07","slug":"miras-hukuku","status":"publish","type":"page","link":"https:\/\/yorumezsagir.com\/de\/rechtsgebiete\/erbrecht\/","title":{"rendered":"Erbrecht"},"content":{"rendered":"<div class=\"vc_row wpb_row vc_row-fluid bg-image-ps-inherit\"><div class=\"wpb_column vc_column_container vc_col-sm-8\"><div class=\"vc_column-inner\"><div class=\"wpb_wrapper\"><div id=\"ct-heading\" class=\"ct-heading  style1 align-left align-left-md align-left-sm align-left-xs\">\n    \n    \n                <h3 class=\"ct-heading-tag\" >\n        Erbrecht    <\/h3>\n        <\/div><div class=\"vc_message_box vc_message_box-outline vc_message_box-rounded vc_color-info\" ><div class=\"vc_message_box-icon\"><i class=\"fas fa-info-circle\"><\/i><\/div><p>Das Erbrecht ist ein Teilgebiet des Privatrechts, das sich mit der Frage befasst, wie die Erbschaft zwischen gesetzlichen Erben und anderen Erben aufgeteilt wird , wie und in welcher Reihenfolge ihre Schulden beglichen werden. Streit um Ihr Erbe k\u00f6nnen Sie Ihren Erben ersparen, wenn Sie sich rechtzeitig \u00fcber das Erben und das Vererben informieren und Vorsorge f\u00fcr den Todesfall treffen.<\/p>\n<p>Unsere T\u00e4tigkeiten als Y&amp;S Anwaltskanzlei in diesem Rechtsbereich umfassen u.a. Testamentserrichtung, Erbvertrag und Erbverzichtsvertrag, Verweigerung der Erbschaft, F\u00e4lle von Erbschaftsentzug, Klagen wegen Erbschaft, Beratung in Verg\u00fctungs- und \u00e4hnlichen Erbschaftsklagen.<\/p>\n<\/div><\/div><\/div><\/div><div class=\"wpb_column vc_column_container vc_col-sm-4\"><div class=\"vc_column-inner\"><div class=\"wpb_wrapper\"><div class=\"ct-button-wrapper align-left align-left-md align-left-sm align-left-xs\">\n\n    <a  href=\"https:\/\/yorumezsagir.com\/de\/rechtsgebiete\/it-recht\/\" target=\"_self\" class=\"btn  btn-gray size-default\">\n        <span>IT-Recht &amp; Telekommunikationsrecht<\/span>\n            <\/a>\n\n<\/div><div class=\"vc_empty_space\"   style=\"height: 10px\"><span class=\"vc_empty_space_inner\"><\/span><\/div><div class=\"ct-button-wrapper align-left align-left-md align-left-sm align-left-xs\">\n\n    <a  href=\"https:\/\/yorumezsagir.com\/de\/rechtsgebiete\/strafrecht\/\" target=\"_self\" class=\"btn  btn-gray size-lg\">\n        <span>Strafrecht<\/span>\n            <\/a>\n\n<\/div><div class=\"vc_empty_space\"   style=\"height: 10px\"><span class=\"vc_empty_space_inner\"><\/span><\/div><div class=\"ct-button-wrapper align-left align-left-md align-left-sm align-left-xs\">\n\n    <a  href=\"https:\/\/yorumezsagir.com\/de\/rechtsgebiete\/geistiges\/\" target=\"_self\" class=\"btn  btn-gray size-lg\">\n        <span>Geistiges und gewerbliches Eigentumsrecht<\/span>\n            <\/a>\n\n<\/div><div class=\"vc_empty_space\"   style=\"height: 10px\"><span class=\"vc_empty_space_inner\"><\/span><\/div><div class=\"ct-button-wrapper align-left align-left-md align-left-sm align-left-xs\">\n\n    <a  href=\"https:\/\/yorumezsagir.com\/de\/rechtsgebiete\/immobilienrecht\/\" target=\"_self\" class=\"btn  btn-gray size-lg\">\n        <span>Immobilienrecht<\/span>\n            <\/a>\n\n<\/div><div class=\"vc_empty_space\"   style=\"height: 10px\"><span class=\"vc_empty_space_inner\"><\/span><\/div><div class=\"ct-button-wrapper align-left align-left-md align-left-sm align-left-xs\">\n\n    <a  href=\"https:\/\/yorumezsagir.com\/de\/rechtsgebiete\/verwaltungsrecht\/\" target=\"_self\" class=\"btn  btn-gray size-lg\">\n        <span>Verwaltungsrecht<\/span>\n            <\/a>\n\n<\/div><div class=\"vc_empty_space\"   style=\"height: 10px\"><span class=\"vc_empty_space_inner\"><\/span><\/div><div class=\"ct-button-wrapper align-left align-left-md align-left-sm align-left-xs\">\n\n    <a  href=\"https:\/\/yorumezsagir.com\/de\/rechtsgebiete\/vollstreckungs\/\" target=\"_self\" class=\"btn  btn-gray size-lg\">\n        <span>Vollstreckungs und Insolvenzrecht<\/span>\n            <\/a>\n\n<\/div><div class=\"vc_empty_space\"   style=\"height: 10px\"><span class=\"vc_empty_space_inner\"><\/span><\/div><div class=\"ct-button-wrapper align-left align-left-md align-left-sm align-left-xs\">\n\n    <a  href=\"https:\/\/yorumezsagir.com\/de\/rechtsgebiete\/arbeits\/\" target=\"_self\" class=\"btn  btn-gray size-lg\">\n        <span>Arbeits und Sozialversicherungsrecht<\/span>\n            <\/a>\n\n<\/div><div class=\"vc_empty_space\"   style=\"height: 10px\"><span class=\"vc_empty_space_inner\"><\/span><\/div><div class=\"ct-button-wrapper align-left align-left-md align-left-sm align-left-xs\">\n\n    <a  href=\"https:\/\/yorumezsagir.com\/de\/rechtsgebiete\/gesetz-uber-personenbezogene-daten\/\" target=\"_self\" class=\"btn  btn-gray size-lg\">\n        <span>Gesetz \u00fcber personenbezogene Daten<\/span>\n            <\/a>\n\n<\/div><div class=\"vc_empty_space\"   style=\"height: 10px\"><span class=\"vc_empty_space_inner\"><\/span><\/div><div class=\"ct-button-wrapper align-left align-left-md align-left-sm align-left-xs\">\n\n    <a  href=\"https:\/\/yorumezsagir.com\/de\/rechtsgebiete\/erbrecht\/\" target=\"_self\" class=\"btn  btn-default size-lg\">\n        <span>Erbrecht<\/span>\n            <\/a>\n\n<\/div><div class=\"vc_empty_space\"   style=\"height: 10px\"><span class=\"vc_empty_space_inner\"><\/span><\/div><div class=\"ct-button-wrapper align-left align-left-md align-left-sm align-left-xs\">\n\n    <a  href=\"https:\/\/yorumezsagir.com\/de\/rechtsgebiete\/sportrecht\/\" target=\"_self\" class=\"btn  btn-gray size-lg\">\n        <span>Sportrecht<\/span>\n            <\/a>\n\n<\/div><div class=\"vc_empty_space\"   style=\"height: 10px\"><span class=\"vc_empty_space_inner\"><\/span><\/div><div class=\"ct-button-wrapper align-left align-left-md align-left-sm align-left-xs\">\n\n    <a  href=\"https:\/\/yorumezsagir.com\/de\/rechtsgebiete\/gesellschaftsrecht\/\" target=\"_self\" class=\"btn  btn-gray size-lg\">\n        <span>Gesellschaftsrecht<\/span>\n            <\/a>\n\n<\/div><div class=\"vc_empty_space\"   style=\"height: 10px\"><span class=\"vc_empty_space_inner\"><\/span><\/div><div class=\"ct-button-wrapper align-left align-left-md align-left-sm align-left-xs\">\n\n    <a  href=\"https:\/\/yorumezsagir.com\/de\/rechtsgebiete\/internationales-wirtschaftsrecht\/\" target=\"_self\" class=\"btn  btn-gray size-lg\">\n        <span>Internationales Wirtschaftsrecht<\/span>\n            <\/a>\n\n<\/div><div class=\"vc_empty_space\"   style=\"height: 10px\"><span class=\"vc_empty_space_inner\"><\/span><\/div><div class=\"ct-button-wrapper align-left align-left-md align-left-sm align-left-xs\">\n\n    <a  href=\"https:\/\/yorumezsagir.com\/de\/rechtsgebiete\/steuerrecht\/\" target=\"_self\" class=\"btn  btn-gray size-lg\">\n        <span>Steuerrecht<\/span>\n            <\/a>\n\n<\/div><div class=\"vc_empty_space\"   style=\"height: 10px\"><span class=\"vc_empty_space_inner\"><\/span><\/div><div class=\"ct-button-wrapper align-left align-left-md align-left-sm align-left-xs\">\n\n    <a  href=\"https:\/\/yorumezsagir.com\/de\/rechtsgebiete\/auslanderrecht\/\" target=\"_self\" class=\"btn  btn-gray size-lg\">\n        <span>Ausl\u00e4nderrecht<\/span>\n            <\/a>\n\n<\/div><div class=\"vc_empty_space\"   style=\"height: 10px\"><span class=\"vc_empty_space_inner\"><\/span><\/div><\/div><\/div><\/div><\/div>","protected":false},"excerpt":{"rendered":"Miras Hukuku Miras hukuku insanlar\u0131n \u00f6l\u00fcmlerinden sonra mallar\u0131 \u00fczerinde yapmak istedikleri \u00f6l\u00fcme ba\u011fl\u0131 tasarruflar\u0131 ve \u00f6l\u00fcmleri halinde gaipli\u011finde karar verilmesinden sonra veya \u00f6l\u00fcm karinesinin varl\u0131\u011f\u0131 halinde mirasa konu mallar\u0131n\u0131n tereklerinin yasal miras\u00e7\u0131lar ve di\u011fer miras\u015f\u00e7\u0131lar aras\u0131nda ne \u015fekilde payla\u015ft\u0131r\u0131laca\u011f\u0131n\u0131 bor\u00e7lar\u0131n\u0131n nas\u0131l ve hangi s\u0131rayla \u00f6denece\u011fini inceleyen bir \u00f6zel hukuk dal\u0131d\u0131r. Y&amp;S Hukuk ve Dan\u0131\u015fmanl\u0131k B\u00fcrosu [...]","protected":false},"author":1,"featured_media":0,"parent":232,"menu_order":0,"comment_status":"closed","ping_status":"closed","template":"","meta":{"footnotes":""},"class_list":["post-2566","page","type-page","status-publish","hentry"],"_links":{"self":[{"href":"https:\/\/yorumezsagir.com\/de\/wp-json\/wp\/v2\/pages\/2566","targetHints":{"allow":["GET"]}}],"collection":[{"href":"https:\/\/yorumezsagir.com\/de\/wp-json\/wp\/v2\/pages"}],"about":[{"href":"https:\/\/yorumezsagir.com\/de\/wp-json\/wp\/v2\/types\/page"}],"author":[{"embeddable":true,"href":"https:\/\/yorumezsagir.com\/de\/wp-json\/wp\/v2\/users\/1"}],"replies":[{"embeddable":true,"href":"https:\/\/yorumezsagir.com\/de\/wp-json\/wp\/v2\/comments?post=2566"}],"version-history":[{"count":2,"href":"https:\/\/yorumezsagir.com\/de\/wp-json\/wp\/v2\/pages\/2566\/revisions"}],"predecessor-version":[{"id":2593,"href":"https:\/\/yorumezsagir.com\/de\/wp-json\/wp\/v2\/pages\/2566\/revisions\/2593"}],"up":[{"embeddable":true,"href":"https:\/\/yorumezsagir.com\/de\/wp-json\/wp\/v2\/pages\/232"}],"wp:attachment":[{"href":"https:\/\/yorumezsagir.com\/de\/wp-json\/wp\/v2\/media?parent=2566"}],"curies":[{"name":"wp","href":"https:\/\/api.w.org\/{rel}","templated":true}]}}