{"id":232,"date":"2018-12-25T02:36:59","date_gmt":"2018-12-25T02:36:59","guid":{"rendered":"https:\/\/demo.casethemes.net\/lawsight\/?page_id=232"},"modified":"2023-08-23T09:27:48","modified_gmt":"2023-08-23T09:27:48","slug":"calisma-alanlarimiz","status":"publish","type":"page","link":"https:\/\/yorumezsagir.com\/en\/practice-areas\/","title":{"rendered":"Practice Areas"},"content":{"rendered":"<div class=\"vc_row wpb_row vc_row-fluid bg-image-ps-inherit\"><div class=\"wpb_column vc_column_container vc_col-sm-12\"><div class=\"vc_column-inner vc_custom_1551582928509\"><div class=\"wpb_wrapper\"><div class=\"vc_row wpb_row vc_inner vc_row-fluid\"><div class=\"wpb_column vc_column_container vc_col-sm-3\"><div class=\"vc_column-inner\"><div class=\"wpb_wrapper\"><\/div><\/div><\/div><div class=\"wpb_column vc_column_container vc_col-sm-6 rm-padding-lg\"><div class=\"vc_column-inner vc_custom_1545964623807\"><div class=\"wpb_wrapper\"><div id=\"ct-heading\" class=\"ct-heading  style1 align-center align-center-md align-center-sm align-center-xs\">\n    \n            <style type=\"text\/css\">\n            @media (min-width: 768px) and (max-width: 991px) {\n                #ct-heading .ct-heading-tag {\n                                            font-size: 24px !important;\n                                                        }\n            }\n        <\/style>\n    \n            <style type=\"text\/css\">\n            @media screen and (max-width: 767px) {\n                #ct-heading .ct-heading-tag {\n                                            font-size: 24px !important;\n                                                        }\n            }\n        <\/style>\n                <div class=\"ct-heading-sub\" >\n            <span ><\/span>\n            Y&amp;S Law and Consultancy Office        <\/div>\n            <h3 class=\"ct-heading-tag\" style=\"margin-bottom:0px; \">\n                                    We provide services with <cite>our expert team <\/cite> in line with the needs of our clients.                        <\/h3>\n            <div class=\"h-gap\">\n            <span>\n                <i ><\/i>\n                <i ><\/i>\n                <i ><\/i>\n                <i ><\/i>\n            <\/span>\n        <\/div>\n        <\/div><\/div><\/div><\/div><div class=\"wpb_column vc_column_container vc_col-sm-3\"><div class=\"vc_column-inner\"><div class=\"wpb_wrapper\"><\/div><\/div><\/div><\/div><div class=\"vc_empty_space\"   style=\"height: 35px\"><span class=\"vc_empty_space_inner\"><\/span><\/div>\n<div id=\"ct-service-grid\" class=\"ct-grid ct-grid-service-layout1\">\n\n    \n    <div class=\"ct-grid-inner ct-grid-masonry row\" data-gutter=\"15\">\n                    <div class=\"grid-sizer col-xl-4 col-lg-4 col-md-6 col-sm-6 col-xs-12\"><\/div>\n                    <\/div>\n\n        \n<\/div><\/div><\/div><\/div><\/div><div class=\"vc_row wpb_row vc_row-fluid bg-image-ps-inherit\"><div class=\"wpb_column vc_column_container vc_col-sm-12\"><div class=\"vc_column-inner\"><div class=\"wpb_wrapper\"><div class=\"vc_row wpb_row vc_inner vc_row-fluid\"><div class=\"wpb_column vc_column_container vc_col-sm-4\"><div class=\"vc_column-inner\"><div class=\"wpb_wrapper\"><div class=\"ct-fancybox-layout3 col-same-height\" style=\"\">\n\t<div class=\"ct-fancybox-inner\">\n\t\t                            <div class=\"ct-fancybox-icon\">\n                    <i class=\"fas fa-globe-africa\" style=\"\"><\/i>\n                <\/div>\n                    \n        <div class=\"ct-fancybox-content\">\n                            <h3 class=\"ct-fancybox-title\" style=\"\">\n                    <a href=\"https:\/\/yorumezsagir.com\/en\/practice-areas\/it-law\/\"> Information Technology Law<\/a>                <\/h3>\n                                <\/div>\n\t<\/div>\n<\/div><\/div><\/div><\/div><div class=\"wpb_column vc_column_container vc_col-sm-4\"><div class=\"vc_column-inner\"><div class=\"wpb_wrapper\"><div class=\"ct-fancybox-layout3 col-same-height\" style=\"\">\n\t<div class=\"ct-fancybox-inner\">\n\t\t                            <div class=\"ct-fancybox-icon\">\n                    <i class=\"fas fa-gavel\" style=\"\"><\/i>\n                <\/div>\n                    \n        <div class=\"ct-fancybox-content\">\n                            <h3 class=\"ct-fancybox-title\" style=\"\">\n                    <a href=\"https:\/\/yorumezsagir.com\/en\/practice-areas\/criminal-law\/\"> Criminal Law<\/a>                <\/h3>\n                                <\/div>\n\t<\/div>\n<\/div><\/div><\/div><\/div><div class=\"wpb_column vc_column_container vc_col-sm-4\"><div class=\"vc_column-inner\"><div class=\"wpb_wrapper\"><div class=\"ct-fancybox-layout3 col-same-height\" style=\"\">\n\t<div class=\"ct-fancybox-inner\">\n\t\t                            <div class=\"ct-fancybox-icon\">\n                    <i class=\"fas fa-lightbulb\" style=\"\"><\/i>\n                <\/div>\n                    \n        <div class=\"ct-fancybox-content\">\n                            <h3 class=\"ct-fancybox-title\" style=\"\">\n                    <a href=\"https:\/\/yorumezsagir.com\/en\/practice-areas\/intellectual-industrial-property-law\/\">Intellectual and Industrial Property Law<\/a>                <\/h3>\n                                <\/div>\n\t<\/div>\n<\/div><\/div><\/div><\/div><\/div><div class=\"vc_empty_space\"   style=\"height: 32px\"><span class=\"vc_empty_space_inner\"><\/span><\/div><div class=\"vc_row wpb_row vc_inner vc_row-fluid\"><div class=\"wpb_column vc_column_container vc_col-sm-4\"><div class=\"vc_column-inner\"><div class=\"wpb_wrapper\"><div class=\"ct-fancybox-layout3 col-same-height\" style=\"\">\n\t<div class=\"ct-fancybox-inner\">\n\t\t                            <div class=\"ct-fancybox-icon\">\n                    <i class=\"fas fa-home\" style=\"\"><\/i>\n                <\/div>\n                    \n        <div class=\"ct-fancybox-content\">\n                            <h3 class=\"ct-fancybox-title\" style=\"\">\n                    <a href=\"https:\/\/yorumezsagir.com\/en\/practice-areas\/real-estate-law\/\"> Real Estate Law<\/a>                <\/h3>\n                                <\/div>\n\t<\/div>\n<\/div><\/div><\/div><\/div><div class=\"wpb_column vc_column_container vc_col-sm-4\"><div class=\"vc_column-inner\"><div class=\"wpb_wrapper\"><div class=\"ct-fancybox-layout3 col-same-height\" style=\"\">\n\t<div class=\"ct-fancybox-inner\">\n\t\t                            <div class=\"ct-fancybox-icon\">\n                    <i class=\"zmdi zmdi-balance\" style=\"\"><\/i>\n                <\/div>\n                    \n        <div class=\"ct-fancybox-content\">\n                            <h3 class=\"ct-fancybox-title\" style=\"\">\n                    <a href=\"https:\/\/yorumezsagir.com\/en\/practice-areas\/administrative-law\/\"> Administrative Law<\/a>                <\/h3>\n                                <\/div>\n\t<\/div>\n<\/div><\/div><\/div><\/div><div class=\"wpb_column vc_column_container vc_col-sm-4\"><div class=\"vc_column-inner\"><div class=\"wpb_wrapper\"><div class=\"ct-fancybox-layout3 col-same-height\" style=\"\">\n\t<div class=\"ct-fancybox-inner\">\n\t\t                            <div class=\"ct-fancybox-icon\">\n                    <i class=\"fas fa-money-bill-wave\" style=\"\"><\/i>\n                <\/div>\n                    \n        <div class=\"ct-fancybox-content\">\n                            <h3 class=\"ct-fancybox-title\" style=\"\">\n                    <a href=\"https:\/\/yorumezsagir.com\/en\/practice-areas\/enforcement-bankruptcy-law\/\">Enforcement and Bankruptcy Law<\/a>                <\/h3>\n                                <\/div>\n\t<\/div>\n<\/div><\/div><\/div><\/div><\/div><div class=\"vc_empty_space\"   style=\"height: 32px\"><span class=\"vc_empty_space_inner\"><\/span><\/div><div class=\"vc_empty_space\"   style=\"height: 32px\"><span class=\"vc_empty_space_inner\"><\/span><\/div><div class=\"vc_row wpb_row vc_inner vc_row-fluid\"><div class=\"wpb_column vc_column_container vc_col-sm-4\"><div class=\"vc_column-inner\"><div class=\"wpb_wrapper\"><div class=\"ct-fancybox-layout3 col-same-height\" style=\"\">\n\t<div class=\"ct-fancybox-inner\">\n\t\t                            <div class=\"ct-fancybox-icon\">\n                    <i class=\"fas fa-briefcase\" style=\"\"><\/i>\n                <\/div>\n                    \n        <div class=\"ct-fancybox-content\">\n                            <h3 class=\"ct-fancybox-title\" style=\"\">\n                    <a href=\"https:\/\/yorumezsagir.com\/en\/practice-areas\/labor-social-security-law\/\">Labor and Social Security Law<\/a>                <\/h3>\n                                <\/div>\n\t<\/div>\n<\/div><\/div><\/div><\/div><div class=\"wpb_column vc_column_container vc_col-sm-4\"><div class=\"vc_column-inner\"><div class=\"wpb_wrapper\"><div class=\"ct-fancybox-layout3 col-same-height\" style=\"\">\n\t<div class=\"ct-fancybox-inner\">\n\t\t                            <div class=\"ct-fancybox-icon\">\n                    <i class=\"fas fa-fingerprint\" style=\"\"><\/i>\n                <\/div>\n                    \n        <div class=\"ct-fancybox-content\">\n                            <h3 class=\"ct-fancybox-title\" style=\"\">\n                    <a href=\"https:\/\/yorumezsagir.com\/en\/practice-areas\/personel-data-law\/\">Personel Data Law<\/a>                <\/h3>\n                                <\/div>\n\t<\/div>\n<\/div><\/div><\/div><\/div><div class=\"wpb_column vc_column_container vc_col-sm-4\"><div class=\"vc_column-inner\"><div class=\"wpb_wrapper\"><div class=\"ct-fancybox-layout3 col-same-height\" style=\"\">\n\t<div class=\"ct-fancybox-inner\">\n\t\t                            <div class=\"ct-fancybox-icon\">\n                    <i class=\"flaticon-real-estate\" style=\"\"><\/i>\n                <\/div>\n                    \n        <div class=\"ct-fancybox-content\">\n                            <h3 class=\"ct-fancybox-title\" style=\"\">\n                    <a href=\"https:\/\/yorumezsagir.com\/en\/practice-areas\/inheritance-law\/\"> Inheritance Law<\/a>                <\/h3>\n                                <\/div>\n\t<\/div>\n<\/div><\/div><\/div><\/div><\/div><div class=\"vc_empty_space\"   style=\"height: 32px\"><span class=\"vc_empty_space_inner\"><\/span><\/div><div class=\"vc_row wpb_row vc_inner vc_row-fluid\"><div class=\"wpb_column vc_column_container vc_col-sm-4\"><div class=\"vc_column-inner\"><div class=\"wpb_wrapper\"><div class=\"ct-fancybox-layout3 col-same-height\" style=\"\">\n\t<div class=\"ct-fancybox-inner\">\n\t\t                            <div class=\"ct-fancybox-icon\">\n                    <i class=\"fas fa-futbol\" style=\"\"><\/i>\n                <\/div>\n                    \n        <div class=\"ct-fancybox-content\">\n                            <h3 class=\"ct-fancybox-title\" style=\"\">\n                    <a href=\"https:\/\/yorumezsagir.com\/en\/practice-areas\/sports-law\/\">Sports Law<\/a>                <\/h3>\n                                <\/div>\n\t<\/div>\n<\/div><\/div><\/div><\/div><div class=\"wpb_column vc_column_container vc_col-sm-4\"><div class=\"vc_column-inner\"><div class=\"wpb_wrapper\"><div class=\"ct-fancybox-layout3 col-same-height\" style=\"\">\n\t<div class=\"ct-fancybox-inner\">\n\t\t                            <div class=\"ct-fancybox-icon\">\n                    <i class=\"fas fa-building\" style=\"\"><\/i>\n                <\/div>\n                    \n        <div class=\"ct-fancybox-content\">\n                            <h3 class=\"ct-fancybox-title\" style=\"\">\n                    <a href=\"https:\/\/yorumezsagir.com\/en\/practice-areas\/company-law\/\">Company Law<\/a>                <\/h3>\n                                <\/div>\n\t<\/div>\n<\/div><\/div><\/div><\/div><div class=\"wpb_column vc_column_container vc_col-sm-4\"><div class=\"vc_column-inner\"><div class=\"wpb_wrapper\"><div class=\"ct-fancybox-layout3 col-same-height\" style=\"\">\n\t<div class=\"ct-fancybox-inner\">\n\t\t                            <div class=\"ct-fancybox-icon\">\n                    <i class=\"fas fa-ship\" style=\"\"><\/i>\n                <\/div>\n                    \n        <div class=\"ct-fancybox-content\">\n                            <h3 class=\"ct-fancybox-title\" style=\"\">\n                    <a href=\"https:\/\/yorumezsagir.com\/en\/practice-areas\/international-trade-law\/\">International Trade Law<\/a>                <\/h3>\n                                <\/div>\n\t<\/div>\n<\/div><\/div><\/div><\/div><\/div><div class=\"vc_empty_space\"   style=\"height: 32px\"><span class=\"vc_empty_space_inner\"><\/span><\/div><div class=\"vc_row wpb_row vc_inner vc_row-fluid\"><div class=\"wpb_column vc_column_container vc_col-sm-4\"><div class=\"vc_column-inner\"><div class=\"wpb_wrapper\"><div class=\"ct-fancybox-layout3 col-same-height\" style=\"\">\n\t<div class=\"ct-fancybox-inner\">\n\t\t                            <div class=\"ct-fancybox-icon\">\n                    <i class=\"fas fa-file-invoice\" style=\"\"><\/i>\n                <\/div>\n                    \n        <div class=\"ct-fancybox-content\">\n                            <h3 class=\"ct-fancybox-title\" style=\"\">\n                    <a href=\"https:\/\/yorumezsagir.com\/en\/practice-areas\/tax-law\/\">Tax Law<\/a>                <\/h3>\n                                <\/div>\n\t<\/div>\n<\/div><\/div><\/div><\/div><div class=\"wpb_column vc_column_container vc_col-sm-4\"><div class=\"vc_column-inner\"><div class=\"wpb_wrapper\"><div class=\"ct-fancybox-layout3 col-same-height\" style=\"\">\n\t<div class=\"ct-fancybox-inner\">\n\t\t                            <div class=\"ct-fancybox-icon\">\n                    <i class=\"flaticon-multiple-users-silhouette\" style=\"\"><\/i>\n                <\/div>\n                    \n        <div class=\"ct-fancybox-content\">\n                            <h3 class=\"ct-fancybox-title\" style=\"\">\n                    <a href=\"https:\/\/yorumezsagir.com\/en\/practice-areas\/foreigners-citizenship-law\/\">Foreigners and Citizenship Law<\/a>                <\/h3>\n                                <\/div>\n\t<\/div>\n<\/div><\/div><\/div><\/div><div class=\"wpb_column vc_column_container vc_col-sm-4\"><div class=\"vc_column-inner\"><div class=\"wpb_wrapper\"><\/div><\/div><\/div><\/div><div class=\"vc_empty_space\"   style=\"height: 63px\"><span class=\"vc_empty_space_inner\"><\/span><\/div><\/div><\/div><\/div><\/div>","protected":false},"excerpt":{"rendered":"Y&amp;S Hukuk ve Dan\u0131\u015fmanl\u0131k B\u00fcrosu M\u00fcvekkillerimizin ihtiya\u00e7lar\u0131 do\u011frultusunda alan\u0131nda uzman ekibimizle hizmet vermekteyiz. Bili\u015fim Hukuku Ceza Hukuku Fikri ve S\u0131nai M\u00fclkiyet Hukuku Gayrimenkul Hukuku \u0130dare Hukuku \u0130cra ve \u0130flas Hukuku \u0130\u015f ve Sosyal G\u00fcvenlik Hukuku Ki\u015fisel Veri Hukuku Miras Hukuku Spor Hukuku \u015eirketler Hukuku Uluslararas\u0131 Ticaret Hukuku Vergi Hukuku Yabanc\u0131lar ve Vatanda\u015fl\u0131k Hukuku","protected":false},"author":1,"featured_media":0,"parent":0,"menu_order":0,"comment_status":"closed","ping_status":"closed","template":"","meta":{"footnotes":""},"class_list":["post-232","page","type-page","status-publish","hentry"],"_links":{"self":[{"href":"https:\/\/yorumezsagir.com\/en\/wp-json\/wp\/v2\/pages\/232","targetHints":{"allow":["GET"]}}],"collection":[{"href":"https:\/\/yorumezsagir.com\/en\/wp-json\/wp\/v2\/pages"}],"about":[{"href":"https:\/\/yorumezsagir.com\/en\/wp-json\/wp\/v2\/types\/page"}],"author":[{"embeddable":true,"href":"https:\/\/yorumezsagir.com\/en\/wp-json\/wp\/v2\/users\/1"}],"replies":[{"embeddable":true,"href":"https:\/\/yorumezsagir.com\/en\/wp-json\/wp\/v2\/comments?post=232"}],"version-history":[{"count":8,"href":"https:\/\/yorumezsagir.com\/en\/wp-json\/wp\/v2\/pages\/232\/revisions"}],"predecessor-version":[{"id":2608,"href":"https:\/\/yorumezsagir.com\/en\/wp-json\/wp\/v2\/pages\/232\/revisions\/2608"}],"wp:attachment":[{"href":"https:\/\/yorumezsagir.com\/en\/wp-json\/wp\/v2\/media?parent=232"}],"curies":[{"name":"wp","href":"https:\/\/api.w.org\/{rel}","templated":true}]}}