{"id":2524,"date":"2023-08-17T12:01:49","date_gmt":"2023-08-17T12:01:49","guid":{"rendered":"https:\/\/yorumezsagir.com\/?page_id=2524"},"modified":"2023-08-22T15:00:07","modified_gmt":"2023-08-22T15:00:07","slug":"bilisim-hukuku","status":"publish","type":"page","link":"https:\/\/yorumezsagir.com\/en\/practice-areas\/it-law\/","title":{"rendered":"Information Technology Law"},"content":{"rendered":"<div class=\"vc_row wpb_row vc_row-fluid bg-image-ps-inherit\"><div class=\"wpb_column vc_column_container vc_col-sm-8\"><div class=\"vc_column-inner\"><div class=\"wpb_wrapper\"><div id=\"ct-heading\" class=\"ct-heading  style1 align-left align-left-md align-left-sm align-left-xs\">\n    \n    \n                <h3 class=\"ct-heading-tag\" >\n        Information Technology Law    <\/h3>\n        <\/div><div class=\"vc_message_box vc_message_box-outline vc_message_box-rounded vc_color-info\" ><div class=\"vc_message_box-icon\"><i class=\"fas fa-info-circle\"><\/i><\/div><p>Information Technology Law is a branch of law that deals with the collection, processing, storage and protection of the information used by human beings in technical, economic and social areas through electronic and similar machines and the resolution of disputes arising from these within the framework of technological developments.<\/p>\n<p>As Y&amp;S Law and Consultancy Office, we provide consultancy and advocacy services to our clients in matters such as preparation of contracts related to IT law and conducting contract negotiations; fight against intellectual rights violations on the internet; providing specific legal solutions in the fields of information technology law; follow-up and conclusion of violations on the internet; denial of access; the right to be forgotten and the protection of this right.<\/p>\n<\/div><\/div><\/div><\/div><div class=\"wpb_column vc_column_container vc_col-sm-4\"><div class=\"vc_column-inner\"><div class=\"wpb_wrapper\"><div class=\"ct-button-wrapper align-left align-left-md align-left-sm align-left-xs\">\n\n    <a  href=\"https:\/\/yorumezsagir.com\/en\/practice-areas\/it-law\/\" target=\"_self\" class=\"btn  btn-default size-default\">\n        <span>Information Technology Law<\/span>\n            <\/a>\n\n<\/div><div class=\"vc_empty_space\"   style=\"height: 10px\"><span class=\"vc_empty_space_inner\"><\/span><\/div><div class=\"ct-button-wrapper align-left align-left-md align-left-sm align-left-xs\">\n\n    <a  href=\"https:\/\/yorumezsagir.com\/en\/practice-areas\/criminal-law\/\" target=\"_self\" class=\"btn  btn-gray size-lg\">\n        <span>Criminal Law<\/span>\n            <\/a>\n\n<\/div><div class=\"vc_empty_space\"   style=\"height: 10px\"><span class=\"vc_empty_space_inner\"><\/span><\/div><div class=\"ct-button-wrapper align-left align-left-md align-left-sm align-left-xs\">\n\n    <a  href=\"https:\/\/yorumezsagir.com\/en\/practice-areas\/intellectual-industrial-property-law\/\" target=\"_self\" class=\"btn  btn-gray size-lg\">\n        <span>Intellectual and Industrial Property Law<\/span>\n            <\/a>\n\n<\/div><div class=\"vc_empty_space\"   style=\"height: 10px\"><span class=\"vc_empty_space_inner\"><\/span><\/div><div class=\"ct-button-wrapper align-left align-left-md align-left-sm align-left-xs\">\n\n    <a  href=\"https:\/\/yorumezsagir.com\/en\/calismaalanlarimiz\/gayrimenkul-hukuku\/\" target=\"_self\" class=\"btn  btn-gray size-lg\">\n        <span>Real Estate Law<\/span>\n            <\/a>\n\n<\/div><div class=\"vc_empty_space\"   style=\"height: 10px\"><span class=\"vc_empty_space_inner\"><\/span><\/div><div class=\"ct-button-wrapper align-left align-left-md align-left-sm align-left-xs\">\n\n    <a  href=\"https:\/\/yorumezsagir.com\/en\/practice-areas\/administrative-law\/\" target=\"_self\" class=\"btn  btn-gray size-lg\">\n        <span>Administrative Law<\/span>\n            <\/a>\n\n<\/div><div class=\"vc_empty_space\"   style=\"height: 10px\"><span class=\"vc_empty_space_inner\"><\/span><\/div><div class=\"ct-button-wrapper align-left align-left-md align-left-sm align-left-xs\">\n\n    <a  href=\"https:\/\/yorumezsagir.com\/en\/practice-areas\/enforcement-bankruptcy-law\/\" target=\"_self\" class=\"btn  btn-gray size-lg\">\n        <span>Enforcement and Bankruptcy Law<\/span>\n            <\/a>\n\n<\/div><div class=\"vc_empty_space\"   style=\"height: 10px\"><span class=\"vc_empty_space_inner\"><\/span><\/div><div class=\"ct-button-wrapper align-left align-left-md align-left-sm align-left-xs\">\n\n    <a  href=\"https:\/\/yorumezsagir.com\/en\/practice-areas\/labor-social-security-law\/\" target=\"_self\" class=\"btn  btn-gray size-lg\">\n        <span>Labor and Social Security Law<\/span>\n            <\/a>\n\n<\/div><div class=\"vc_empty_space\"   style=\"height: 10px\"><span class=\"vc_empty_space_inner\"><\/span><\/div><div class=\"ct-button-wrapper align-left align-left-md align-left-sm align-left-xs\">\n\n    <a  href=\"https:\/\/yorumezsagir.com\/en\/practice-areas\/personel-data-law\/\" target=\"_self\" class=\"btn  btn-gray size-lg\">\n        <span>Personel Data Law<\/span>\n            <\/a>\n\n<\/div><div class=\"vc_empty_space\"   style=\"height: 10px\"><span class=\"vc_empty_space_inner\"><\/span><\/div><div class=\"ct-button-wrapper align-left align-left-md align-left-sm align-left-xs\">\n\n    <a  href=\"https:\/\/yorumezsagir.com\/en\/practice-areas\/inheritance-law\/\" target=\"_self\" class=\"btn  btn-gray size-lg\">\n        <span>Inheritance Law<\/span>\n            <\/a>\n\n<\/div><div class=\"vc_empty_space\"   style=\"height: 10px\"><span class=\"vc_empty_space_inner\"><\/span><\/div><div class=\"ct-button-wrapper align-left align-left-md align-left-sm align-left-xs\">\n\n    <a  href=\"https:\/\/yorumezsagir.com\/en\/practice-areas\/sports-law\/\" target=\"_self\" class=\"btn  btn-gray size-lg\">\n        <span>Sports Law<\/span>\n            <\/a>\n\n<\/div><div class=\"vc_empty_space\"   style=\"height: 10px\"><span class=\"vc_empty_space_inner\"><\/span><\/div><div class=\"ct-button-wrapper align-left align-left-md align-left-sm align-left-xs\">\n\n    <a  href=\"https:\/\/yorumezsagir.com\/en\/practice-areas\/company-law\/\" target=\"_self\" class=\"btn  btn-gray size-lg\">\n        <span>Company Law<\/span>\n            <\/a>\n\n<\/div><div class=\"vc_empty_space\"   style=\"height: 10px\"><span class=\"vc_empty_space_inner\"><\/span><\/div><div class=\"ct-button-wrapper align-left align-left-md align-left-sm align-left-xs\">\n\n    <a  href=\"https:\/\/yorumezsagir.com\/en\/practice-areas\/international-trade-law\/\" target=\"_self\" class=\"btn  btn-gray size-lg\">\n        <span>International Trade Law<\/span>\n            <\/a>\n\n<\/div><div class=\"vc_empty_space\"   style=\"height: 10px\"><span class=\"vc_empty_space_inner\"><\/span><\/div><div class=\"ct-button-wrapper align-left align-left-md align-left-sm align-left-xs\">\n\n    <a  href=\"https:\/\/yorumezsagir.com\/en\/practice-areas\/tax-law\/\" target=\"_self\" class=\"btn  btn-gray size-lg\">\n        <span>Tax Law<\/span>\n            <\/a>\n\n<\/div><div class=\"vc_empty_space\"   style=\"height: 10px\"><span class=\"vc_empty_space_inner\"><\/span><\/div><div class=\"ct-button-wrapper align-left align-left-md align-left-sm align-left-xs\">\n\n    <a  href=\"https:\/\/yorumezsagir.com\/en\/practice-areas\/foreigners-citizenship-law\/\" target=\"_self\" class=\"btn  btn-gray size-lg\">\n        <span>Foreigners and Citizenship Law<\/span>\n            <\/a>\n\n<\/div><div class=\"vc_empty_space\"   style=\"height: 10px\"><span class=\"vc_empty_space_inner\"><\/span><\/div><\/div><\/div><\/div><\/div>","protected":false},"excerpt":{"rendered":"Bili\u015fim Hukuku Bili\u015fim Hukuku, teknolojik geli\u015fmeler \u00e7er\u00e7evesinde insano\u011flunun teknik, ekonomik ve toplumsal alanlarda kulland\u0131\u011f\u0131 bilginin, elektronik ve benzeri makineler arac\u0131l\u0131\u011f\u0131yla toplanmas\u0131, i\u015flenmesi, saklanmas\u0131 ve korunmas\u0131 ile bunlardan do\u011fan ihtilaflar\u0131n \u00e7\u00f6z\u00fcm\u00fc ile ilgilenen hukuk dal\u0131d\u0131r. Y&amp;S Hukuk ve Dan\u0131\u015fmanl\u0131k B\u00fcrosu olarak m\u00fcvekkillerimize bili\u015fim hukuku ile ilgili s\u00f6zle\u015fmelerin haz\u0131rlanmas\u0131 ve s\u00f6zle\u015fme m\u00fczakerelerinin y\u00fcr\u00fct\u00fclmesi, internet ortam\u0131nda fikri hak [...]","protected":false},"author":1,"featured_media":0,"parent":232,"menu_order":0,"comment_status":"closed","ping_status":"closed","template":"","meta":{"footnotes":""},"class_list":["post-2524","page","type-page","status-publish","hentry"],"_links":{"self":[{"href":"https:\/\/yorumezsagir.com\/en\/wp-json\/wp\/v2\/pages\/2524","targetHints":{"allow":["GET"]}}],"collection":[{"href":"https:\/\/yorumezsagir.com\/en\/wp-json\/wp\/v2\/pages"}],"about":[{"href":"https:\/\/yorumezsagir.com\/en\/wp-json\/wp\/v2\/types\/page"}],"author":[{"embeddable":true,"href":"https:\/\/yorumezsagir.com\/en\/wp-json\/wp\/v2\/users\/1"}],"replies":[{"embeddable":true,"href":"https:\/\/yorumezsagir.com\/en\/wp-json\/wp\/v2\/comments?post=2524"}],"version-history":[{"count":13,"href":"https:\/\/yorumezsagir.com\/en\/wp-json\/wp\/v2\/pages\/2524\/revisions"}],"predecessor-version":[{"id":2568,"href":"https:\/\/yorumezsagir.com\/en\/wp-json\/wp\/v2\/pages\/2524\/revisions\/2568"}],"up":[{"embeddable":true,"href":"https:\/\/yorumezsagir.com\/en\/wp-json\/wp\/v2\/pages\/232"}],"wp:attachment":[{"href":"https:\/\/yorumezsagir.com\/en\/wp-json\/wp\/v2\/media?parent=2524"}],"curies":[{"name":"wp","href":"https:\/\/api.w.org\/{rel}","templated":true}]}}