{"id":2545,"date":"2023-08-22T09:55:08","date_gmt":"2023-08-22T09:55:08","guid":{"rendered":"https:\/\/yorumezsagir.com\/?page_id=2545"},"modified":"2023-08-22T15:40:51","modified_gmt":"2023-08-22T15:40:51","slug":"gayrimenkul-hukuku","status":"publish","type":"page","link":"https:\/\/yorumezsagir.com\/en\/practice-areas\/real-estate-law\/","title":{"rendered":"Real Estate Law"},"content":{"rendered":"<div class=\"vc_row wpb_row vc_row-fluid bg-image-ps-inherit\"><div class=\"wpb_column vc_column_container vc_col-sm-8\"><div class=\"vc_column-inner\"><div class=\"wpb_wrapper\"><div id=\"ct-heading\" class=\"ct-heading  style1 align-left align-left-md align-left-sm align-left-xs\">\n    \n    \n                <h3 class=\"ct-heading-tag\" >\n        Real Estate Law    <\/h3>\n        <\/div><div class=\"vc_message_box vc_message_box-outline vc_message_box-rounded vc_color-info\" ><div class=\"vc_message_box-icon\"><i class=\"fas fa-info-circle\"><\/i><\/div><p>Real estate law is a branch of law that covers the legislation related to immovable properties such as land, estate, house, apartment and block between individuals or institutions.<\/p>\n<p>As Y&amp;S Law and Consultancy Office, we provide consultancy and advocacy services to our clients in matters such as preparation of the construction contract in return for the floor by our lawyers; preparation of real estate promise contracts; preparation of real estate purchase and sale contracts; opening deed cancellation cases; protecting the interests of foreigners in relation to the immovables they own in our country.<\/p>\n<\/div><\/div><\/div><\/div><div class=\"wpb_column vc_column_container vc_col-sm-4\"><div class=\"vc_column-inner\"><div class=\"wpb_wrapper\"><div class=\"ct-button-wrapper align-left align-left-md align-left-sm align-left-xs\">\n\n    <a  href=\"https:\/\/yorumezsagir.com\/en\/practice-areas\/it-law\/\" target=\"_self\" class=\"btn  btn-gray size-default\">\n        <span>Information Technology Law<\/span>\n            <\/a>\n\n<\/div><div class=\"vc_empty_space\"   style=\"height: 10px\"><span class=\"vc_empty_space_inner\"><\/span><\/div><div class=\"ct-button-wrapper align-left align-left-md align-left-sm align-left-xs\">\n\n    <a  href=\"https:\/\/yorumezsagir.com\/en\/practice-areas\/criminal-law\/\" target=\"_self\" class=\"btn  btn-gray size-lg\">\n        <span>Criminal Law<\/span>\n            <\/a>\n\n<\/div><div class=\"vc_empty_space\"   style=\"height: 10px\"><span class=\"vc_empty_space_inner\"><\/span><\/div><div class=\"ct-button-wrapper align-left align-left-md align-left-sm align-left-xs\">\n\n    <a  href=\"https:\/\/yorumezsagir.com\/en\/practice-areas\/intellectual-industrial-property-law\/\" target=\"_self\" class=\"btn  btn-gray size-lg\">\n        <span>Intellectual and Industrial Property Law<\/span>\n            <\/a>\n\n<\/div><div class=\"vc_empty_space\"   style=\"height: 10px\"><span class=\"vc_empty_space_inner\"><\/span><\/div><div class=\"ct-button-wrapper align-left align-left-md align-left-sm align-left-xs\">\n\n    <a  href=\"https:\/\/yorumezsagir.com\/en\/practice-areas\/real-estate-law\/\" target=\"_self\" class=\"btn  btn-default size-lg\">\n        <span>Real Estate Law<\/span>\n            <\/a>\n\n<\/div><div class=\"vc_empty_space\"   style=\"height: 10px\"><span class=\"vc_empty_space_inner\"><\/span><\/div><div class=\"ct-button-wrapper align-left align-left-md align-left-sm align-left-xs\">\n\n    <a  href=\"https:\/\/yorumezsagir.com\/en\/practice-areas\/administrative-law\/\" target=\"_self\" class=\"btn  btn-gray size-lg\">\n        <span>Administrative Law<\/span>\n            <\/a>\n\n<\/div><div class=\"vc_empty_space\"   style=\"height: 10px\"><span class=\"vc_empty_space_inner\"><\/span><\/div><div class=\"ct-button-wrapper align-left align-left-md align-left-sm align-left-xs\">\n\n    <a  href=\"https:\/\/yorumezsagir.com\/en\/practice-areas\/enforcement-bankruptcy-law\/\" target=\"_self\" class=\"btn  btn-gray size-lg\">\n        <span>Enforcement and Bankruptcy Law<\/span>\n            <\/a>\n\n<\/div><div class=\"vc_empty_space\"   style=\"height: 10px\"><span class=\"vc_empty_space_inner\"><\/span><\/div><div class=\"ct-button-wrapper align-left align-left-md align-left-sm align-left-xs\">\n\n    <a  href=\"https:\/\/yorumezsagir.com\/en\/practice-areas\/labor-social-security-law\/\" target=\"_self\" class=\"btn  btn-gray size-lg\">\n        <span>Labor and Social Security Law<\/span>\n            <\/a>\n\n<\/div><div class=\"vc_empty_space\"   style=\"height: 10px\"><span class=\"vc_empty_space_inner\"><\/span><\/div><div class=\"ct-button-wrapper align-left align-left-md align-left-sm align-left-xs\">\n\n    <a  href=\"https:\/\/yorumezsagir.com\/en\/practice-areas\/personel-data-law\/\" target=\"_self\" class=\"btn  btn-gray size-lg\">\n        <span>Personel Data Law<\/span>\n            <\/a>\n\n<\/div><div class=\"vc_empty_space\"   style=\"height: 10px\"><span class=\"vc_empty_space_inner\"><\/span><\/div><div class=\"ct-button-wrapper align-left align-left-md align-left-sm align-left-xs\">\n\n    <a  href=\"https:\/\/yorumezsagir.com\/en\/practice-areas\/inheritance-law\/\" target=\"_self\" class=\"btn  btn-gray size-lg\">\n        <span>Inheritance Law<\/span>\n            <\/a>\n\n<\/div><div class=\"vc_empty_space\"   style=\"height: 10px\"><span class=\"vc_empty_space_inner\"><\/span><\/div><div class=\"ct-button-wrapper align-left align-left-md align-left-sm align-left-xs\">\n\n    <a  href=\"https:\/\/yorumezsagir.com\/en\/practice-areas\/sports-law\/\" target=\"_self\" class=\"btn  btn-gray size-lg\">\n        <span>Sports Law<\/span>\n            <\/a>\n\n<\/div><div class=\"vc_empty_space\"   style=\"height: 10px\"><span class=\"vc_empty_space_inner\"><\/span><\/div><div class=\"ct-button-wrapper align-left align-left-md align-left-sm align-left-xs\">\n\n    <a  href=\"https:\/\/yorumezsagir.com\/en\/practice-areas\/company-law\/\" target=\"_self\" class=\"btn  btn-gray size-lg\">\n        <span>Company Law<\/span>\n            <\/a>\n\n<\/div><div class=\"vc_empty_space\"   style=\"height: 10px\"><span class=\"vc_empty_space_inner\"><\/span><\/div><div class=\"ct-button-wrapper align-left align-left-md align-left-sm align-left-xs\">\n\n    <a  href=\"https:\/\/yorumezsagir.com\/en\/practice-areas\/international-trade-law\/\" target=\"_self\" class=\"btn  btn-gray size-lg\">\n        <span>International Trade Law<\/span>\n            <\/a>\n\n<\/div><div class=\"vc_empty_space\"   style=\"height: 10px\"><span class=\"vc_empty_space_inner\"><\/span><\/div><div class=\"ct-button-wrapper align-left align-left-md align-left-sm align-left-xs\">\n\n    <a  href=\"https:\/\/yorumezsagir.com\/en\/practice-areas\/tax-law\/\" target=\"_self\" class=\"btn  btn-gray size-lg\">\n        <span>Tax Law<\/span>\n            <\/a>\n\n<\/div><div class=\"vc_empty_space\"   style=\"height: 10px\"><span class=\"vc_empty_space_inner\"><\/span><\/div><div class=\"ct-button-wrapper align-left align-left-md align-left-sm align-left-xs\">\n\n    <a  href=\"https:\/\/yorumezsagir.com\/en\/practice-areas\/foreigners-citizenship-law\/\" target=\"_self\" class=\"btn  btn-gray size-lg\">\n        <span>Foreigners and Citizenship Law<\/span>\n            <\/a>\n\n<\/div><div class=\"vc_empty_space\"   style=\"height: 10px\"><span class=\"vc_empty_space_inner\"><\/span><\/div><\/div><\/div><\/div><\/div>","protected":false},"excerpt":{"rendered":"Gayrimenkul Hukuku Gayrimenkul hukuku bireyler veya kurumlar aras\u0131ndaki arazi, arsa, ev, daire, apartman vb. ta\u015f\u0131nmaz mallarla ilgili mevzuatlar\u0131 kapsayan bir hukuk dal\u0131d\u0131r. Y&amp;S Hukuk ve Dan\u0131\u015fmanl\u0131k B\u00fcrosu olarak kat kar\u015f\u0131l\u0131\u011f\u0131 in\u015faat s\u00f6zle\u015fmesini avukatlar\u0131m\u0131z taraf\u0131ndan haz\u0131rlanmas\u0131, ta\u015f\u0131nmaz sat\u0131\u015f vaadi s\u00f6zle\u015fmelerinin haz\u0131rlanmas\u0131, gayrimenkul al\u0131m-sat\u0131m s\u00f6zle\u015fmelerinin haz\u0131rlanmas\u0131, tapu iptal davalar\u0131n\u0131n a\u00e7\u0131lmas\u0131, yabanc\u0131lar\u0131n \u00fclkemizde sahip olduklar\u0131 ta\u015f\u0131nmazlar ile ilgili [...]","protected":false},"author":1,"featured_media":0,"parent":232,"menu_order":0,"comment_status":"closed","ping_status":"closed","template":"","meta":{"footnotes":""},"class_list":["post-2545","page","type-page","status-publish","hentry"],"_links":{"self":[{"href":"https:\/\/yorumezsagir.com\/en\/wp-json\/wp\/v2\/pages\/2545","targetHints":{"allow":["GET"]}}],"collection":[{"href":"https:\/\/yorumezsagir.com\/en\/wp-json\/wp\/v2\/pages"}],"about":[{"href":"https:\/\/yorumezsagir.com\/en\/wp-json\/wp\/v2\/types\/page"}],"author":[{"embeddable":true,"href":"https:\/\/yorumezsagir.com\/en\/wp-json\/wp\/v2\/users\/1"}],"replies":[{"embeddable":true,"href":"https:\/\/yorumezsagir.com\/en\/wp-json\/wp\/v2\/comments?post=2545"}],"version-history":[{"count":2,"href":"https:\/\/yorumezsagir.com\/en\/wp-json\/wp\/v2\/pages\/2545\/revisions"}],"predecessor-version":[{"id":2588,"href":"https:\/\/yorumezsagir.com\/en\/wp-json\/wp\/v2\/pages\/2545\/revisions\/2588"}],"up":[{"embeddable":true,"href":"https:\/\/yorumezsagir.com\/en\/wp-json\/wp\/v2\/pages\/232"}],"wp:attachment":[{"href":"https:\/\/yorumezsagir.com\/en\/wp-json\/wp\/v2\/media?parent=2545"}],"curies":[{"name":"wp","href":"https:\/\/api.w.org\/{rel}","templated":true}]}}