{"id":2549,"date":"2023-08-22T09:57:19","date_gmt":"2023-08-22T09:57:19","guid":{"rendered":"https:\/\/yorumezsagir.com\/?page_id=2549"},"modified":"2023-08-22T15:43:35","modified_gmt":"2023-08-22T15:43:35","slug":"icra-ve-iflas-hukuku","status":"publish","type":"page","link":"https:\/\/yorumezsagir.com\/en\/practice-areas\/enforcement-bankruptcy-law\/","title":{"rendered":"Enforcement and Bankruptcy Law"},"content":{"rendered":"<div class=\"vc_row wpb_row vc_row-fluid bg-image-ps-inherit\"><div class=\"wpb_column vc_column_container vc_col-sm-8\"><div class=\"vc_column-inner\"><div class=\"wpb_wrapper\"><div id=\"ct-heading\" class=\"ct-heading  style1 align-left align-left-md align-left-sm align-left-xs\">\n    \n    \n                <h3 class=\"ct-heading-tag\" >\n        Enforcement and Bankruptcy Law    <\/h3>\n        <\/div><div class=\"vc_message_box vc_message_box-outline vc_message_box-rounded vc_color-info\" ><div class=\"vc_message_box-icon\"><i class=\"fas fa-info-circle\"><\/i><\/div><p>Enforcement law is a branch of law that enables individuals, banks and companies to collect their receivables arising from reasons such as checks, promissory notes, policies and loans through law.<\/p>\n<p>As Y&amp;S Law and Consultancy Office, we provide consultancy and advocacy services to our clients in all matters related to enforcement and bankruptcy law, such as execution follow-up for the collection of receivables based on checks and annuities; execution follow-up for the collection of receivables based on current account and invoices; bankruptcy proceedings to be made against the debtor in order to obtain the receivables of the real and legal persons who are creditors, and the opening and follow-up of the bankruptcy lawsuit accordingly; filing a negative declaratory action and following up the litigation process in order to determine that there is no debt due to unfair and unfounded claims; providing legal support for the creditor and debtor to create a basis for agreement; the follow-up and conclusion of independent cases of real and legal persons arising from enforcement and bankruptcy law.<\/p>\n<\/div><\/div><\/div><\/div><div class=\"wpb_column vc_column_container vc_col-sm-4\"><div class=\"vc_column-inner\"><div class=\"wpb_wrapper\"><div class=\"ct-button-wrapper align-left align-left-md align-left-sm align-left-xs\">\n\n    <a  href=\"https:\/\/yorumezsagir.com\/en\/practice-areas\/it-law\/\" target=\"_self\" class=\"btn  btn-gray size-default\">\n        <span>Information Technology Law<\/span>\n            <\/a>\n\n<\/div><div class=\"vc_empty_space\"   style=\"height: 10px\"><span class=\"vc_empty_space_inner\"><\/span><\/div><div class=\"ct-button-wrapper align-left align-left-md align-left-sm align-left-xs\">\n\n    <a  href=\"https:\/\/yorumezsagir.com\/en\/practice-areas\/criminal-law\/\" target=\"_self\" class=\"btn  btn-gray size-lg\">\n        <span>Criminal Law<\/span>\n            <\/a>\n\n<\/div><div class=\"vc_empty_space\"   style=\"height: 10px\"><span class=\"vc_empty_space_inner\"><\/span><\/div><div class=\"ct-button-wrapper align-left align-left-md align-left-sm align-left-xs\">\n\n    <a  href=\"https:\/\/yorumezsagir.com\/en\/practice-areas\/intellectual-industrial-property-law\/\" target=\"_self\" class=\"btn  btn-gray size-lg\">\n        <span>Intellectual and Industrial Property Law<\/span>\n            <\/a>\n\n<\/div><div class=\"vc_empty_space\"   style=\"height: 10px\"><span class=\"vc_empty_space_inner\"><\/span><\/div><div class=\"ct-button-wrapper align-left align-left-md align-left-sm align-left-xs\">\n\n    <a  href=\"https:\/\/yorumezsagir.com\/en\/practice-areas\/real-estate-law\/\" target=\"_self\" class=\"btn  btn-gray size-lg\">\n        <span>Real Estate Law<\/span>\n            <\/a>\n\n<\/div><div class=\"vc_empty_space\"   style=\"height: 10px\"><span class=\"vc_empty_space_inner\"><\/span><\/div><div class=\"ct-button-wrapper align-left align-left-md align-left-sm align-left-xs\">\n\n    <a  href=\"https:\/\/yorumezsagir.com\/en\/practice-areas\/administrative-law\/\" target=\"_self\" class=\"btn  btn-gray size-lg\">\n        <span>Administrative Law<\/span>\n            <\/a>\n\n<\/div><div class=\"vc_empty_space\"   style=\"height: 10px\"><span class=\"vc_empty_space_inner\"><\/span><\/div><div class=\"ct-button-wrapper align-left align-left-md align-left-sm align-left-xs\">\n\n    <a  href=\"https:\/\/yorumezsagir.com\/en\/practice-areas\/enforcement-bankruptcy-law\/\" target=\"_self\" class=\"btn  btn-default size-lg\">\n        <span>Enforcement and Bankruptcy Law<\/span>\n            <\/a>\n\n<\/div><div class=\"vc_empty_space\"   style=\"height: 10px\"><span class=\"vc_empty_space_inner\"><\/span><\/div><div class=\"ct-button-wrapper align-left align-left-md align-left-sm align-left-xs\">\n\n    <a  href=\"https:\/\/yorumezsagir.com\/en\/practice-areas\/labor-social-security-law\/\" target=\"_self\" class=\"btn  btn-gray size-lg\">\n        <span>Labor and Social Security Law<\/span>\n            <\/a>\n\n<\/div><div class=\"vc_empty_space\"   style=\"height: 10px\"><span class=\"vc_empty_space_inner\"><\/span><\/div><div class=\"ct-button-wrapper align-left align-left-md align-left-sm align-left-xs\">\n\n    <a  href=\"https:\/\/yorumezsagir.com\/en\/practice-areas\/personel-data-law\/\" target=\"_self\" class=\"btn  btn-gray size-lg\">\n        <span>Personel Data Law<\/span>\n            <\/a>\n\n<\/div><div class=\"vc_empty_space\"   style=\"height: 10px\"><span class=\"vc_empty_space_inner\"><\/span><\/div><div class=\"ct-button-wrapper align-left align-left-md align-left-sm align-left-xs\">\n\n    <a  href=\"https:\/\/yorumezsagir.com\/en\/practice-areas\/inheritance-law\/\" target=\"_self\" class=\"btn  btn-gray size-lg\">\n        <span>Inheritance Law<\/span>\n            <\/a>\n\n<\/div><div class=\"vc_empty_space\"   style=\"height: 10px\"><span class=\"vc_empty_space_inner\"><\/span><\/div><div class=\"ct-button-wrapper align-left align-left-md align-left-sm align-left-xs\">\n\n    <a  href=\"https:\/\/yorumezsagir.com\/en\/practice-areas\/sports-law\/\" target=\"_self\" class=\"btn  btn-gray size-lg\">\n        <span>Sports Law<\/span>\n            <\/a>\n\n<\/div><div class=\"vc_empty_space\"   style=\"height: 10px\"><span class=\"vc_empty_space_inner\"><\/span><\/div><div class=\"ct-button-wrapper align-left align-left-md align-left-sm align-left-xs\">\n\n    <a  href=\"https:\/\/yorumezsagir.com\/en\/practice-areas\/company-law\/\" target=\"_self\" class=\"btn  btn-gray size-lg\">\n        <span>Company Law<\/span>\n            <\/a>\n\n<\/div><div class=\"vc_empty_space\"   style=\"height: 10px\"><span class=\"vc_empty_space_inner\"><\/span><\/div><div class=\"ct-button-wrapper align-left align-left-md align-left-sm align-left-xs\">\n\n    <a  href=\"https:\/\/yorumezsagir.com\/en\/practice-areas\/international-trade-law\/\" target=\"_self\" class=\"btn  btn-gray size-lg\">\n        <span>International Trade Law<\/span>\n            <\/a>\n\n<\/div><div class=\"vc_empty_space\"   style=\"height: 10px\"><span class=\"vc_empty_space_inner\"><\/span><\/div><div class=\"ct-button-wrapper align-left align-left-md align-left-sm align-left-xs\">\n\n    <a  href=\"https:\/\/yorumezsagir.com\/en\/practice-areas\/tax-law\/\" target=\"_self\" class=\"btn  btn-gray size-lg\">\n        <span>Tax Law<\/span>\n            <\/a>\n\n<\/div><div class=\"vc_empty_space\"   style=\"height: 10px\"><span class=\"vc_empty_space_inner\"><\/span><\/div><div class=\"ct-button-wrapper align-left align-left-md align-left-sm align-left-xs\">\n\n    <a  href=\"https:\/\/yorumezsagir.com\/en\/practice-areas\/foreigners-citizenship-law\/\" target=\"_self\" class=\"btn  btn-gray size-lg\">\n        <span>Foreigners and Citizenship Law<\/span>\n            <\/a>\n\n<\/div><div class=\"vc_empty_space\"   style=\"height: 10px\"><span class=\"vc_empty_space_inner\"><\/span><\/div><\/div><\/div><\/div><\/div>","protected":false},"excerpt":{"rendered":"\u0130cra ve \u0130flas Hukuku \u0130cra hukuku; ki\u015filerin, bankalar\u0131n, \u015firketlerin \u00e7ek, senet, poli\u00e7e, kredi vb. Nedenlerden kaynaklanan alacaklar\u0131n\u0131n kanun yoluyla tahsil edilmesini sa\u011flayan hukuk dal\u0131d\u0131r. Y&amp;S Hukuk ve Dan\u0131\u015fmanl\u0131k B\u00fcrosu olarak, \u00e7ek ve senede dayal\u0131 alacaklar\u0131n tahsili i\u00e7in icra takibi yap\u0131lmas\u0131, cari hesap ve faturaya dayal\u0131 alacaklar\u0131n tahsili i\u00e7in icra takibi yap\u0131lmas\u0131, alacakl\u0131 ger\u00e7ek ve t\u00fczel [...]","protected":false},"author":1,"featured_media":0,"parent":232,"menu_order":0,"comment_status":"closed","ping_status":"closed","template":"","meta":{"footnotes":""},"class_list":["post-2549","page","type-page","status-publish","hentry"],"_links":{"self":[{"href":"https:\/\/yorumezsagir.com\/en\/wp-json\/wp\/v2\/pages\/2549","targetHints":{"allow":["GET"]}}],"collection":[{"href":"https:\/\/yorumezsagir.com\/en\/wp-json\/wp\/v2\/pages"}],"about":[{"href":"https:\/\/yorumezsagir.com\/en\/wp-json\/wp\/v2\/types\/page"}],"author":[{"embeddable":true,"href":"https:\/\/yorumezsagir.com\/en\/wp-json\/wp\/v2\/users\/1"}],"replies":[{"embeddable":true,"href":"https:\/\/yorumezsagir.com\/en\/wp-json\/wp\/v2\/comments?post=2549"}],"version-history":[{"count":2,"href":"https:\/\/yorumezsagir.com\/en\/wp-json\/wp\/v2\/pages\/2549\/revisions"}],"predecessor-version":[{"id":2590,"href":"https:\/\/yorumezsagir.com\/en\/wp-json\/wp\/v2\/pages\/2549\/revisions\/2590"}],"up":[{"embeddable":true,"href":"https:\/\/yorumezsagir.com\/en\/wp-json\/wp\/v2\/pages\/232"}],"wp:attachment":[{"href":"https:\/\/yorumezsagir.com\/en\/wp-json\/wp\/v2\/media?parent=2549"}],"curies":[{"name":"wp","href":"https:\/\/api.w.org\/{rel}","templated":true}]}}