{"id":2553,"date":"2023-08-22T09:58:57","date_gmt":"2023-08-22T09:58:57","guid":{"rendered":"https:\/\/yorumezsagir.com\/?page_id=2553"},"modified":"2023-08-22T15:48:08","modified_gmt":"2023-08-22T15:48:08","slug":"kisisel-veri-hukuku","status":"publish","type":"page","link":"https:\/\/yorumezsagir.com\/en\/practice-areas\/personel-data-law\/","title":{"rendered":"Personel Data Law"},"content":{"rendered":"<div class=\"vc_row wpb_row vc_row-fluid bg-image-ps-inherit\"><div class=\"wpb_column vc_column_container vc_col-sm-8\"><div class=\"vc_column-inner\"><div class=\"wpb_wrapper\"><div id=\"ct-heading\" class=\"ct-heading  style1 align-left align-left-md align-left-sm align-left-xs\">\n    \n    \n                <h3 class=\"ct-heading-tag\" >\n        Personel Data Law    <\/h3>\n        <\/div><div class=\"vc_message_box vc_message_box-outline vc_message_box-rounded vc_color-info\" ><div class=\"vc_message_box-icon\"><i class=\"fas fa-info-circle\"><\/i><\/div><p>All kinds of transactions such as obtaining, recording, storing, preserving, changing, rearranging, disclosure, transferring, taking over or classifying personal data are considered as personal data processing and must comply with the rules regulated in the Law.<\/p>\n<p>As Y&amp;S Law and Consultancy Office, we provide consultancy and advocacy services to our clients in matters such as determination of the rights and obligations of clients within the framework of the personal data protection law and all relevant legislation; supervision of legal compliance of personal data storage, processing and sharing procedures; preparation of contracts within the scope of personal data protection legislation and sharing up-to-date information; preparation of data inventory; risk analysis and elimination of potential risks; registration of data inventory in VERBIS system.<\/p>\n<\/div><\/div><\/div><\/div><div class=\"wpb_column vc_column_container vc_col-sm-4\"><div class=\"vc_column-inner\"><div class=\"wpb_wrapper\"><div class=\"ct-button-wrapper align-left align-left-md align-left-sm align-left-xs\">\n\n    <a  href=\"https:\/\/yorumezsagir.com\/en\/practice-areas\/it-law\/\" target=\"_self\" class=\"btn  btn-gray size-default\">\n        <span>Information Technology Law<\/span>\n            <\/a>\n\n<\/div><div class=\"vc_empty_space\"   style=\"height: 10px\"><span class=\"vc_empty_space_inner\"><\/span><\/div><div class=\"ct-button-wrapper align-left align-left-md align-left-sm align-left-xs\">\n\n    <a  href=\"https:\/\/yorumezsagir.com\/en\/practice-areas\/criminal-law\/\" target=\"_self\" class=\"btn  btn-gray size-lg\">\n        <span>Criminal Law<\/span>\n            <\/a>\n\n<\/div><div class=\"vc_empty_space\"   style=\"height: 10px\"><span class=\"vc_empty_space_inner\"><\/span><\/div><div class=\"ct-button-wrapper align-left align-left-md align-left-sm align-left-xs\">\n\n    <a  href=\"https:\/\/yorumezsagir.com\/en\/practice-areas\/intellectual-industrial-property-law\/\" target=\"_self\" class=\"btn  btn-gray size-lg\">\n        <span>Intellectual and Industrial Property Law<\/span>\n            <\/a>\n\n<\/div><div class=\"vc_empty_space\"   style=\"height: 10px\"><span class=\"vc_empty_space_inner\"><\/span><\/div><div class=\"ct-button-wrapper align-left align-left-md align-left-sm align-left-xs\">\n\n    <a  href=\"https:\/\/yorumezsagir.com\/en\/practice-areas\/real-estate-law\/\" target=\"_self\" class=\"btn  btn-gray size-lg\">\n        <span>Real Estate Law<\/span>\n            <\/a>\n\n<\/div><div class=\"vc_empty_space\"   style=\"height: 10px\"><span class=\"vc_empty_space_inner\"><\/span><\/div><div class=\"ct-button-wrapper align-left align-left-md align-left-sm align-left-xs\">\n\n    <a  href=\"https:\/\/yorumezsagir.com\/en\/practice-areas\/administrative-law\/\" target=\"_self\" class=\"btn  btn-gray size-lg\">\n        <span>Administrative Law<\/span>\n            <\/a>\n\n<\/div><div class=\"vc_empty_space\"   style=\"height: 10px\"><span class=\"vc_empty_space_inner\"><\/span><\/div><div class=\"ct-button-wrapper align-left align-left-md align-left-sm align-left-xs\">\n\n    <a  href=\"https:\/\/yorumezsagir.com\/en\/practice-areas\/enforcement-bankruptcy-law\/\" target=\"_self\" class=\"btn  btn-gray size-lg\">\n        <span>Enforcement and Bankruptcy Law<\/span>\n            <\/a>\n\n<\/div><div class=\"vc_empty_space\"   style=\"height: 10px\"><span class=\"vc_empty_space_inner\"><\/span><\/div><div class=\"ct-button-wrapper align-left align-left-md align-left-sm align-left-xs\">\n\n    <a  href=\"https:\/\/yorumezsagir.com\/en\/practice-areas\/labor-social-security-law\/\" target=\"_self\" class=\"btn  btn-gray size-lg\">\n        <span>Labor and Social Security Law<\/span>\n            <\/a>\n\n<\/div><div class=\"vc_empty_space\"   style=\"height: 10px\"><span class=\"vc_empty_space_inner\"><\/span><\/div><div class=\"ct-button-wrapper align-left align-left-md align-left-sm align-left-xs\">\n\n    <a  href=\"https:\/\/yorumezsagir.com\/en\/practice-areas\/personel-data-law\/\" target=\"_self\" class=\"btn  btn-default size-lg\">\n        <span>Personel Data Law<\/span>\n            <\/a>\n\n<\/div><div class=\"vc_empty_space\"   style=\"height: 10px\"><span class=\"vc_empty_space_inner\"><\/span><\/div><div class=\"ct-button-wrapper align-left align-left-md align-left-sm align-left-xs\">\n\n    <a  href=\"https:\/\/yorumezsagir.com\/en\/practice-areas\/inheritance-law\/\" target=\"_self\" class=\"btn  btn-gray size-lg\">\n        <span>Inheritance Law<\/span>\n            <\/a>\n\n<\/div><div class=\"vc_empty_space\"   style=\"height: 10px\"><span class=\"vc_empty_space_inner\"><\/span><\/div><div class=\"ct-button-wrapper align-left align-left-md align-left-sm align-left-xs\">\n\n    <a  href=\"https:\/\/yorumezsagir.com\/en\/practice-areas\/sports-law\/\" target=\"_self\" class=\"btn  btn-gray size-lg\">\n        <span>Sports Law<\/span>\n            <\/a>\n\n<\/div><div class=\"vc_empty_space\"   style=\"height: 10px\"><span class=\"vc_empty_space_inner\"><\/span><\/div><div class=\"ct-button-wrapper align-left align-left-md align-left-sm align-left-xs\">\n\n    <a  href=\"https:\/\/yorumezsagir.com\/en\/practice-areas\/company-law\/\" target=\"_self\" class=\"btn  btn-gray size-lg\">\n        <span>Company Law<\/span>\n            <\/a>\n\n<\/div><div class=\"vc_empty_space\"   style=\"height: 10px\"><span class=\"vc_empty_space_inner\"><\/span><\/div><div class=\"ct-button-wrapper align-left align-left-md align-left-sm align-left-xs\">\n\n    <a  href=\"https:\/\/yorumezsagir.com\/en\/practice-areas\/international-trade-law\/\" target=\"_self\" class=\"btn  btn-gray size-lg\">\n        <span>International Trade Law<\/span>\n            <\/a>\n\n<\/div><div class=\"vc_empty_space\"   style=\"height: 10px\"><span class=\"vc_empty_space_inner\"><\/span><\/div><div class=\"ct-button-wrapper align-left align-left-md align-left-sm align-left-xs\">\n\n    <a  href=\"https:\/\/yorumezsagir.com\/en\/practice-areas\/tax-law\/\" target=\"_self\" class=\"btn  btn-gray size-lg\">\n        <span>Tax Law<\/span>\n            <\/a>\n\n<\/div><div class=\"vc_empty_space\"   style=\"height: 10px\"><span class=\"vc_empty_space_inner\"><\/span><\/div><div class=\"ct-button-wrapper align-left align-left-md align-left-sm align-left-xs\">\n\n    <a  href=\"https:\/\/yorumezsagir.com\/en\/practice-areas\/foreigners-citizenship-law\/\" target=\"_self\" class=\"btn  btn-gray size-lg\">\n        <span>Foreigners and Citizenship Law<\/span>\n            <\/a>\n\n<\/div><div class=\"vc_empty_space\"   style=\"height: 10px\"><span class=\"vc_empty_space_inner\"><\/span><\/div><\/div><\/div><\/div><\/div>","protected":false},"excerpt":{"rendered":"Ki\u015fisel Veri Hukuku Ki\u015fisel verilerin; elde edilmesi, kaydedilmesi, depolanmas\u0131, muhafaza edilmesi, de\u011fi\u015ftirilmesi, yeniden d\u00fczenlenmesi, a\u00e7\u0131klanmas\u0131, aktar\u0131lmas\u0131, devral\u0131nmas\u0131 veya s\u0131n\u0131fland\u0131r\u0131lmas\u0131 gibi her t\u00fcrl\u00fc i\u015flem ki\u015fisel veri i\u015fleme olarak kabul edilmektedir ve Kanun\u2019da d\u00fczenlenen kurallara uygun olmal\u0131d\u0131r. Y&amp;S Hukuk ve Dan\u0131\u015fmanl\u0131k B\u00fcrosu olarak, ki\u015fisel verilerin korunmas\u0131 kanunu ve ilgili t\u00fcm mevzuat \u00e7er\u00e7evesinde m\u00fcvekkillerin hak ve y\u00fck\u00fcml\u00fcl\u00fcklerinin tespiti, [...]","protected":false},"author":1,"featured_media":0,"parent":232,"menu_order":0,"comment_status":"closed","ping_status":"closed","template":"","meta":{"footnotes":""},"class_list":["post-2553","page","type-page","status-publish","hentry"],"_links":{"self":[{"href":"https:\/\/yorumezsagir.com\/en\/wp-json\/wp\/v2\/pages\/2553","targetHints":{"allow":["GET"]}}],"collection":[{"href":"https:\/\/yorumezsagir.com\/en\/wp-json\/wp\/v2\/pages"}],"about":[{"href":"https:\/\/yorumezsagir.com\/en\/wp-json\/wp\/v2\/types\/page"}],"author":[{"embeddable":true,"href":"https:\/\/yorumezsagir.com\/en\/wp-json\/wp\/v2\/users\/1"}],"replies":[{"embeddable":true,"href":"https:\/\/yorumezsagir.com\/en\/wp-json\/wp\/v2\/comments?post=2553"}],"version-history":[{"count":2,"href":"https:\/\/yorumezsagir.com\/en\/wp-json\/wp\/v2\/pages\/2553\/revisions"}],"predecessor-version":[{"id":2592,"href":"https:\/\/yorumezsagir.com\/en\/wp-json\/wp\/v2\/pages\/2553\/revisions\/2592"}],"up":[{"embeddable":true,"href":"https:\/\/yorumezsagir.com\/en\/wp-json\/wp\/v2\/pages\/232"}],"wp:attachment":[{"href":"https:\/\/yorumezsagir.com\/en\/wp-json\/wp\/v2\/media?parent=2553"}],"curies":[{"name":"wp","href":"https:\/\/api.w.org\/{rel}","templated":true}]}}