{"id":2555,"date":"2023-08-22T09:59:32","date_gmt":"2023-08-22T09:59:32","guid":{"rendered":"https:\/\/yorumezsagir.com\/?page_id=2555"},"modified":"2023-08-22T15:50:48","modified_gmt":"2023-08-22T15:50:48","slug":"spor-hukuku","status":"publish","type":"page","link":"https:\/\/yorumezsagir.com\/en\/practice-areas\/sports-law\/","title":{"rendered":"Sports Law"},"content":{"rendered":"<div class=\"vc_row wpb_row vc_row-fluid bg-image-ps-inherit\"><div class=\"wpb_column vc_column_container vc_col-sm-8\"><div class=\"vc_column-inner\"><div class=\"wpb_wrapper\"><div id=\"ct-heading\" class=\"ct-heading  style1 align-left align-left-md align-left-sm align-left-xs\">\n    \n    \n                <h3 class=\"ct-heading-tag\" >\n        Sports Law    <\/h3>\n        <\/div><div class=\"vc_message_box vc_message_box-outline vc_message_box-rounded vc_color-info\" ><div class=\"vc_message_box-icon\"><i class=\"fas fa-info-circle\"><\/i><\/div><p>The sports industry has become a major industry in recent years. Investments in sports organizations, commercial activities in the field of sports and broadcasting of sports competitions require legal support on a global scale.<\/p>\n<p>As Y&amp;S Law and Consultancy Office, we provide consultancy services to our clients on execution of the process of corporatization of sports clubs and follow-up of necessary division, transfer and other legal proceedings in this process, the preparation of contracts regarding all kinds of publications, sponsorships, advertisements, tickets, etc. arising from sports activities, the preparation of contracts such as athlete, manager, transfer contracts concluded between athletes, coaches, athlete representatives and sports clubs operating in all sports branches; on legislation and practices created by national and international sports federations and sports authorities.<\/p>\n<\/div><\/div><\/div><\/div><div class=\"wpb_column vc_column_container vc_col-sm-4\"><div class=\"vc_column-inner\"><div class=\"wpb_wrapper\"><div class=\"ct-button-wrapper align-left align-left-md align-left-sm align-left-xs\">\n\n    <a  href=\"https:\/\/yorumezsagir.com\/en\/practice-areas\/it-law\/\" target=\"_self\" class=\"btn  btn-gray size-default\">\n        <span>Information Technology Law<\/span>\n            <\/a>\n\n<\/div><div class=\"vc_empty_space\"   style=\"height: 10px\"><span class=\"vc_empty_space_inner\"><\/span><\/div><div class=\"ct-button-wrapper align-left align-left-md align-left-sm align-left-xs\">\n\n    <a  href=\"https:\/\/yorumezsagir.com\/en\/practice-areas\/criminal-law\/\" target=\"_self\" class=\"btn  btn-gray size-lg\">\n        <span>Criminal Law<\/span>\n            <\/a>\n\n<\/div><div class=\"vc_empty_space\"   style=\"height: 10px\"><span class=\"vc_empty_space_inner\"><\/span><\/div><div class=\"ct-button-wrapper align-left align-left-md align-left-sm align-left-xs\">\n\n    <a  href=\"https:\/\/yorumezsagir.com\/en\/practice-areas\/intellectual-industrial-property-law\/\" target=\"_self\" class=\"btn  btn-gray size-lg\">\n        <span>Intellectual and Industrial Property Law<\/span>\n            <\/a>\n\n<\/div><div class=\"vc_empty_space\"   style=\"height: 10px\"><span class=\"vc_empty_space_inner\"><\/span><\/div><div class=\"ct-button-wrapper align-left align-left-md align-left-sm align-left-xs\">\n\n    <a  href=\"https:\/\/yorumezsagir.com\/en\/practice-areas\/real-estate-law\/\" target=\"_self\" class=\"btn  btn-gray size-lg\">\n        <span>Real Estate Law<\/span>\n            <\/a>\n\n<\/div><div class=\"vc_empty_space\"   style=\"height: 10px\"><span class=\"vc_empty_space_inner\"><\/span><\/div><div class=\"ct-button-wrapper align-left align-left-md align-left-sm align-left-xs\">\n\n    <a  href=\"https:\/\/yorumezsagir.com\/en\/practice-areas\/administrative-law\/\" target=\"_self\" class=\"btn  btn-gray size-lg\">\n        <span>Administrative Law<\/span>\n            <\/a>\n\n<\/div><div class=\"vc_empty_space\"   style=\"height: 10px\"><span class=\"vc_empty_space_inner\"><\/span><\/div><div class=\"ct-button-wrapper align-left align-left-md align-left-sm align-left-xs\">\n\n    <a  href=\"https:\/\/yorumezsagir.com\/en\/practice-areas\/enforcement-bankruptcy-law\/\" target=\"_self\" class=\"btn  btn-gray size-lg\">\n        <span>Enforcement and Bankruptcy Law<\/span>\n            <\/a>\n\n<\/div><div class=\"vc_empty_space\"   style=\"height: 10px\"><span class=\"vc_empty_space_inner\"><\/span><\/div><div class=\"ct-button-wrapper align-left align-left-md align-left-sm align-left-xs\">\n\n    <a  href=\"https:\/\/yorumezsagir.com\/en\/practice-areas\/labor-social-security-law\/\" target=\"_self\" class=\"btn  btn-gray size-lg\">\n        <span>Labor and Social Security Law<\/span>\n            <\/a>\n\n<\/div><div class=\"vc_empty_space\"   style=\"height: 10px\"><span class=\"vc_empty_space_inner\"><\/span><\/div><div class=\"ct-button-wrapper align-left align-left-md align-left-sm align-left-xs\">\n\n    <a  href=\"https:\/\/yorumezsagir.com\/en\/practice-areas\/personel-data-law\/\" target=\"_self\" class=\"btn  btn-gray size-lg\">\n        <span>Personel Data Law<\/span>\n            <\/a>\n\n<\/div><div class=\"vc_empty_space\"   style=\"height: 10px\"><span class=\"vc_empty_space_inner\"><\/span><\/div><div class=\"ct-button-wrapper align-left align-left-md align-left-sm align-left-xs\">\n\n    <a  href=\"https:\/\/yorumezsagir.com\/en\/practice-areas\/inheritance-law\/\" target=\"_self\" class=\"btn  btn-gray size-lg\">\n        <span>Inheritance Law<\/span>\n            <\/a>\n\n<\/div><div class=\"vc_empty_space\"   style=\"height: 10px\"><span class=\"vc_empty_space_inner\"><\/span><\/div><div class=\"ct-button-wrapper align-left align-left-md align-left-sm align-left-xs\">\n\n    <a  href=\"https:\/\/yorumezsagir.com\/en\/practice-areas\/sports-law\/\" target=\"_self\" class=\"btn  btn-default size-lg\">\n        <span>Sports Law<\/span>\n            <\/a>\n\n<\/div><div class=\"vc_empty_space\"   style=\"height: 10px\"><span class=\"vc_empty_space_inner\"><\/span><\/div><div class=\"ct-button-wrapper align-left align-left-md align-left-sm align-left-xs\">\n\n    <a  href=\"https:\/\/yorumezsagir.com\/en\/practice-areas\/company-law\/\" target=\"_self\" class=\"btn  btn-gray size-lg\">\n        <span>Company Law<\/span>\n            <\/a>\n\n<\/div><div class=\"vc_empty_space\"   style=\"height: 10px\"><span class=\"vc_empty_space_inner\"><\/span><\/div><div class=\"ct-button-wrapper align-left align-left-md align-left-sm align-left-xs\">\n\n    <a  href=\"https:\/\/yorumezsagir.com\/en\/practice-areas\/international-trade-law\/\" target=\"_self\" class=\"btn  btn-gray size-lg\">\n        <span>International Trade Law<\/span>\n            <\/a>\n\n<\/div><div class=\"vc_empty_space\"   style=\"height: 10px\"><span class=\"vc_empty_space_inner\"><\/span><\/div><div class=\"ct-button-wrapper align-left align-left-md align-left-sm align-left-xs\">\n\n    <a  href=\"https:\/\/yorumezsagir.com\/en\/practice-areas\/tax-law\/\" target=\"_self\" class=\"btn  btn-gray size-lg\">\n        <span>Tax Law<\/span>\n            <\/a>\n\n<\/div><div class=\"vc_empty_space\"   style=\"height: 10px\"><span class=\"vc_empty_space_inner\"><\/span><\/div><div class=\"ct-button-wrapper align-left align-left-md align-left-sm align-left-xs\">\n\n    <a  href=\"https:\/\/yorumezsagir.com\/en\/practice-areas\/foreigners-citizenship-law\/\" target=\"_self\" class=\"btn  btn-gray size-lg\">\n        <span>Foreigners and Citizenship Law<\/span>\n            <\/a>\n\n<\/div><div class=\"vc_empty_space\"   style=\"height: 10px\"><span class=\"vc_empty_space_inner\"><\/span><\/div><\/div><\/div><\/div><\/div>","protected":false},"excerpt":{"rendered":"Spor Hukuku Spor end\u00fcstrisi, son y\u0131llarda, b\u00fcy\u00fck bir end\u00fcstri haline gelmi\u015ftir. Spor kurulu\u015flar\u0131na yap\u0131lan yat\u0131r\u0131mlar, spor alan\u0131ndaki ticari faaliyetler ve spor m\u00fcsabakalar\u0131n\u0131n yay\u0131n\u0131, k\u00fcresel \u00f6l\u00e7ekte hukuki destek ihtiyac\u0131 do\u011furmaktad\u0131r. Y&amp;S Hukuk ve Dan\u0131\u015fmanl\u0131k B\u00fcrosu olarak, Spor kul\u00fcplerinin \u015firketle\u015fmesine ili\u015fkin s\u00fcrecin y\u00fcr\u00fct\u00fclmesi ve bu s\u00fcre\u00e7te gerekli b\u00f6l\u00fcnme, devir ve di\u011fer hukuki i\u015flemlerin takibi, sportif faaliyetlerden kaynaklanan [...]","protected":false},"author":1,"featured_media":0,"parent":232,"menu_order":0,"comment_status":"closed","ping_status":"closed","template":"","meta":{"footnotes":""},"class_list":["post-2555","page","type-page","status-publish","hentry"],"_links":{"self":[{"href":"https:\/\/yorumezsagir.com\/en\/wp-json\/wp\/v2\/pages\/2555","targetHints":{"allow":["GET"]}}],"collection":[{"href":"https:\/\/yorumezsagir.com\/en\/wp-json\/wp\/v2\/pages"}],"about":[{"href":"https:\/\/yorumezsagir.com\/en\/wp-json\/wp\/v2\/types\/page"}],"author":[{"embeddable":true,"href":"https:\/\/yorumezsagir.com\/en\/wp-json\/wp\/v2\/users\/1"}],"replies":[{"embeddable":true,"href":"https:\/\/yorumezsagir.com\/en\/wp-json\/wp\/v2\/comments?post=2555"}],"version-history":[{"count":3,"href":"https:\/\/yorumezsagir.com\/en\/wp-json\/wp\/v2\/pages\/2555\/revisions"}],"predecessor-version":[{"id":2594,"href":"https:\/\/yorumezsagir.com\/en\/wp-json\/wp\/v2\/pages\/2555\/revisions\/2594"}],"up":[{"embeddable":true,"href":"https:\/\/yorumezsagir.com\/en\/wp-json\/wp\/v2\/pages\/232"}],"wp:attachment":[{"href":"https:\/\/yorumezsagir.com\/en\/wp-json\/wp\/v2\/media?parent=2555"}],"curies":[{"name":"wp","href":"https:\/\/api.w.org\/{rel}","templated":true}]}}