{"id":252,"date":"2018-12-25T02:42:33","date_gmt":"2018-12-25T02:42:33","guid":{"rendered":"https:\/\/demo.casethemes.net\/lawsight\/?page_id=252"},"modified":"2022-12-02T09:57:37","modified_gmt":"2022-12-02T09:57:37","slug":"hizmetlerimiz","status":"publish","type":"page","link":"https:\/\/yorumezsagir.com\/fr\/notre-service\/","title":{"rendered":"Nos Services"},"content":{"rendered":"<div class=\"vc_row wpb_row vc_row-fluid bg-image-ps-inherit\"><div class=\"wpb_column vc_column_container vc_col-sm-12\"><div class=\"vc_column-inner vc_custom_1640355287863\"><div class=\"wpb_wrapper\"><div class=\"vc_row wpb_row vc_inner vc_row-fluid\"><div class=\"wpb_column vc_column_container vc_col-sm-2\"><div class=\"vc_column-inner\"><div class=\"wpb_wrapper\"><\/div><\/div><\/div><div class=\"wpb_column vc_column_container vc_col-sm-8 rm-padding-lg\"><div class=\"vc_column-inner vc_custom_1546008206695\"><div class=\"wpb_wrapper\"><div id=\"ct-heading\" class=\"ct-heading  style1 align-center align-center-md align-center-sm align-center-xs\">\n    \n            <style type=\"text\/css\">\n            @media (min-width: 768px) and (max-width: 991px) {\n                #ct-heading .ct-heading-tag {\n                                            font-size: 24px !important;\n                                                        }\n            }\n        <\/style>\n    \n            <style type=\"text\/css\">\n            @media screen and (max-width: 767px) {\n                #ct-heading .ct-heading-tag {\n                                            font-size: 24px !important;\n                                                        }\n            }\n        <\/style>\n                <h3 class=\"ct-heading-tag\" style=\"margin-bottom:0px; \">\n                                    En tant que Y&amp;S Legal and Consulting Office, nous servons nos clients nationaux et \u00e9trangers <i>en turc, allemand, anglais et fran\u00e7ais.<\/i>  dillerinde hizmet veriyoruz.                        <\/h3>\n            <div class=\"h-gap\">\n            <span>\n                <i ><\/i>\n                <i ><\/i>\n                <i ><\/i>\n                <i ><\/i>\n            <\/span>\n        <\/div>\n        <\/div><\/div><\/div><\/div><div class=\"wpb_column vc_column_container vc_col-sm-2\"><div class=\"vc_column-inner\"><div class=\"wpb_wrapper\"><\/div><\/div><\/div><\/div><\/div><\/div><\/div><\/div><div class=\"vc_row wpb_row vc_row-fluid bg-image-ps-inherit\"><div class=\"wpb_animate_when_almost_visible wpb_flipInY flipInY wpb_column vc_column_container vc_col-sm-6\"><div class=\"vc_column-inner\"><div class=\"wpb_wrapper\"><div class=\"ct-fancybox-default col-same-height\" style=\"\">\n\t<div class=\"ct-fancybox-inner\">\n\t\t                            <div class=\"ct-fancybox-icon bg-gradient\">\n                    <i class=\"fas fa-building\" style=\"\"><\/i>\n                <\/div>\n                    \n        <div class=\"ct-fancybox-content\">\n                            <h3 class=\"ct-fancybox-title\" style=\"color:#d58c39;\">\n                    Tout service de conseil juridique en Turquie concernant les activit\u00e9s des entreprises Nationales et Internat\u0131onales                <\/h3>\n                                <\/div>\n\n        \t<\/div>\n<\/div><div class=\"ct-fancybox-default col-same-height\" style=\"\">\n\t<div class=\"ct-fancybox-inner\">\n\t\t                            <div class=\"ct-fancybox-icon bg-gradient\">\n                    <i class=\"fas fa-fingerprint\" style=\"\"><\/i>\n                <\/div>\n                    \n        <div class=\"ct-fancybox-content\">\n                            <h3 class=\"ct-fancybox-title\" style=\"color:#d58c39;\">\n                    Processus de Conformit\u00e9 Conseil du R\u00e8glement G\u00e9n\u00e9ral sur La Protection des Donn\u00e9es Personnelles                <\/h3>\n                                <\/div>\n\n        \t<\/div>\n<\/div><div class=\"ct-fancybox-default col-same-height\" style=\"\">\n\t<div class=\"ct-fancybox-inner\">\n\t\t                            <div class=\"ct-fancybox-icon bg-gradient\">\n                    <i class=\"fas fa-balance-scale\" style=\"\"><\/i>\n                <\/div>\n                    \n        <div class=\"ct-fancybox-content\">\n                            <h3 class=\"ct-fancybox-title\" style=\"color:#d58c39;\">\n                    Suivi Des Litiges et de L\u2019ex\u00e9cution Des Clients Individuels                <\/h3>\n                                <\/div>\n\n        \t<\/div>\n<\/div><div class=\"ct-fancybox-default col-same-height\" style=\"\">\n\t<div class=\"ct-fancybox-inner\">\n\t\t                            <div class=\"ct-fancybox-icon bg-gradient\">\n                    <i class=\"far fa-copyright\" style=\"\"><\/i>\n                <\/div>\n                    \n        <div class=\"ct-fancybox-content\">\n                            <h3 class=\"ct-fancybox-title\" style=\"color:#d58c39;\">\n                    Conseil et Enregistrement en Mati\u00e8re de Droits Intellectuels et Industriels                <\/h3>\n                                <\/div>\n\n        \t<\/div>\n<\/div><div class=\"ct-fancybox-default col-same-height\" style=\"\">\n\t<div class=\"ct-fancybox-inner\">\n\t\t                            <div class=\"ct-fancybox-icon bg-gradient\">\n                    <i class=\"far fa-user\" style=\"\"><\/i>\n                <\/div>\n                    \n        <div class=\"ct-fancybox-content\">\n                            <h3 class=\"ct-fancybox-title\" style=\"color:#d58c39;\">\n                    Services de Citoyennet\u00e9                <\/h3>\n                                <\/div>\n\n        \t<\/div>\n<\/div><\/div><\/div><\/div><div class=\"wpb_animate_when_almost_visible wpb_fadeInRightBig fadeInRightBig wpb_column vc_column_container vc_col-sm-6\"><div class=\"vc_column-inner\"><div class=\"wpb_wrapper\"><div id=\"ct-box-bg-69f18d10122a9\" class=\"ct-box-bg bg-image\" style=\"background-image: url(https:\/\/yorumezsagir.com\/wp-content\/uploads\/2021\/10\/businessman-working-with-documentation-desk-scaled.jpg);\">\n    <style type=\"text\/css\">\n                    @media screen and (min-width: 768px) {\n                #ct-box-bg-69f18d10122a9 {\n                    height: 626px;\n                }\n            }\n        \n                    @media screen and (max-width: 767px) {\n                #ct-box-bg-69f18d10122a9 {\n                    height: 350px;\n                }\n            }\n            <\/style>\n    <\/div><\/div><\/div><\/div><\/div>","protected":false},"excerpt":{"rendered":"Y&amp;S Hukuk ve Dan\u0131\u015fmanl\u0131k B\u00fcrosu olarak yerli ve yabanc\u0131 m\u00fcvekkillerimize T\u00fcrk\u00e7e, Almanca, \u0130ngilizce ve Frans\u0131zca dillerinde hizmet veriyoruz. Ulusal ve Uluslararas\u0131 \u015eirketlerin T\u00fcrkiye'deki Faaliyetlerine \u0130li\u015fkin Her T\u00fcrl\u00fc Hukuki Dan\u0131\u015fmanl\u0131k Hizmeti Ki\u015fisel Verilerin Korunmas\u0131 Kanunu Uyum S\u00fcreci Dan\u0131\u015fmanl\u0131\u011f\u0131 Bireysel M\u00fcvekkillerin Dava ve \u0130cra Takibi Fikri Sinai Haklar Dan\u0131\u015fmanl\u0131k ve Tescili Vatanda\u015fl\u0131k Hizmetleri","protected":false},"author":1,"featured_media":0,"parent":0,"menu_order":0,"comment_status":"closed","ping_status":"closed","template":"","meta":{"footnotes":""},"class_list":["post-252","page","type-page","status-publish","hentry"],"_links":{"self":[{"href":"https:\/\/yorumezsagir.com\/fr\/wp-json\/wp\/v2\/pages\/252","targetHints":{"allow":["GET"]}}],"collection":[{"href":"https:\/\/yorumezsagir.com\/fr\/wp-json\/wp\/v2\/pages"}],"about":[{"href":"https:\/\/yorumezsagir.com\/fr\/wp-json\/wp\/v2\/types\/page"}],"author":[{"embeddable":true,"href":"https:\/\/yorumezsagir.com\/fr\/wp-json\/wp\/v2\/users\/1"}],"replies":[{"embeddable":true,"href":"https:\/\/yorumezsagir.com\/fr\/wp-json\/wp\/v2\/comments?post=252"}],"version-history":[{"count":0,"href":"https:\/\/yorumezsagir.com\/fr\/wp-json\/wp\/v2\/pages\/252\/revisions"}],"wp:attachment":[{"href":"https:\/\/yorumezsagir.com\/fr\/wp-json\/wp\/v2\/media?parent=252"}],"curies":[{"name":"wp","href":"https:\/\/api.w.org\/{rel}","templated":true}]}}