{"id":2524,"date":"2023-08-17T12:01:49","date_gmt":"2023-08-17T12:01:49","guid":{"rendered":"https:\/\/yorumezsagir.com\/?page_id=2524"},"modified":"2023-08-22T15:00:07","modified_gmt":"2023-08-22T15:00:07","slug":"bilisim-hukuku","status":"publish","type":"page","link":"https:\/\/yorumezsagir.com\/fr\/domain-de-competence\/technologies\/","title":{"rendered":"Droit des technologies de l\u2019information"},"content":{"rendered":"<div class=\"vc_row wpb_row vc_row-fluid bg-image-ps-inherit\"><div class=\"wpb_column vc_column_container vc_col-sm-8\"><div class=\"vc_column-inner\"><div class=\"wpb_wrapper\"><div id=\"ct-heading\" class=\"ct-heading  style1 align-left align-left-md align-left-sm align-left-xs\">\n    \n    \n                <h3 class=\"ct-heading-tag\" >\n        Droit des technologies de l\u2019information    <\/h3>\n        <\/div><div class=\"vc_message_box vc_message_box-outline vc_message_box-rounded vc_color-info\" ><div class=\"vc_message_box-icon\"><i class=\"fas fa-info-circle\"><\/i><\/div><p>Le droit des technologies de l\u2019information est une branche du droit qui traite de la collecte, du traitement, du stockage et de la protection des informations utilis\u00e9es par les \u00eatres humains dans le domaine technique, Le Conseil europ\u00e9en de Copenhague a adopt\u00e9 une r\u00e9solution sur l\u2019espace \u00e9conomique et social par le biais de machines \u00e9lectroniques et similaires et la r\u00e9solution des litiges qui en d\u00e9coulent dans le cadre des d\u00e9veloppements technologiques.<\/p>\n<p>En tant que Y&amp;S Law and Consultancy Office, nous fournissons des services de conseil et de plaidoyer \u00e0 nos clients dans des domaines tels que la pr\u00e9paration de contrats li\u00e9s au droit informatique et la conduite de n\u00e9gociations contractuelles; lutter contre les violations des droits intellectuels sur Internet; la fourniture de solutions juridiques sp\u00e9cifiques dans les domaines du droit des technologies de l\u2019information; le suivi et la conclusion des violations sur Internet; le refus d\u2019acc\u00e8s; le droit \u00e0 l\u2019oubli et la protection de ce droit.<\/p>\n<\/div><\/div><\/div><\/div><div class=\"wpb_column vc_column_container vc_col-sm-4\"><div class=\"vc_column-inner\"><div class=\"wpb_wrapper\"><div class=\"ct-button-wrapper align-left align-left-md align-left-sm align-left-xs\">\n\n    <a  href=\"https:\/\/yorumezsagir.com\/fr\/domain-de-competence\/technologies\/\" target=\"_self\" class=\"btn  btn-default size-default\">\n        <span>Droit des technologies de l\u2019information<\/span>\n            <\/a>\n\n<\/div><div class=\"vc_empty_space\"   style=\"height: 10px\"><span class=\"vc_empty_space_inner\"><\/span><\/div><div class=\"ct-button-wrapper align-left align-left-md align-left-sm align-left-xs\">\n\n    <a  href=\"https:\/\/yorumezsagir.com\/fr\/domain-de-competence\/penal\/\" target=\"_self\" class=\"btn  btn-gray size-lg\">\n        <span>Le droit p\u00e9nal<\/span>\n            <\/a>\n\n<\/div><div class=\"vc_empty_space\"   style=\"height: 10px\"><span class=\"vc_empty_space_inner\"><\/span><\/div><div class=\"ct-button-wrapper align-left align-left-md align-left-sm align-left-xs\">\n\n    <a  href=\"https:\/\/yorumezsagir.com\/fr\/domain-de-competence\/intellectuelle-et-industrielle\/\" target=\"_self\" class=\"btn  btn-gray size-lg\">\n        <span>Les droits de propri\u00e9t\u00e9 intellectuelle et industrielle<\/span>\n            <\/a>\n\n<\/div><div class=\"vc_empty_space\"   style=\"height: 10px\"><span class=\"vc_empty_space_inner\"><\/span><\/div><div class=\"ct-button-wrapper align-left align-left-md align-left-sm align-left-xs\">\n\n    <a  href=\"https:\/\/yorumezsagir.com\/fr\/calismaalanlarimiz\/gayrimenkul-hukuku\/\" target=\"_self\" class=\"btn  btn-gray size-lg\">\n        <span>Droit de l'immobilier<\/span>\n            <\/a>\n\n<\/div><div class=\"vc_empty_space\"   style=\"height: 10px\"><span class=\"vc_empty_space_inner\"><\/span><\/div><div class=\"ct-button-wrapper align-left align-left-md align-left-sm align-left-xs\">\n\n    <a  href=\"https:\/\/yorumezsagir.com\/fr\/domain-de-competence\/administratif\/\" target=\"_self\" class=\"btn  btn-gray size-lg\">\n        <span>Le droit administratif<\/span>\n            <\/a>\n\n<\/div><div class=\"vc_empty_space\"   style=\"height: 10px\"><span class=\"vc_empty_space_inner\"><\/span><\/div><div class=\"ct-button-wrapper align-left align-left-md align-left-sm align-left-xs\">\n\n    <a  href=\"https:\/\/yorumezsagir.com\/fr\/domain-de-competence\/faillite\/\" target=\"_self\" class=\"btn  btn-gray size-lg\">\n        <span>Loi sur l\u2019ex\u00e9cution et la faillite<\/span>\n            <\/a>\n\n<\/div><div class=\"vc_empty_space\"   style=\"height: 10px\"><span class=\"vc_empty_space_inner\"><\/span><\/div><div class=\"ct-button-wrapper align-left align-left-md align-left-sm align-left-xs\">\n\n    <a  href=\"https:\/\/yorumezsagir.com\/fr\/domain-de-competence\/securite-sociale\/\" target=\"_self\" class=\"btn  btn-gray size-lg\">\n        <span>Droit du travail et droit de la s\u00e9curit\u00e9 sociale<\/span>\n            <\/a>\n\n<\/div><div class=\"vc_empty_space\"   style=\"height: 10px\"><span class=\"vc_empty_space_inner\"><\/span><\/div><div class=\"ct-button-wrapper align-left align-left-md align-left-sm align-left-xs\">\n\n    <a  href=\"https:\/\/yorumezsagir.com\/fr\/domain-de-competence\/droit-des-donnees-personnelles\/\" target=\"_self\" class=\"btn  btn-gray size-lg\">\n        <span>Droit des donn\u00e9es personnelles<\/span>\n            <\/a>\n\n<\/div><div class=\"vc_empty_space\"   style=\"height: 10px\"><span class=\"vc_empty_space_inner\"><\/span><\/div><div class=\"ct-button-wrapper align-left align-left-md align-left-sm align-left-xs\">\n\n    <a  href=\"https:\/\/yorumezsagir.com\/fr\/domain-de-competence\/succession\/\" target=\"_self\" class=\"btn  btn-gray size-lg\">\n        <span>Droits de succession<\/span>\n            <\/a>\n\n<\/div><div class=\"vc_empty_space\"   style=\"height: 10px\"><span class=\"vc_empty_space_inner\"><\/span><\/div><div class=\"ct-button-wrapper align-left align-left-md align-left-sm align-left-xs\">\n\n    <a  href=\"https:\/\/yorumezsagir.com\/fr\/domain-de-competence\/sport\/\" target=\"_self\" class=\"btn  btn-gray size-lg\">\n        <span>Droit du sport<\/span>\n            <\/a>\n\n<\/div><div class=\"vc_empty_space\"   style=\"height: 10px\"><span class=\"vc_empty_space_inner\"><\/span><\/div><div class=\"ct-button-wrapper align-left align-left-md align-left-sm align-left-xs\">\n\n    <a  href=\"https:\/\/yorumezsagir.com\/fr\/domain-de-competence\/entreprise\/\" target=\"_self\" class=\"btn  btn-gray size-lg\">\n        <span>Droit de l'Entreprise<\/span>\n            <\/a>\n\n<\/div><div class=\"vc_empty_space\"   style=\"height: 10px\"><span class=\"vc_empty_space_inner\"><\/span><\/div><div class=\"ct-button-wrapper align-left align-left-md align-left-sm align-left-xs\">\n\n    <a  href=\"https:\/\/yorumezsagir.com\/fr\/domain-de-competence\/international\/\" target=\"_self\" class=\"btn  btn-gray size-lg\">\n        <span>Droit Commercial \u0130nternational<\/span>\n            <\/a>\n\n<\/div><div class=\"vc_empty_space\"   style=\"height: 10px\"><span class=\"vc_empty_space_inner\"><\/span><\/div><div class=\"ct-button-wrapper align-left align-left-md align-left-sm align-left-xs\">\n\n    <a  href=\"https:\/\/yorumezsagir.com\/fr\/domain-de-competence\/fiscal\/\" target=\"_self\" class=\"btn  btn-gray size-lg\">\n        <span>Droit Fiscal<\/span>\n            <\/a>\n\n<\/div><div class=\"vc_empty_space\"   style=\"height: 10px\"><span class=\"vc_empty_space_inner\"><\/span><\/div><div class=\"ct-button-wrapper align-left align-left-md align-left-sm align-left-xs\">\n\n    <a  href=\"https:\/\/yorumezsagir.com\/fr\/domain-de-competence\/citoyennete\/\" target=\"_self\" class=\"btn  btn-gray size-lg\">\n        <span>Droit des \u00c9trangers et la Citoyennet\u00e9<\/span>\n            <\/a>\n\n<\/div><div class=\"vc_empty_space\"   style=\"height: 10px\"><span class=\"vc_empty_space_inner\"><\/span><\/div><\/div><\/div><\/div><\/div>","protected":false},"excerpt":{"rendered":"Bili\u015fim Hukuku Bili\u015fim Hukuku, teknolojik geli\u015fmeler \u00e7er\u00e7evesinde insano\u011flunun teknik, ekonomik ve toplumsal alanlarda kulland\u0131\u011f\u0131 bilginin, elektronik ve benzeri makineler arac\u0131l\u0131\u011f\u0131yla toplanmas\u0131, i\u015flenmesi, saklanmas\u0131 ve korunmas\u0131 ile bunlardan do\u011fan ihtilaflar\u0131n \u00e7\u00f6z\u00fcm\u00fc ile ilgilenen hukuk dal\u0131d\u0131r. Y&amp;S Hukuk ve Dan\u0131\u015fmanl\u0131k B\u00fcrosu olarak m\u00fcvekkillerimize bili\u015fim hukuku ile ilgili s\u00f6zle\u015fmelerin haz\u0131rlanmas\u0131 ve s\u00f6zle\u015fme m\u00fczakerelerinin y\u00fcr\u00fct\u00fclmesi, internet ortam\u0131nda fikri hak [...]","protected":false},"author":1,"featured_media":0,"parent":232,"menu_order":0,"comment_status":"closed","ping_status":"closed","template":"","meta":{"footnotes":""},"class_list":["post-2524","page","type-page","status-publish","hentry"],"_links":{"self":[{"href":"https:\/\/yorumezsagir.com\/fr\/wp-json\/wp\/v2\/pages\/2524","targetHints":{"allow":["GET"]}}],"collection":[{"href":"https:\/\/yorumezsagir.com\/fr\/wp-json\/wp\/v2\/pages"}],"about":[{"href":"https:\/\/yorumezsagir.com\/fr\/wp-json\/wp\/v2\/types\/page"}],"author":[{"embeddable":true,"href":"https:\/\/yorumezsagir.com\/fr\/wp-json\/wp\/v2\/users\/1"}],"replies":[{"embeddable":true,"href":"https:\/\/yorumezsagir.com\/fr\/wp-json\/wp\/v2\/comments?post=2524"}],"version-history":[{"count":13,"href":"https:\/\/yorumezsagir.com\/fr\/wp-json\/wp\/v2\/pages\/2524\/revisions"}],"predecessor-version":[{"id":2568,"href":"https:\/\/yorumezsagir.com\/fr\/wp-json\/wp\/v2\/pages\/2524\/revisions\/2568"}],"up":[{"embeddable":true,"href":"https:\/\/yorumezsagir.com\/fr\/wp-json\/wp\/v2\/pages\/232"}],"wp:attachment":[{"href":"https:\/\/yorumezsagir.com\/fr\/wp-json\/wp\/v2\/media?parent=2524"}],"curies":[{"name":"wp","href":"https:\/\/api.w.org\/{rel}","templated":true}]}}