{"id":2543,"date":"2023-08-22T09:52:34","date_gmt":"2023-08-22T09:52:34","guid":{"rendered":"https:\/\/yorumezsagir.com\/?page_id=2543"},"modified":"2023-08-22T15:40:01","modified_gmt":"2023-08-22T15:40:01","slug":"fikri-ve-sinai-mulkiyet-hukuku","status":"publish","type":"page","link":"https:\/\/yorumezsagir.com\/fr\/domain-de-competence\/intellectuelle-et-industrielle\/","title":{"rendered":"Les droits de propri\u00e9t\u00e9 intellectuelle et industrielle"},"content":{"rendered":"<div class=\"vc_row wpb_row vc_row-fluid bg-image-ps-inherit\"><div class=\"wpb_column vc_column_container vc_col-sm-8\"><div class=\"vc_column-inner\"><div class=\"wpb_wrapper\"><div id=\"ct-heading\" class=\"ct-heading  style1 align-left align-left-md align-left-sm align-left-xs\">\n    \n    \n                <h3 class=\"ct-heading-tag\" >\n        Les droits de propri\u00e9t\u00e9 intellectuelle et industrielle    <\/h3>\n        <\/div><div class=\"vc_message_box vc_message_box-outline vc_message_box-rounded vc_color-info\" ><div class=\"vc_message_box-icon\"><i class=\"fas fa-info-circle\"><\/i><\/div><p>Conform\u00e9ment \u00e0 la Loi sur la propri\u00e9t\u00e9 intellectuelle et industrielle, le droit de propri\u00e9t\u00e9 intellectuelle est un produit d\u2019id\u00e9es appartenant \u00e0 une personne ou \u00e0 une organisation. La personne ou l\u2019organisation en question peut plus tard choisir de la partager librement ou de contr\u00f4ler son utilisation de certaines fa\u00e7ons. La propri\u00e9t\u00e9 intellectuelle couvre le domaine des oeuvres prot\u00e9g\u00e9es par le droit d\u2019auteur telles que la litt\u00e9rature, l\u2019art, la musique, l\u2019architecture, etc.<\/p>\n<p>Les droits industriels, par contre, sont les marques de commerce, les brevets, les dessins et mod\u00e8les, les inventions, etc. tels que les droits d\u00e9coulant de la loi sur la propri\u00e9t\u00e9 industrielle. Un r\u00e9gime sp\u00e9cial de protection a \u00e9t\u00e9 envisag\u00e9 pour les droits industriels couverts par la loi, et l\u2019\u00e9tablissement des droits est soumis \u00e0 l\u2019enregistrement du droit, \u00e0 condition que des exceptions soient r\u00e9serv\u00e9es.<\/p>\n<p>En tant que Y&amp;S Law and Consultancy Office, nous fournissons des services de conseil et de repr\u00e9sentation \u00e0 nos clients dans des domaines tels que l\u2019information sur la marque, les brevets, le mod\u00e8le d\u2019utilit\u00e9, la conception, les licences et les droits d\u2019auteur, y compris la s\u00e9lection, l\u2019utilisation et la protection des marques; la recherche pr\u00e9alable \u00e0 l\u2019enregistrement sur ces droits; l\u2019ex\u00e9cution et le suivi des proc\u00e9dures relatives au processus de demande d\u2019enregistrement; le transfert, la limitation, la garantie, le renouvellement des utilisations; la m\u00e9diation pour pr\u00e9venir la perte des droits; le recours \u00e0 l\u2019arbitrage, \u00e0 l\u2019ex\u00e9cution et aux litiges.<\/p>\n<\/div><\/div><\/div><\/div><div class=\"wpb_column vc_column_container vc_col-sm-4\"><div class=\"vc_column-inner\"><div class=\"wpb_wrapper\"><div class=\"ct-button-wrapper align-left align-left-md align-left-sm align-left-xs\">\n\n    <a  href=\"https:\/\/yorumezsagir.com\/fr\/domain-de-competence\/technologies\/\" target=\"_self\" class=\"btn  btn-gray size-default\">\n        <span>Droit des technologies de l\u2019information<\/span>\n            <\/a>\n\n<\/div><div class=\"vc_empty_space\"   style=\"height: 10px\"><span class=\"vc_empty_space_inner\"><\/span><\/div><div class=\"ct-button-wrapper align-left align-left-md align-left-sm align-left-xs\">\n\n    <a  href=\"https:\/\/yorumezsagir.com\/fr\/domain-de-competence\/penal\/\" target=\"_self\" class=\"btn  btn-gray size-lg\">\n        <span>Le droit p\u00e9nal<\/span>\n            <\/a>\n\n<\/div><div class=\"vc_empty_space\"   style=\"height: 10px\"><span class=\"vc_empty_space_inner\"><\/span><\/div><div class=\"ct-button-wrapper align-left align-left-md align-left-sm align-left-xs\">\n\n    <a  href=\"https:\/\/yorumezsagir.com\/fr\/domain-de-competence\/intellectuelle-et-industrielle\/\" target=\"_self\" class=\"btn  btn-default size-lg\">\n        <span>Les droits de propri\u00e9t\u00e9 intellectuelle et industrielle<\/span>\n            <\/a>\n\n<\/div><div class=\"vc_empty_space\"   style=\"height: 10px\"><span class=\"vc_empty_space_inner\"><\/span><\/div><div class=\"ct-button-wrapper align-left align-left-md align-left-sm align-left-xs\">\n\n    <a  href=\"https:\/\/yorumezsagir.com\/fr\/domain-de-competence\/immobilier\/\" target=\"_self\" class=\"btn  btn-gray size-lg\">\n        <span>Droit de l'immobilier<\/span>\n            <\/a>\n\n<\/div><div class=\"vc_empty_space\"   style=\"height: 10px\"><span class=\"vc_empty_space_inner\"><\/span><\/div><div class=\"ct-button-wrapper align-left align-left-md align-left-sm align-left-xs\">\n\n    <a  href=\"https:\/\/yorumezsagir.com\/fr\/domain-de-competence\/administratif\/\" target=\"_self\" class=\"btn  btn-gray size-lg\">\n        <span>Le droit administratif<\/span>\n            <\/a>\n\n<\/div><div class=\"vc_empty_space\"   style=\"height: 10px\"><span class=\"vc_empty_space_inner\"><\/span><\/div><div class=\"ct-button-wrapper align-left align-left-md align-left-sm align-left-xs\">\n\n    <a  href=\"https:\/\/yorumezsagir.com\/fr\/domain-de-competence\/faillite\/\" target=\"_self\" class=\"btn  btn-gray size-lg\">\n        <span>Loi sur l\u2019ex\u00e9cution et la faillite<\/span>\n            <\/a>\n\n<\/div><div class=\"vc_empty_space\"   style=\"height: 10px\"><span class=\"vc_empty_space_inner\"><\/span><\/div><div class=\"ct-button-wrapper align-left align-left-md align-left-sm align-left-xs\">\n\n    <a  href=\"https:\/\/yorumezsagir.com\/fr\/domain-de-competence\/securite-sociale\/\" target=\"_self\" class=\"btn  btn-gray size-lg\">\n        <span>Droit du travail et droit de la s\u00e9curit\u00e9 sociale<\/span>\n            <\/a>\n\n<\/div><div class=\"vc_empty_space\"   style=\"height: 10px\"><span class=\"vc_empty_space_inner\"><\/span><\/div><div class=\"ct-button-wrapper align-left align-left-md align-left-sm align-left-xs\">\n\n    <a  href=\"https:\/\/yorumezsagir.com\/fr\/domain-de-competence\/droit-des-donnees-personnelles\/\" target=\"_self\" class=\"btn  btn-gray size-lg\">\n        <span>Droit des donn\u00e9es personnelles<\/span>\n            <\/a>\n\n<\/div><div class=\"vc_empty_space\"   style=\"height: 10px\"><span class=\"vc_empty_space_inner\"><\/span><\/div><div class=\"ct-button-wrapper align-left align-left-md align-left-sm align-left-xs\">\n\n    <a  href=\"https:\/\/yorumezsagir.com\/fr\/domain-de-competence\/succession\/\" target=\"_self\" class=\"btn  btn-gray size-lg\">\n        <span>Droits de succession<\/span>\n            <\/a>\n\n<\/div><div class=\"vc_empty_space\"   style=\"height: 10px\"><span class=\"vc_empty_space_inner\"><\/span><\/div><div class=\"ct-button-wrapper align-left align-left-md align-left-sm align-left-xs\">\n\n    <a  href=\"https:\/\/yorumezsagir.com\/fr\/domain-de-competence\/sport\/\" target=\"_self\" class=\"btn  btn-gray size-lg\">\n        <span>Droit du sport<\/span>\n            <\/a>\n\n<\/div><div class=\"vc_empty_space\"   style=\"height: 10px\"><span class=\"vc_empty_space_inner\"><\/span><\/div><div class=\"ct-button-wrapper align-left align-left-md align-left-sm align-left-xs\">\n\n    <a  href=\"https:\/\/yorumezsagir.com\/fr\/domain-de-competence\/entreprise\/\" target=\"_self\" class=\"btn  btn-gray size-lg\">\n        <span>Droit de l'Entreprise<\/span>\n            <\/a>\n\n<\/div><div class=\"vc_empty_space\"   style=\"height: 10px\"><span class=\"vc_empty_space_inner\"><\/span><\/div><div class=\"ct-button-wrapper align-left align-left-md align-left-sm align-left-xs\">\n\n    <a  href=\"https:\/\/yorumezsagir.com\/fr\/domain-de-competence\/international\/\" target=\"_self\" class=\"btn  btn-gray size-lg\">\n        <span>Droit Commercial \u0130nternational<\/span>\n            <\/a>\n\n<\/div><div class=\"vc_empty_space\"   style=\"height: 10px\"><span class=\"vc_empty_space_inner\"><\/span><\/div><div class=\"ct-button-wrapper align-left align-left-md align-left-sm align-left-xs\">\n\n    <a  href=\"https:\/\/yorumezsagir.com\/fr\/domain-de-competence\/fiscal\/\" target=\"_self\" class=\"btn  btn-gray size-lg\">\n        <span>Droit Fiscal<\/span>\n            <\/a>\n\n<\/div><div class=\"vc_empty_space\"   style=\"height: 10px\"><span class=\"vc_empty_space_inner\"><\/span><\/div><div class=\"ct-button-wrapper align-left align-left-md align-left-sm align-left-xs\">\n\n    <a  href=\"https:\/\/yorumezsagir.com\/fr\/domain-de-competence\/citoyennete\/\" target=\"_self\" class=\"btn  btn-gray size-lg\">\n        <span>Droit des \u00c9trangers et la Citoyennet\u00e9<\/span>\n            <\/a>\n\n<\/div><div class=\"vc_empty_space\"   style=\"height: 10px\"><span class=\"vc_empty_space_inner\"><\/span><\/div><\/div><\/div><\/div><\/div>","protected":false},"excerpt":{"rendered":"Fikri ve S\u0131nai M\u00fclkiyet Hukuku Fikri ve S\u0131nai Haklar Hukuku gere\u011fi, fikri hak bir ki\u015fiye veya kurulu\u015fa ait olan bir fikir \u00fcr\u00fcn\u00fcd\u00fcr. S\u00f6z konusu ki\u015fi ya da kurulu\u015f sonradan bunu serbest\u00e7e payla\u015fmay\u0131 veya kullan\u0131m\u0131n\u0131 belirli bi\u00e7imlerde kontrol etmeyi tercih edebilir. Fikri m\u00fclkiyet; edebiyat, sanat, m\u00fczik, mimari vb. gibi telif eserleri de denen alan\u0131 kapsar. S\u0131nai [...]","protected":false},"author":1,"featured_media":0,"parent":232,"menu_order":0,"comment_status":"closed","ping_status":"closed","template":"","meta":{"footnotes":""},"class_list":["post-2543","page","type-page","status-publish","hentry"],"_links":{"self":[{"href":"https:\/\/yorumezsagir.com\/fr\/wp-json\/wp\/v2\/pages\/2543","targetHints":{"allow":["GET"]}}],"collection":[{"href":"https:\/\/yorumezsagir.com\/fr\/wp-json\/wp\/v2\/pages"}],"about":[{"href":"https:\/\/yorumezsagir.com\/fr\/wp-json\/wp\/v2\/types\/page"}],"author":[{"embeddable":true,"href":"https:\/\/yorumezsagir.com\/fr\/wp-json\/wp\/v2\/users\/1"}],"replies":[{"embeddable":true,"href":"https:\/\/yorumezsagir.com\/fr\/wp-json\/wp\/v2\/comments?post=2543"}],"version-history":[{"count":2,"href":"https:\/\/yorumezsagir.com\/fr\/wp-json\/wp\/v2\/pages\/2543\/revisions"}],"predecessor-version":[{"id":2587,"href":"https:\/\/yorumezsagir.com\/fr\/wp-json\/wp\/v2\/pages\/2543\/revisions\/2587"}],"up":[{"embeddable":true,"href":"https:\/\/yorumezsagir.com\/fr\/wp-json\/wp\/v2\/pages\/232"}],"wp:attachment":[{"href":"https:\/\/yorumezsagir.com\/fr\/wp-json\/wp\/v2\/media?parent=2543"}],"curies":[{"name":"wp","href":"https:\/\/api.w.org\/{rel}","templated":true}]}}