{"id":2553,"date":"2023-08-22T09:58:57","date_gmt":"2023-08-22T09:58:57","guid":{"rendered":"https:\/\/yorumezsagir.com\/?page_id=2553"},"modified":"2023-08-22T15:48:08","modified_gmt":"2023-08-22T15:48:08","slug":"kisisel-veri-hukuku","status":"publish","type":"page","link":"https:\/\/yorumezsagir.com\/fr\/domain-de-competence\/droit-des-donnees-personnelles\/","title":{"rendered":"Droit des donn\u00e9es personnelles"},"content":{"rendered":"<div class=\"vc_row wpb_row vc_row-fluid bg-image-ps-inherit\"><div class=\"wpb_column vc_column_container vc_col-sm-8\"><div class=\"vc_column-inner\"><div class=\"wpb_wrapper\"><div id=\"ct-heading\" class=\"ct-heading  style1 align-left align-left-md align-left-sm align-left-xs\">\n    \n    \n                <h3 class=\"ct-heading-tag\" >\n        Droit des donn\u00e9es personnelles    <\/h3>\n        <\/div><div class=\"vc_message_box vc_message_box-outline vc_message_box-rounded vc_color-info\" ><div class=\"vc_message_box-icon\"><i class=\"fas fa-info-circle\"><\/i><\/div><p>Toutes sortes de transactions telles que l\u2019obtention, l\u2019enregistrement, le stockage, la conservation, le changement, le r\u00e9arrangement, la divulgation, le transfert, la prise en charge ou la classification des donn\u00e9es \u00e0 caract\u00e8re personnel sont consid\u00e9r\u00e9es comme des traitements de donn\u00e9es \u00e0 caract\u00e8re personnel et doivent respecter les r\u00e8gles r\u00e9glement\u00e9es par la loi.<\/p>\n<p>Toutes sortes de transactions telles que l\u2019obtention, l\u2019enregistrement, le stockage, la conservation, le changement, le r\u00e9arrangement, la divulgation, le transfert, la prise en charge ou la classification des donn\u00e9es \u00e0 caract\u00e8re personnel sont consid\u00e9r\u00e9es comme des traitements de donn\u00e9es \u00e0 caract\u00e8re personnel et doivent respecter les r\u00e8gles r\u00e9glement\u00e9es par la loi.<\/p>\n<\/div><\/div><\/div><\/div><div class=\"wpb_column vc_column_container vc_col-sm-4\"><div class=\"vc_column-inner\"><div class=\"wpb_wrapper\"><div class=\"ct-button-wrapper align-left align-left-md align-left-sm align-left-xs\">\n\n    <a  href=\"https:\/\/yorumezsagir.com\/fr\/domain-de-competence\/technologies\/\" target=\"_self\" class=\"btn  btn-gray size-default\">\n        <span>Droit des technologies de l\u2019information<\/span>\n            <\/a>\n\n<\/div><div class=\"vc_empty_space\"   style=\"height: 10px\"><span class=\"vc_empty_space_inner\"><\/span><\/div><div class=\"ct-button-wrapper align-left align-left-md align-left-sm align-left-xs\">\n\n    <a  href=\"https:\/\/yorumezsagir.com\/fr\/domain-de-competence\/penal\/\" target=\"_self\" class=\"btn  btn-gray size-lg\">\n        <span>Le droit p\u00e9nal<\/span>\n            <\/a>\n\n<\/div><div class=\"vc_empty_space\"   style=\"height: 10px\"><span class=\"vc_empty_space_inner\"><\/span><\/div><div class=\"ct-button-wrapper align-left align-left-md align-left-sm align-left-xs\">\n\n    <a  href=\"https:\/\/yorumezsagir.com\/fr\/domain-de-competence\/intellectuelle-et-industrielle\/\" target=\"_self\" class=\"btn  btn-gray size-lg\">\n        <span>Les droits de propri\u00e9t\u00e9 intellectuelle et industrielle<\/span>\n            <\/a>\n\n<\/div><div class=\"vc_empty_space\"   style=\"height: 10px\"><span class=\"vc_empty_space_inner\"><\/span><\/div><div class=\"ct-button-wrapper align-left align-left-md align-left-sm align-left-xs\">\n\n    <a  href=\"https:\/\/yorumezsagir.com\/fr\/domain-de-competence\/immobilier\/\" target=\"_self\" class=\"btn  btn-gray size-lg\">\n        <span>Droit de l'immobilier<\/span>\n            <\/a>\n\n<\/div><div class=\"vc_empty_space\"   style=\"height: 10px\"><span class=\"vc_empty_space_inner\"><\/span><\/div><div class=\"ct-button-wrapper align-left align-left-md align-left-sm align-left-xs\">\n\n    <a  href=\"https:\/\/yorumezsagir.com\/fr\/domain-de-competence\/administratif\/\" target=\"_self\" class=\"btn  btn-gray size-lg\">\n        <span>Le droit administratif<\/span>\n            <\/a>\n\n<\/div><div class=\"vc_empty_space\"   style=\"height: 10px\"><span class=\"vc_empty_space_inner\"><\/span><\/div><div class=\"ct-button-wrapper align-left align-left-md align-left-sm align-left-xs\">\n\n    <a  href=\"https:\/\/yorumezsagir.com\/fr\/domain-de-competence\/faillite\/\" target=\"_self\" class=\"btn  btn-gray size-lg\">\n        <span>Loi sur l\u2019ex\u00e9cution et la faillite<\/span>\n            <\/a>\n\n<\/div><div class=\"vc_empty_space\"   style=\"height: 10px\"><span class=\"vc_empty_space_inner\"><\/span><\/div><div class=\"ct-button-wrapper align-left align-left-md align-left-sm align-left-xs\">\n\n    <a  href=\"https:\/\/yorumezsagir.com\/fr\/domain-de-competence\/securite-sociale\/\" target=\"_self\" class=\"btn  btn-gray size-lg\">\n        <span>Droit du travail et droit de la s\u00e9curit\u00e9 sociale<\/span>\n            <\/a>\n\n<\/div><div class=\"vc_empty_space\"   style=\"height: 10px\"><span class=\"vc_empty_space_inner\"><\/span><\/div><div class=\"ct-button-wrapper align-left align-left-md align-left-sm align-left-xs\">\n\n    <a  href=\"https:\/\/yorumezsagir.com\/fr\/domain-de-competence\/droit-des-donnees-personnelles\/\" target=\"_self\" class=\"btn  btn-default size-lg\">\n        <span>Droit des donn\u00e9es personnelles<\/span>\n            <\/a>\n\n<\/div><div class=\"vc_empty_space\"   style=\"height: 10px\"><span class=\"vc_empty_space_inner\"><\/span><\/div><div class=\"ct-button-wrapper align-left align-left-md align-left-sm align-left-xs\">\n\n    <a  href=\"https:\/\/yorumezsagir.com\/fr\/domain-de-competence\/succession\/\" target=\"_self\" class=\"btn  btn-gray size-lg\">\n        <span>Droits de succession<\/span>\n            <\/a>\n\n<\/div><div class=\"vc_empty_space\"   style=\"height: 10px\"><span class=\"vc_empty_space_inner\"><\/span><\/div><div class=\"ct-button-wrapper align-left align-left-md align-left-sm align-left-xs\">\n\n    <a  href=\"https:\/\/yorumezsagir.com\/fr\/domain-de-competence\/sport\/\" target=\"_self\" class=\"btn  btn-gray size-lg\">\n        <span>Droit du sport<\/span>\n            <\/a>\n\n<\/div><div class=\"vc_empty_space\"   style=\"height: 10px\"><span class=\"vc_empty_space_inner\"><\/span><\/div><div class=\"ct-button-wrapper align-left align-left-md align-left-sm align-left-xs\">\n\n    <a  href=\"https:\/\/yorumezsagir.com\/fr\/domain-de-competence\/entreprise\/\" target=\"_self\" class=\"btn  btn-gray size-lg\">\n        <span>Droit de l'Entreprise<\/span>\n            <\/a>\n\n<\/div><div class=\"vc_empty_space\"   style=\"height: 10px\"><span class=\"vc_empty_space_inner\"><\/span><\/div><div class=\"ct-button-wrapper align-left align-left-md align-left-sm align-left-xs\">\n\n    <a  href=\"https:\/\/yorumezsagir.com\/fr\/domain-de-competence\/international\/\" target=\"_self\" class=\"btn  btn-gray size-lg\">\n        <span>Droit Commercial \u0130nternational<\/span>\n            <\/a>\n\n<\/div><div class=\"vc_empty_space\"   style=\"height: 10px\"><span class=\"vc_empty_space_inner\"><\/span><\/div><div class=\"ct-button-wrapper align-left align-left-md align-left-sm align-left-xs\">\n\n    <a  href=\"https:\/\/yorumezsagir.com\/fr\/domain-de-competence\/fiscal\/\" target=\"_self\" class=\"btn  btn-gray size-lg\">\n        <span>Droit Fiscal<\/span>\n            <\/a>\n\n<\/div><div class=\"vc_empty_space\"   style=\"height: 10px\"><span class=\"vc_empty_space_inner\"><\/span><\/div><div class=\"ct-button-wrapper align-left align-left-md align-left-sm align-left-xs\">\n\n    <a  href=\"https:\/\/yorumezsagir.com\/fr\/domain-de-competence\/citoyennete\/\" target=\"_self\" class=\"btn  btn-gray size-lg\">\n        <span>Droit des \u00c9trangers et la Citoyennet\u00e9<\/span>\n            <\/a>\n\n<\/div><div class=\"vc_empty_space\"   style=\"height: 10px\"><span class=\"vc_empty_space_inner\"><\/span><\/div><\/div><\/div><\/div><\/div>","protected":false},"excerpt":{"rendered":"Ki\u015fisel Veri Hukuku Ki\u015fisel verilerin; elde edilmesi, kaydedilmesi, depolanmas\u0131, muhafaza edilmesi, de\u011fi\u015ftirilmesi, yeniden d\u00fczenlenmesi, a\u00e7\u0131klanmas\u0131, aktar\u0131lmas\u0131, devral\u0131nmas\u0131 veya s\u0131n\u0131fland\u0131r\u0131lmas\u0131 gibi her t\u00fcrl\u00fc i\u015flem ki\u015fisel veri i\u015fleme olarak kabul edilmektedir ve Kanun\u2019da d\u00fczenlenen kurallara uygun olmal\u0131d\u0131r. Y&amp;S Hukuk ve Dan\u0131\u015fmanl\u0131k B\u00fcrosu olarak, ki\u015fisel verilerin korunmas\u0131 kanunu ve ilgili t\u00fcm mevzuat \u00e7er\u00e7evesinde m\u00fcvekkillerin hak ve y\u00fck\u00fcml\u00fcl\u00fcklerinin tespiti, [...]","protected":false},"author":1,"featured_media":0,"parent":232,"menu_order":0,"comment_status":"closed","ping_status":"closed","template":"","meta":{"footnotes":""},"class_list":["post-2553","page","type-page","status-publish","hentry"],"_links":{"self":[{"href":"https:\/\/yorumezsagir.com\/fr\/wp-json\/wp\/v2\/pages\/2553","targetHints":{"allow":["GET"]}}],"collection":[{"href":"https:\/\/yorumezsagir.com\/fr\/wp-json\/wp\/v2\/pages"}],"about":[{"href":"https:\/\/yorumezsagir.com\/fr\/wp-json\/wp\/v2\/types\/page"}],"author":[{"embeddable":true,"href":"https:\/\/yorumezsagir.com\/fr\/wp-json\/wp\/v2\/users\/1"}],"replies":[{"embeddable":true,"href":"https:\/\/yorumezsagir.com\/fr\/wp-json\/wp\/v2\/comments?post=2553"}],"version-history":[{"count":2,"href":"https:\/\/yorumezsagir.com\/fr\/wp-json\/wp\/v2\/pages\/2553\/revisions"}],"predecessor-version":[{"id":2592,"href":"https:\/\/yorumezsagir.com\/fr\/wp-json\/wp\/v2\/pages\/2553\/revisions\/2592"}],"up":[{"embeddable":true,"href":"https:\/\/yorumezsagir.com\/fr\/wp-json\/wp\/v2\/pages\/232"}],"wp:attachment":[{"href":"https:\/\/yorumezsagir.com\/fr\/wp-json\/wp\/v2\/media?parent=2553"}],"curies":[{"name":"wp","href":"https:\/\/api.w.org\/{rel}","templated":true}]}}