{"id":2560,"date":"2023-08-22T10:04:44","date_gmt":"2023-08-22T10:04:44","guid":{"rendered":"https:\/\/yorumezsagir.com\/?page_id=2560"},"modified":"2023-08-22T15:52:03","modified_gmt":"2023-08-22T15:52:03","slug":"uluslararasi-ticaret-hukuku","status":"publish","type":"page","link":"https:\/\/yorumezsagir.com\/fr\/domain-de-competence\/international\/","title":{"rendered":"Droit Commercial \u0130nternational"},"content":{"rendered":"<div class=\"vc_row wpb_row vc_row-fluid bg-image-ps-inherit\"><div class=\"wpb_column vc_column_container vc_col-sm-8\"><div class=\"vc_column-inner\"><div class=\"wpb_wrapper\"><div id=\"ct-heading\" class=\"ct-heading  style1 align-left align-left-md align-left-sm align-left-xs\">\n    \n    \n                <h3 class=\"ct-heading-tag\" >\n        Droit Commercial \u0130nternational    <\/h3>\n        <\/div><div class=\"vc_message_box vc_message_box-outline vc_message_box-rounded vc_color-info\" ><div class=\"vc_message_box-icon\"><i class=\"fas fa-info-circle\"><\/i><\/div><p>Le droit commercial international \u00e9nonce toutes les r\u00e8gles juridiques relatives \u00e0 l\u2019\u00e9tablissement, au maintien, \u00e0 la cessation des activit\u00e9s commerciales ou des relations entre soci\u00e9t\u00e9s commerciales de diff\u00e9rents pays et au r\u00e8glement des diff\u00e9rends qui peuvent survenir.<\/p>\n<p>Le droit commercial international \u00e9nonce toutes les r\u00e8gles juridiques relatives \u00e0 l\u2019\u00e9tablissement, au maintien, \u00e0 la cessation des activit\u00e9s commerciales ou des relations entre soci\u00e9t\u00e9s commerciales de diff\u00e9rents pays et au r\u00e8glement des diff\u00e9rends qui peuvent survenir.<\/p>\n<\/div><\/div><\/div><\/div><div class=\"wpb_column vc_column_container vc_col-sm-4\"><div class=\"vc_column-inner\"><div class=\"wpb_wrapper\"><div class=\"ct-button-wrapper align-left align-left-md align-left-sm align-left-xs\">\n\n    <a  href=\"https:\/\/yorumezsagir.com\/fr\/domain-de-competence\/technologies\/\" target=\"_self\" class=\"btn  btn-gray size-default\">\n        <span>Droit des technologies de l\u2019information<\/span>\n            <\/a>\n\n<\/div><div class=\"vc_empty_space\"   style=\"height: 10px\"><span class=\"vc_empty_space_inner\"><\/span><\/div><div class=\"ct-button-wrapper align-left align-left-md align-left-sm align-left-xs\">\n\n    <a  href=\"https:\/\/yorumezsagir.com\/fr\/domain-de-competence\/penal\/\" target=\"_self\" class=\"btn  btn-gray size-lg\">\n        <span>Le droit p\u00e9nal<\/span>\n            <\/a>\n\n<\/div><div class=\"vc_empty_space\"   style=\"height: 10px\"><span class=\"vc_empty_space_inner\"><\/span><\/div><div class=\"ct-button-wrapper align-left align-left-md align-left-sm align-left-xs\">\n\n    <a  href=\"https:\/\/yorumezsagir.com\/fr\/domain-de-competence\/intellectuelle-et-industrielle\/\" target=\"_self\" class=\"btn  btn-gray size-lg\">\n        <span>Les droits de propri\u00e9t\u00e9 intellectuelle et industrielle<\/span>\n            <\/a>\n\n<\/div><div class=\"vc_empty_space\"   style=\"height: 10px\"><span class=\"vc_empty_space_inner\"><\/span><\/div><div class=\"ct-button-wrapper align-left align-left-md align-left-sm align-left-xs\">\n\n    <a  href=\"https:\/\/yorumezsagir.com\/fr\/domain-de-competence\/immobilier\/\" target=\"_self\" class=\"btn  btn-gray size-lg\">\n        <span>Droit de l'immobilier<\/span>\n            <\/a>\n\n<\/div><div class=\"vc_empty_space\"   style=\"height: 10px\"><span class=\"vc_empty_space_inner\"><\/span><\/div><div class=\"ct-button-wrapper align-left align-left-md align-left-sm align-left-xs\">\n\n    <a  href=\"https:\/\/yorumezsagir.com\/fr\/domain-de-competence\/administratif\/\" target=\"_self\" class=\"btn  btn-gray size-lg\">\n        <span>Le droit administratif<\/span>\n            <\/a>\n\n<\/div><div class=\"vc_empty_space\"   style=\"height: 10px\"><span class=\"vc_empty_space_inner\"><\/span><\/div><div class=\"ct-button-wrapper align-left align-left-md align-left-sm align-left-xs\">\n\n    <a  href=\"https:\/\/yorumezsagir.com\/fr\/domain-de-competence\/faillite\/\" target=\"_self\" class=\"btn  btn-gray size-lg\">\n        <span>Loi sur l\u2019ex\u00e9cution et la faillite<\/span>\n            <\/a>\n\n<\/div><div class=\"vc_empty_space\"   style=\"height: 10px\"><span class=\"vc_empty_space_inner\"><\/span><\/div><div class=\"ct-button-wrapper align-left align-left-md align-left-sm align-left-xs\">\n\n    <a  href=\"https:\/\/yorumezsagir.com\/fr\/domain-de-competence\/securite-sociale\/\" target=\"_self\" class=\"btn  btn-gray size-lg\">\n        <span>Droit du travail et droit de la s\u00e9curit\u00e9 sociale<\/span>\n            <\/a>\n\n<\/div><div class=\"vc_empty_space\"   style=\"height: 10px\"><span class=\"vc_empty_space_inner\"><\/span><\/div><div class=\"ct-button-wrapper align-left align-left-md align-left-sm align-left-xs\">\n\n    <a  href=\"https:\/\/yorumezsagir.com\/fr\/domain-de-competence\/droit-des-donnees-personnelles\/\" target=\"_self\" class=\"btn  btn-gray size-lg\">\n        <span>Droit des donn\u00e9es personnelles<\/span>\n            <\/a>\n\n<\/div><div class=\"vc_empty_space\"   style=\"height: 10px\"><span class=\"vc_empty_space_inner\"><\/span><\/div><div class=\"ct-button-wrapper align-left align-left-md align-left-sm align-left-xs\">\n\n    <a  href=\"https:\/\/yorumezsagir.com\/fr\/domain-de-competence\/succession\/\" target=\"_self\" class=\"btn  btn-gray size-lg\">\n        <span>Droits de succession<\/span>\n            <\/a>\n\n<\/div><div class=\"vc_empty_space\"   style=\"height: 10px\"><span class=\"vc_empty_space_inner\"><\/span><\/div><div class=\"ct-button-wrapper align-left align-left-md align-left-sm align-left-xs\">\n\n    <a  href=\"https:\/\/yorumezsagir.com\/fr\/domain-de-competence\/sport\/\" target=\"_self\" class=\"btn  btn-gray size-lg\">\n        <span>Droit du sport<\/span>\n            <\/a>\n\n<\/div><div class=\"vc_empty_space\"   style=\"height: 10px\"><span class=\"vc_empty_space_inner\"><\/span><\/div><div class=\"ct-button-wrapper align-left align-left-md align-left-sm align-left-xs\">\n\n    <a  href=\"https:\/\/yorumezsagir.com\/fr\/domain-de-competence\/entreprise\/\" target=\"_self\" class=\"btn  btn-gray size-lg\">\n        <span>Droit de l'Entreprise<\/span>\n            <\/a>\n\n<\/div><div class=\"vc_empty_space\"   style=\"height: 10px\"><span class=\"vc_empty_space_inner\"><\/span><\/div><div class=\"ct-button-wrapper align-left align-left-md align-left-sm align-left-xs\">\n\n    <a  href=\"https:\/\/yorumezsagir.com\/fr\/domain-de-competence\/international\/\" target=\"_self\" class=\"btn  btn-default size-lg\">\n        <span>Droit Commercial \u0130nternational<\/span>\n            <\/a>\n\n<\/div><div class=\"vc_empty_space\"   style=\"height: 10px\"><span class=\"vc_empty_space_inner\"><\/span><\/div><div class=\"ct-button-wrapper align-left align-left-md align-left-sm align-left-xs\">\n\n    <a  href=\"https:\/\/yorumezsagir.com\/fr\/domain-de-competence\/fiscal\/\" target=\"_self\" class=\"btn  btn-gray size-lg\">\n        <span>Droit Fiscal<\/span>\n            <\/a>\n\n<\/div><div class=\"vc_empty_space\"   style=\"height: 10px\"><span class=\"vc_empty_space_inner\"><\/span><\/div><div class=\"ct-button-wrapper align-left align-left-md align-left-sm align-left-xs\">\n\n    <a  href=\"https:\/\/yorumezsagir.com\/fr\/domain-de-competence\/citoyennete\/\" target=\"_self\" class=\"btn  btn-gray size-lg\">\n        <span>Droit des \u00c9trangers et la Citoyennet\u00e9<\/span>\n            <\/a>\n\n<\/div><div class=\"vc_empty_space\"   style=\"height: 10px\"><span class=\"vc_empty_space_inner\"><\/span><\/div><\/div><\/div><\/div><\/div>","protected":false},"excerpt":{"rendered":"Uluslararas\u0131 Ticaret Hukuku Uluslararas\u0131 Ticaret Hukuku, farkl\u0131 \u00fclkelerde bulunan ticaret \u015firketleri aras\u0131ndaki ticari i\u015f veya ili\u015fkilerin kurulmas\u0131, s\u00fcrd\u00fcr\u00fclmesi, sona erdirilmesi ve do\u011fabilecek uyu\u015fmazl\u0131klar\u0131n \u00e7\u00f6z\u00fcm\u00fcne ili\u015fkin hukuk kurallar\u0131n\u0131n tamam\u0131n\u0131 ifade eder. Y&amp;S Hukuk ve Dan\u0131\u015fmanl\u0131k B\u00fcrosu, yurtd\u0131\u015f\u0131nda yap\u0131lacak yat\u0131r\u0131mlarda yat\u0131r\u0131m yap\u0131lacak \u00fclkenin ticaret, yabanc\u0131 sermaye, vergi, i\u015f ve sair mevzuat\u0131 hakk\u0131nda hukuki g\u00f6r\u00fc\u015f verme, \u015firket kurma, [...]","protected":false},"author":1,"featured_media":0,"parent":232,"menu_order":0,"comment_status":"closed","ping_status":"closed","template":"","meta":{"footnotes":""},"class_list":["post-2560","page","type-page","status-publish","hentry"],"_links":{"self":[{"href":"https:\/\/yorumezsagir.com\/fr\/wp-json\/wp\/v2\/pages\/2560","targetHints":{"allow":["GET"]}}],"collection":[{"href":"https:\/\/yorumezsagir.com\/fr\/wp-json\/wp\/v2\/pages"}],"about":[{"href":"https:\/\/yorumezsagir.com\/fr\/wp-json\/wp\/v2\/types\/page"}],"author":[{"embeddable":true,"href":"https:\/\/yorumezsagir.com\/fr\/wp-json\/wp\/v2\/users\/1"}],"replies":[{"embeddable":true,"href":"https:\/\/yorumezsagir.com\/fr\/wp-json\/wp\/v2\/comments?post=2560"}],"version-history":[{"count":2,"href":"https:\/\/yorumezsagir.com\/fr\/wp-json\/wp\/v2\/pages\/2560\/revisions"}],"predecessor-version":[{"id":2596,"href":"https:\/\/yorumezsagir.com\/fr\/wp-json\/wp\/v2\/pages\/2560\/revisions\/2596"}],"up":[{"embeddable":true,"href":"https:\/\/yorumezsagir.com\/fr\/wp-json\/wp\/v2\/pages\/232"}],"wp:attachment":[{"href":"https:\/\/yorumezsagir.com\/fr\/wp-json\/wp\/v2\/media?parent=2560"}],"curies":[{"name":"wp","href":"https:\/\/api.w.org\/{rel}","templated":true}]}}