{"id":2566,"date":"2023-08-22T10:10:22","date_gmt":"2023-08-22T10:10:22","guid":{"rendered":"https:\/\/yorumezsagir.com\/?page_id=2566"},"modified":"2023-08-22T15:49:07","modified_gmt":"2023-08-22T15:49:07","slug":"miras-hukuku","status":"publish","type":"page","link":"https:\/\/yorumezsagir.com\/fr\/domain-de-competence\/succession\/","title":{"rendered":"Droits de succession"},"content":{"rendered":"<div class=\"vc_row wpb_row vc_row-fluid bg-image-ps-inherit\"><div class=\"wpb_column vc_column_container vc_col-sm-8\"><div class=\"vc_column-inner\"><div class=\"wpb_wrapper\"><div id=\"ct-heading\" class=\"ct-heading  style1 align-left align-left-md align-left-sm align-left-xs\">\n    \n    \n                <h3 class=\"ct-heading-tag\" >\n        Droits de succession    <\/h3>\n        <\/div><div class=\"vc_message_box vc_message_box-outline vc_message_box-rounded vc_color-info\" ><div class=\"vc_message_box-icon\"><i class=\"fas fa-info-circle\"><\/i><\/div><p>C\u2019est une branche du droit priv\u00e9 qui examine comment la succession des biens patrimoniaux sera partag\u00e9e entre les h\u00e9ritiers l\u00e9gaux et les autres h\u00e9ritiers et comment et dans quel ordre les dettes seront pay\u00e9es en cas de d\u00e9c\u00e8s, apr\u00e8s la d\u00e9cision de l\u2019absence ou en pr\u00e9sence de pr\u00e9somption de d\u00e9c\u00e8s et des \u00e9conomies li\u00e9es au d\u00e9c\u00e8s que les gens veulent faire sur leurs biens apr\u00e8s leur d\u00e9c\u00e8s.<\/p>\n<p>En tant que Y&amp;S Law and Consultancy Office, nous fournissons des services de conseil et de repr\u00e9sentation \u00e0 nos clients dans des questions telles que la pr\u00e9paration d\u2019un testament, un contrat d\u2019h\u00e9ritage, un accord de renonciation \u00e0 l\u2019h\u00e9ritage et un contrat de pension alimentaire jusqu\u2019au d\u00e9c\u00e8s; cas de refus d\u2019h\u00e9ritage; les cas de privation; la cessation de la propri\u00e9t\u00e9 de la succession en cas de participation par l\u2019\u00e9limination de la soci\u00e9t\u00e9 de personnes; la d\u00e9tection et la gestion de la succession; les cas de r\u00e9mun\u00e9ration en raison d\u2019un h\u00e9ritage; les cas de critique et d\u2019autres cas semblables.<\/p>\n<\/div><\/div><\/div><\/div><div class=\"wpb_column vc_column_container vc_col-sm-4\"><div class=\"vc_column-inner\"><div class=\"wpb_wrapper\"><div class=\"ct-button-wrapper align-left align-left-md align-left-sm align-left-xs\">\n\n    <a  href=\"https:\/\/yorumezsagir.com\/fr\/domain-de-competence\/technologies\/\" target=\"_self\" class=\"btn  btn-gray size-default\">\n        <span>Droit des technologies de l\u2019information<\/span>\n            <\/a>\n\n<\/div><div class=\"vc_empty_space\"   style=\"height: 10px\"><span class=\"vc_empty_space_inner\"><\/span><\/div><div class=\"ct-button-wrapper align-left align-left-md align-left-sm align-left-xs\">\n\n    <a  href=\"https:\/\/yorumezsagir.com\/fr\/domain-de-competence\/penal\/\" target=\"_self\" class=\"btn  btn-gray size-lg\">\n        <span>Le droit p\u00e9nal<\/span>\n            <\/a>\n\n<\/div><div class=\"vc_empty_space\"   style=\"height: 10px\"><span class=\"vc_empty_space_inner\"><\/span><\/div><div class=\"ct-button-wrapper align-left align-left-md align-left-sm align-left-xs\">\n\n    <a  href=\"https:\/\/yorumezsagir.com\/fr\/domain-de-competence\/intellectuelle-et-industrielle\/\" target=\"_self\" class=\"btn  btn-gray size-lg\">\n        <span>Les droits de propri\u00e9t\u00e9 intellectuelle et industrielle<\/span>\n            <\/a>\n\n<\/div><div class=\"vc_empty_space\"   style=\"height: 10px\"><span class=\"vc_empty_space_inner\"><\/span><\/div><div class=\"ct-button-wrapper align-left align-left-md align-left-sm align-left-xs\">\n\n    <a  href=\"https:\/\/yorumezsagir.com\/fr\/domain-de-competence\/immobilier\/\" target=\"_self\" class=\"btn  btn-gray size-lg\">\n        <span>Droit de l'immobilier<\/span>\n            <\/a>\n\n<\/div><div class=\"vc_empty_space\"   style=\"height: 10px\"><span class=\"vc_empty_space_inner\"><\/span><\/div><div class=\"ct-button-wrapper align-left align-left-md align-left-sm align-left-xs\">\n\n    <a  href=\"https:\/\/yorumezsagir.com\/fr\/domain-de-competence\/administratif\/\" target=\"_self\" class=\"btn  btn-gray size-lg\">\n        <span>Le droit administratif<\/span>\n            <\/a>\n\n<\/div><div class=\"vc_empty_space\"   style=\"height: 10px\"><span class=\"vc_empty_space_inner\"><\/span><\/div><div class=\"ct-button-wrapper align-left align-left-md align-left-sm align-left-xs\">\n\n    <a  href=\"https:\/\/yorumezsagir.com\/fr\/domain-de-competence\/faillite\/\" target=\"_self\" class=\"btn  btn-gray size-lg\">\n        <span>Loi sur l\u2019ex\u00e9cution et la faillite<\/span>\n            <\/a>\n\n<\/div><div class=\"vc_empty_space\"   style=\"height: 10px\"><span class=\"vc_empty_space_inner\"><\/span><\/div><div class=\"ct-button-wrapper align-left align-left-md align-left-sm align-left-xs\">\n\n    <a  href=\"https:\/\/yorumezsagir.com\/fr\/domain-de-competence\/securite-sociale\/\" target=\"_self\" class=\"btn  btn-gray size-lg\">\n        <span>Droit du travail et droit de la s\u00e9curit\u00e9 sociale<\/span>\n            <\/a>\n\n<\/div><div class=\"vc_empty_space\"   style=\"height: 10px\"><span class=\"vc_empty_space_inner\"><\/span><\/div><div class=\"ct-button-wrapper align-left align-left-md align-left-sm align-left-xs\">\n\n    <a  href=\"https:\/\/yorumezsagir.com\/fr\/domain-de-competence\/droit-des-donnees-personnelles\/\" target=\"_self\" class=\"btn  btn-gray size-lg\">\n        <span>Droit des donn\u00e9es personnelles<\/span>\n            <\/a>\n\n<\/div><div class=\"vc_empty_space\"   style=\"height: 10px\"><span class=\"vc_empty_space_inner\"><\/span><\/div><div class=\"ct-button-wrapper align-left align-left-md align-left-sm align-left-xs\">\n\n    <a  href=\"https:\/\/yorumezsagir.com\/fr\/domain-de-competence\/succession\/\" target=\"_self\" class=\"btn  btn-default size-lg\">\n        <span>Droits de succession<\/span>\n            <\/a>\n\n<\/div><div class=\"vc_empty_space\"   style=\"height: 10px\"><span class=\"vc_empty_space_inner\"><\/span><\/div><div class=\"ct-button-wrapper align-left align-left-md align-left-sm align-left-xs\">\n\n    <a  href=\"https:\/\/yorumezsagir.com\/fr\/domain-de-competence\/sport\/\" target=\"_self\" class=\"btn  btn-gray size-lg\">\n        <span>Droit du sport<\/span>\n            <\/a>\n\n<\/div><div class=\"vc_empty_space\"   style=\"height: 10px\"><span class=\"vc_empty_space_inner\"><\/span><\/div><div class=\"ct-button-wrapper align-left align-left-md align-left-sm align-left-xs\">\n\n    <a  href=\"https:\/\/yorumezsagir.com\/fr\/domain-de-competence\/entreprise\/\" target=\"_self\" class=\"btn  btn-gray size-lg\">\n        <span>Droit de l'Entreprise<\/span>\n            <\/a>\n\n<\/div><div class=\"vc_empty_space\"   style=\"height: 10px\"><span class=\"vc_empty_space_inner\"><\/span><\/div><div class=\"ct-button-wrapper align-left align-left-md align-left-sm align-left-xs\">\n\n    <a  href=\"https:\/\/yorumezsagir.com\/fr\/domain-de-competence\/international\/\" target=\"_self\" class=\"btn  btn-gray size-lg\">\n        <span>Droit Commercial \u0130nternational<\/span>\n            <\/a>\n\n<\/div><div class=\"vc_empty_space\"   style=\"height: 10px\"><span class=\"vc_empty_space_inner\"><\/span><\/div><div class=\"ct-button-wrapper align-left align-left-md align-left-sm align-left-xs\">\n\n    <a  href=\"https:\/\/yorumezsagir.com\/fr\/domain-de-competence\/fiscal\/\" target=\"_self\" class=\"btn  btn-gray size-lg\">\n        <span>Droit Fiscal<\/span>\n            <\/a>\n\n<\/div><div class=\"vc_empty_space\"   style=\"height: 10px\"><span class=\"vc_empty_space_inner\"><\/span><\/div><div class=\"ct-button-wrapper align-left align-left-md align-left-sm align-left-xs\">\n\n    <a  href=\"https:\/\/yorumezsagir.com\/fr\/domain-de-competence\/citoyennete\/\" target=\"_self\" class=\"btn  btn-gray size-lg\">\n        <span>Droit des \u00c9trangers et la Citoyennet\u00e9<\/span>\n            <\/a>\n\n<\/div><div class=\"vc_empty_space\"   style=\"height: 10px\"><span class=\"vc_empty_space_inner\"><\/span><\/div><\/div><\/div><\/div><\/div>","protected":false},"excerpt":{"rendered":"Miras Hukuku Miras hukuku insanlar\u0131n \u00f6l\u00fcmlerinden sonra mallar\u0131 \u00fczerinde yapmak istedikleri \u00f6l\u00fcme ba\u011fl\u0131 tasarruflar\u0131 ve \u00f6l\u00fcmleri halinde gaipli\u011finde karar verilmesinden sonra veya \u00f6l\u00fcm karinesinin varl\u0131\u011f\u0131 halinde mirasa konu mallar\u0131n\u0131n tereklerinin yasal miras\u00e7\u0131lar ve di\u011fer miras\u015f\u00e7\u0131lar aras\u0131nda ne \u015fekilde payla\u015ft\u0131r\u0131laca\u011f\u0131n\u0131 bor\u00e7lar\u0131n\u0131n nas\u0131l ve hangi s\u0131rayla \u00f6denece\u011fini inceleyen bir \u00f6zel hukuk dal\u0131d\u0131r. Y&amp;S Hukuk ve Dan\u0131\u015fmanl\u0131k B\u00fcrosu [...]","protected":false},"author":1,"featured_media":0,"parent":232,"menu_order":0,"comment_status":"closed","ping_status":"closed","template":"","meta":{"footnotes":""},"class_list":["post-2566","page","type-page","status-publish","hentry"],"_links":{"self":[{"href":"https:\/\/yorumezsagir.com\/fr\/wp-json\/wp\/v2\/pages\/2566","targetHints":{"allow":["GET"]}}],"collection":[{"href":"https:\/\/yorumezsagir.com\/fr\/wp-json\/wp\/v2\/pages"}],"about":[{"href":"https:\/\/yorumezsagir.com\/fr\/wp-json\/wp\/v2\/types\/page"}],"author":[{"embeddable":true,"href":"https:\/\/yorumezsagir.com\/fr\/wp-json\/wp\/v2\/users\/1"}],"replies":[{"embeddable":true,"href":"https:\/\/yorumezsagir.com\/fr\/wp-json\/wp\/v2\/comments?post=2566"}],"version-history":[{"count":2,"href":"https:\/\/yorumezsagir.com\/fr\/wp-json\/wp\/v2\/pages\/2566\/revisions"}],"predecessor-version":[{"id":2593,"href":"https:\/\/yorumezsagir.com\/fr\/wp-json\/wp\/v2\/pages\/2566\/revisions\/2593"}],"up":[{"embeddable":true,"href":"https:\/\/yorumezsagir.com\/fr\/wp-json\/wp\/v2\/pages\/232"}],"wp:attachment":[{"href":"https:\/\/yorumezsagir.com\/fr\/wp-json\/wp\/v2\/media?parent=2566"}],"curies":[{"name":"wp","href":"https:\/\/api.w.org\/{rel}","templated":true}]}}